{"id":1853,"date":"2018-04-30T13:47:28","date_gmt":"2018-04-30T13:47:28","guid":{"rendered":"http:\/\/farmscale.it\/?page_id=1853"},"modified":"2018-04-30T13:47:28","modified_gmt":"2018-04-30T13:47:28","slug":"wir-ueber-uns","status":"publish","type":"page","link":"https:\/\/farmscale.it\/de\/wir-ueber-uns\/","title":{"rendered":"Wir \u00dcber Uns"},"content":{"rendered":"<div id='av-layout-grid-1'  class='av-layout-grid-container entry-content-wrapper main_color av-flex-cells     avia-builder-el-0  el_before_av_section  avia-builder-el-first  container_wrap sidebar_right' style=' '  >\n<div class=\"flex_cell no_margin av_one_half  avia-builder-el-1  el_before_av_cell_one_half  avia-builder-el-first   avia-full-stretch \"  style='height:500px; min-height:500px;vertical-align:middle; padding:80px; background-color:#22689e; ' ><div class='flex_cell_inner' ><p><div  style='padding-bottom:25px; color:#ffffff;font-size:25px;' class='av-special-heading av-special-heading-h1 custom-color-heading blockquote modern-quote  avia-builder-el-2  el_before_av_textblock  avia-builder-el-first  av-inherit-size '><h1 class='av-special-heading-tag '  itemprop=\"headline\"  >FarmScale<\/h1><div class ='av-subheading av-subheading_below av_custom_color ' style='font-size:17px;'><p>PERIN WEIGHMASTER SRL<\/p>\n<\/div><div class='special-heading-border'><div class='special-heading-inner-border' style='border-color:#ffffff'><\/div><\/div><\/div><br \/>\n<section class=\"av_textblock_section \"  itemscope=\"itemscope\" itemtype=\"https:\/\/schema.org\/CreativeWork\" ><div class='avia_textblock  av_inherit_color '  style='color:#ffffff; '  itemprop=\"text\" ><p>Auch bekannt als <strong>FARMSCALE<\/strong>, arbeitet mit Wiegesystemen auf agro-zootechnischem Gebiet und industriellem Gebiet seit 1972.<\/p>\n<\/div><\/section><\/p>\n<\/div><\/div><div class=\"flex_cell no_margin av_one_half  avia-builder-el-4  el_after_av_cell_one_half  avia-builder-el-last   avia-full-stretch \"  style='height:500px; min-height:500px;background:url(https:\/\/farmscale.it\/wp-content\/uploads\/2018\/04\/perin-farm-scale.jpg) center center no-repeat scroll; vertical-align:middle; padding:80px; background-color:#22689e; ' ><div class='flex_cell_inner' ><\/div><\/div><\/div><div id='av_section_1'  class='avia-section main_color avia-section-huge avia-no-border-styling  avia-bg-style-scroll  avia-builder-el-5  el_after_av_layout_row  avia-builder-el-last   container_wrap sidebar_right' style=' '  ><div class='container' ><div class='template-page content  av-content-small alpha units'><div class='post-entry post-entry-type-page post-entry-1853'><div class='entry-content-wrapper clearfix'>\n<div class=\"flex_column av_one_half  av-animated-generic bottom-to-top  flex_column_div av-zero-column-padding first  avia-builder-el-6  el_before_av_one_half  avia-builder-el-first  \" style='border-radius:0px; '><section class=\"av_textblock_section \"  itemscope=\"itemscope\" itemtype=\"https:\/\/schema.org\/CreativeWork\" ><div class='avia_textblock  '   itemprop=\"text\" ><p><strong>Perin Weighmaster S.r.l.<\/strong>, auch bekannt als <strong>FARMSCALE<\/strong>, arbeitet mit Wiegesystemen auf agro-zootechnischem Gebiet und industriellem Gebiet seit 1972. Am Anfang importierte die Firma Amerikanische Systeme, die danach sie wiederverkaufte, installierte und f\u00fcr die sie Hilfe leistete.<\/p>\n<p>Dank eines Direktkontaktes mit den Benutzern, wurden bald die Informationen und die Erfahrungen aufgenommen, um die Nachfragen des Kundes v\u00f6llig zu bedienen.<br \/>\nSeit 1980 hat Perin Weighmaster ihre Apparaturen und Wiegezellen geplant und hergestellt, die f\u00fcr ihre Einfachheit und Betriebssicherheit gro\u00dfen Erfolg auf den Markt gefunden haben.<\/p>\n<\/div><\/section><\/div><div class=\"flex_column av_one_half  av-animated-generic bottom-to-top  flex_column_div av-zero-column-padding   avia-builder-el-8  el_after_av_one_half  avia-builder-el-last  \" style='border-radius:0px; '><section class=\"av_textblock_section \"  itemscope=\"itemscope\" itemtype=\"https:\/\/schema.org\/CreativeWork\" ><div class='avia_textblock  '   itemprop=\"text\" ><p>Die bedeutende Erfahrung, die wir w\u00e4hrend dieser Jahren erworben haben, hat uns erlaubt, eine gro\u00dfe Produktpalette, bekannt als <strong>FARMSCALE<\/strong>, herzustellen. Diese Palette besteht die tats\u00e4chliche Anforderungen auf Landwirtschaft und Tierf\u00fctterung und beachtet die Anlagekosten und die Wartungskosten.<\/p>\n<p>Die B\u00fcros und der Produktionsbetrieb sind in Italien in der N\u00e4he von Mailand auf einer Fl\u00e4che von mehr als 1500 qm. Die Auswahl der Produkten l\u00e4uft von der einfachen Gewichtsanzeigen (f\u00fcr Benutzer die mit elektronischen Wiegesystemen keine Vertrautheit haben) nach den forschrittlichen Ger\u00e4ten, die die Mengen, das \u00dcbergewicht, die Kosten automatisch berechnen k\u00f6nnen.<\/p>\n<\/div><\/section><\/div><\/div><\/div><\/div><!-- close content main div --><\/div><\/div><div id='after_section_1'  class='main_color av_default_container_wrap container_wrap sidebar_right' style=' '  ><div class='container' ><div class='template-page content  av-content-small alpha units'><div class='post-entry post-entry-type-page post-entry-1853'><div class='entry-content-wrapper clearfix'><\/p>\n","protected":false},"excerpt":{"rendered":"","protected":false},"author":1,"featured_media":0,"parent":0,"menu_order":0,"comment_status":"closed","ping_status":"closed","template":"","meta":{"footnotes":""},"class_list":["post-1853","page","type-page","status-publish","hentry"],"yoast_head":"<!-- This site is optimized with the Yoast SEO plugin v27.3 - https:\/\/yoast.com\/product\/yoast-seo-wordpress\/ -->\n<title>Wir \u00dcber Uns - Farm Scale elektronischen Wiegesystemen<\/title>\n<meta name=\"robots\" content=\"index, follow, max-snippet:-1, max-image-preview:large, max-video-preview:-1\" \/>\n<link rel=\"canonical\" href=\"https:\/\/farmscale.it\/de\/wir-ueber-uns\/\" \/>\n<meta property=\"og:locale\" content=\"de_DE\" \/>\n<meta property=\"og:type\" content=\"article\" \/>\n<meta property=\"og:title\" content=\"Wir \u00dcber Uns - Farm Scale elektronischen Wiegesystemen\" \/>\n<meta property=\"og:url\" content=\"https:\/\/farmscale.it\/de\/wir-ueber-uns\/\" \/>\n<meta property=\"og:site_name\" content=\"Farm Scale elektronischen Wiegesystemen\" \/>\n<meta property=\"article:publisher\" content=\"https:\/\/www.facebook.com\/Perin-Weighmaster-1129543610407203\" \/>\n<meta name=\"twitter:card\" content=\"summary_large_image\" \/>\n<meta name=\"twitter:label1\" content=\"Gesch\u00e4tzte Lesezeit\" \/>\n\t<meta name=\"twitter:data1\" content=\"3\u00a0Minuten\" \/>\n<script type=\"application\/ld+json\" class=\"yoast-schema-graph\">{\"@context\":\"https:\\\/\\\/schema.org\",\"@graph\":[{\"@type\":\"WebPage\",\"@id\":\"https:\\\/\\\/farmscale.it\\\/de\\\/wir-ueber-uns\\\/\",\"url\":\"https:\\\/\\\/farmscale.it\\\/de\\\/wir-ueber-uns\\\/\",\"name\":\"Wir \u00dcber Uns - Farm Scale elektronischen Wiegesystemen\",\"isPartOf\":{\"@id\":\"https:\\\/\\\/farmscale.it\\\/de\\\/#website\"},\"datePublished\":\"2018-04-30T13:47:28+00:00\",\"breadcrumb\":{\"@id\":\"https:\\\/\\\/farmscale.it\\\/de\\\/wir-ueber-uns\\\/#breadcrumb\"},\"inLanguage\":\"de\",\"potentialAction\":[{\"@type\":\"ReadAction\",\"target\":[\"https:\\\/\\\/farmscale.it\\\/de\\\/wir-ueber-uns\\\/\"]}]},{\"@type\":\"BreadcrumbList\",\"@id\":\"https:\\\/\\\/farmscale.it\\\/de\\\/wir-ueber-uns\\\/#breadcrumb\",\"itemListElement\":[{\"@type\":\"ListItem\",\"position\":1,\"name\":\"Home\",\"item\":\"https:\\\/\\\/farmscale.it\\\/de\\\/\"},{\"@type\":\"ListItem\",\"position\":2,\"name\":\"Wir \u00dcber Uns\"}]},{\"@type\":\"WebSite\",\"@id\":\"https:\\\/\\\/farmscale.it\\\/de\\\/#website\",\"url\":\"https:\\\/\\\/farmscale.it\\\/de\\\/\",\"name\":\"Farm Scale elektronischen Wiegesystemen\",\"description\":\"Just another WordPress site\",\"potentialAction\":[{\"@type\":\"SearchAction\",\"target\":{\"@type\":\"EntryPoint\",\"urlTemplate\":\"https:\\\/\\\/farmscale.it\\\/de\\\/?s={search_term_string}\"},\"query-input\":{\"@type\":\"PropertyValueSpecification\",\"valueRequired\":true,\"valueName\":\"search_term_string\"}}],\"inLanguage\":\"de\"}]}<\/script>\n<!-- \/ Yoast SEO plugin. -->","yoast_head_json":{"title":"Wir \u00dcber Uns - Farm Scale elektronischen Wiegesystemen","robots":{"index":"index","follow":"follow","max-snippet":"max-snippet:-1","max-image-preview":"max-image-preview:large","max-video-preview":"max-video-preview:-1"},"canonical":"https:\/\/farmscale.it\/de\/wir-ueber-uns\/","og_locale":"de_DE","og_type":"article","og_title":"Wir \u00dcber Uns - Farm Scale elektronischen Wiegesystemen","og_url":"https:\/\/farmscale.it\/de\/wir-ueber-uns\/","og_site_name":"Farm Scale elektronischen Wiegesystemen","article_publisher":"https:\/\/www.facebook.com\/Perin-Weighmaster-1129543610407203","twitter_card":"summary_large_image","twitter_misc":{"Gesch\u00e4tzte Lesezeit":"3\u00a0Minuten"},"schema":{"@context":"https:\/\/schema.org","@graph":[{"@type":"WebPage","@id":"https:\/\/farmscale.it\/de\/wir-ueber-uns\/","url":"https:\/\/farmscale.it\/de\/wir-ueber-uns\/","name":"Wir \u00dcber Uns - Farm Scale elektronischen Wiegesystemen","isPartOf":{"@id":"https:\/\/farmscale.it\/de\/#website"},"datePublished":"2018-04-30T13:47:28+00:00","breadcrumb":{"@id":"https:\/\/farmscale.it\/de\/wir-ueber-uns\/#breadcrumb"},"inLanguage":"de","potentialAction":[{"@type":"ReadAction","target":["https:\/\/farmscale.it\/de\/wir-ueber-uns\/"]}]},{"@type":"BreadcrumbList","@id":"https:\/\/farmscale.it\/de\/wir-ueber-uns\/#breadcrumb","itemListElement":[{"@type":"ListItem","position":1,"name":"Home","item":"https:\/\/farmscale.it\/de\/"},{"@type":"ListItem","position":2,"name":"Wir \u00dcber Uns"}]},{"@type":"WebSite","@id":"https:\/\/farmscale.it\/de\/#website","url":"https:\/\/farmscale.it\/de\/","name":"Farm Scale elektronischen Wiegesystemen","description":"Just another WordPress site","potentialAction":[{"@type":"SearchAction","target":{"@type":"EntryPoint","urlTemplate":"https:\/\/farmscale.it\/de\/?s={search_term_string}"},"query-input":{"@type":"PropertyValueSpecification","valueRequired":true,"valueName":"search_term_string"}}],"inLanguage":"de"}]}},"_links":{"self":[{"href":"https:\/\/farmscale.it\/de\/wp-json\/wp\/v2\/pages\/1853","targetHints":{"allow":["GET"]}}],"collection":[{"href":"https:\/\/farmscale.it\/de\/wp-json\/wp\/v2\/pages"}],"about":[{"href":"https:\/\/farmscale.it\/de\/wp-json\/wp\/v2\/types\/page"}],"author":[{"embeddable":true,"href":"https:\/\/farmscale.it\/de\/wp-json\/wp\/v2\/users\/1"}],"replies":[{"embeddable":true,"href":"https:\/\/farmscale.it\/de\/wp-json\/wp\/v2\/comments?post=1853"}],"version-history":[{"count":0,"href":"https:\/\/farmscale.it\/de\/wp-json\/wp\/v2\/pages\/1853\/revisions"}],"wp:attachment":[{"href":"https:\/\/farmscale.it\/de\/wp-json\/wp\/v2\/media?parent=1853"}],"curies":[{"name":"wp","href":"https:\/\/api.w.org\/{rel}","templated":true}]}}