{"id":4069,"date":"2018-05-04T12:28:00","date_gmt":"2018-05-04T12:28:00","guid":{"rendered":"http:\/\/farmscale.it\/?page_id=4069"},"modified":"2020-10-23T19:35:10","modified_gmt":"2020-10-23T19:35:10","slug":"230-2","status":"publish","type":"page","link":"https:\/\/farmscale.it\/de\/230-2\/","title":{"rendered":"230"},"content":{"rendered":"<div id='av_section_1'  class='avia-section main_color avia-section-default avia-no-shadow  avia-bg-style-scroll  avia-builder-el-0  avia-builder-el-no-sibling   container_wrap sidebar_right' style=' '  ><div class='container' ><main  role=\"main\" itemprop=\"mainContentOfPage\"  class='template-page content  av-content-small alpha units'><div class='post-entry post-entry-type-page post-entry-4069'><div class='entry-content-wrapper clearfix'>\n<div   class='hr hr-default   avia-builder-el-1  el_before_av_one_half  avia-builder-el-first '><span class='hr-inner ' ><span class='hr-inner-style'><\/span><\/span><\/div>\n<div class=\"flex_column av_one_half  flex_column_div av-zero-column-padding first  avia-builder-el-2  el_after_av_hr  el_before_av_one_half  \" style='border-radius:0px; '><div   data-size='no scaling'  data-lightbox_size='large'  data-animation='fade'  data-conditional_play=''  data-ids='7558'  data-video_counter='0'  data-autoplay='true'  data-bg_slider='false'  data-slide_height=''  data-handle='av_slideshow'  data-interval='4'  data-class=' avia-builder-el-3  avia-builder-el-no-sibling  '  data-el_id=''  data-css_id=''  data-scroll_down=''  data-control_layout='av-control-minimal av-control-minimal-dark'  data-custom_markup=''  data-perma_caption=''  data-autoplay_stopper=''  data-image_attachment=''  data-min_height='0px'  data-lazy_loading='disabled'  class='avia-slideshow avia-slideshow-1  av-control-minimal av-control-minimal-dark av-default-height-applied avia-slideshow-no scaling av_slideshow  avia-builder-el-3  avia-builder-el-no-sibling   avia-fade-slider '  itemprop=\"image\" itemscope=\"itemscope\" itemtype=\"https:\/\/schema.org\/ImageObject\" ><ul class='avia-slideshow-inner ' style='padding-bottom: 78.425925925926%;' ><li  class=' av-single-slide slide-1 ' ><a href='https:\/\/farmscale.it\/wp-content\/uploads\/2020\/10\/230-1-1030x808.jpg' data-rel='slideshow-1' class='avia-slide-wrap '   ><img class=\"wp-image-7558 avia-img-lazy-loading-not-7558\"  src='https:\/\/farmscale.it\/wp-content\/uploads\/2020\/10\/230-1.jpg' width='1080' height='847' title='230-1' alt=''  itemprop=\"thumbnailUrl\"   \/><\/a><\/li><\/ul><\/div><\/div><div class=\"flex_column av_one_half  flex_column_div av-zero-column-padding   avia-builder-el-4  el_after_av_one_half  el_before_av_one_half  \" style='border-radius:0px; '><p><div  style='padding-bottom:0px; color:#000000;font-size:18px;' class='av-special-heading av-special-heading-h1 custom-color-heading blockquote modern-quote  avia-builder-el-5  el_before_av_heading  avia-builder-el-first  av-inherit-size '><h1 class='av-special-heading-tag '  itemprop=\"headline\"  >230<\/h1><div class='special-heading-border'><div class='special-heading-inner-border' style='border-color:#000000'><\/div><\/div><\/div><br \/>\n<div  style='padding-bottom:15px; color:#000000;font-size:15px;' class='av-special-heading av-special-heading-h1 custom-color-heading blockquote modern-quote  avia-builder-el-6  el_after_av_heading  el_before_av_textblock  av-inherit-size '><h1 class='av-special-heading-tag '  itemprop=\"headline\"  >Einfach &#8211; Akkurat &#8211; G\u00fcnstig<\/h1><div class='special-heading-border'><div class='special-heading-inner-border' style='border-color:#000000'><\/div><\/div><\/div><br \/>\n<section class=\"av_textblock_section \"  itemscope=\"itemscope\" itemtype=\"https:\/\/schema.org\/CreativeWork\" ><div class='avia_textblock  '   itemprop=\"text\" ><p>Die Anzeige Modell 230 ist das Ergebnis der Erfahrung von der Firma Perin Weighmaster, die immer zuverl\u00e4ssige und einfache L\u00f6sungen vorschl\u00e4gt. Der Benutzer kann mit partiellen Wiegen arbeiten, oder er kann eine Ladung\/Entladung oder eine Folge von 99 Ladungen\/Entladungen mit Alarm verwenden. Diese Folge ist leicht einstellbar (durch Druckknopf), in der Tat gibt es keine komplizierte Programmierungsprozedur zu machen. Diese Anzeige ist praktisch, deshalb wird sie sowohl auf angeh\u00e4ngten Wagen als auch auf Selbstfahrern benutzt. Das Ger\u00e4t ist mit automatischen und manuellen Tests ausgestattet. Diese Tests anzeigen Batteriezustand, Kurzer auf dem Alarm, defekte Kabel oder Wiegezellen.<\/p>\n<\/div><\/section><br \/>\n<div  style='padding-bottom:15px; color:#000000;font-size:15px;' class='av-special-heading av-special-heading-h1 custom-color-heading blockquote modern-quote  avia-builder-el-8  el_after_av_textblock  el_before_av_textblock  av-inherit-size '><h1 class='av-special-heading-tag '  itemprop=\"headline\"  >TECHNISCHE DATEN:<\/h1><div class='special-heading-border'><div class='special-heading-inner-border' style='border-color:#000000'><\/div><\/div><\/div><br \/>\n<section class=\"av_textblock_section \"  itemscope=\"itemscope\" itemtype=\"https:\/\/schema.org\/CreativeWork\" ><div class='avia_textblock  '   itemprop=\"text\" ><p>Versorgungsspannung 12\/24 Volts 0,3 Amp<br \/>\nLCD-Display beleuchtet: 5 Ziffern H 54 mm f\u00fcr das Gewicht und 2 Ziffern H 14 mm f\u00fcr die Ladungs\/Entladungspunkte<br \/>\nBetriebstemperatur: -20 \/ +40\u00b0C<br \/>\nBeh\u00e4lter: hermetische Geh\u00e4use aus ABS<br \/>\n99 programmierbare Alarmpunkte<br \/>\nAnzeiger: total\/net, tare, setup, program, alarm, execut, load, auto, step, kg\/lb<br \/>\nForalarm und Alarm bei jeder Ladung\/Entladung<br \/>\nTare, Kalibration, Division und Batterietest mittels Knopf<br \/>\nStecker Typ MIL f\u00fcr Versorgungsspannung und Wiegezellen<br \/>\nStarBUS Stecker (extra) f\u00fcr Fernanzeige (per Kabel oder per Funk)<br \/>\nVerwendbare Fernanzeigen mittels starbus Kabel von verschiedene L\u00e4nge (1-3-6-9-15 Meter) LCD REM 54 numerisch, schwarze Ziffern H 54 mm<br \/>\nLED REM 57 numerisch, rote Ziffern H 57 mm<\/p>\n<\/div><\/section><\/p><\/div><div class=\"flex_column av_one_half  flex_column_div av-zero-column-padding first  avia-builder-el-10  el_after_av_one_half  el_before_av_one_half  column-top-margin\" style='border-radius:0px; '><article  class=\"iconbox iconbox_right_content    avia-builder-el-11  avia-builder-el-no-sibling  av-icon-style-no-border\"  itemscope=\"itemscope\" itemtype=\"https:\/\/schema.org\/CreativeWork\" ><a href='https:\/\/farmscale.it\/wp-content\/uploads\/2020\/10\/230-D.pdf' title='Visualiza folleto:' target=\"_blank\" rel=\"noopener noreferrer\" class=\"iconbox_icon heading-color\" aria-hidden='true' data-av_icon='\uf1c1' data-av_iconfont='fontello' style='color:#d63333; '><\/a><div class=\"iconbox_content\"><header class=\"entry-content-header\"><h3 class='iconbox_content_title  '  itemprop=\"headline\"  ><a href='https:\/\/farmscale.it\/wp-content\/uploads\/2020\/10\/230-D.pdf' title='Visualiza folleto:' target=\"_blank\" rel=\"noopener noreferrer\">Visualiza folleto:<\/a><\/h3><\/header><div class='iconbox_content_container  '  itemprop=\"text\"  ><\/div><\/div><footer class=\"entry-footer\"><\/footer><\/article><\/div><div class=\"flex_column av_one_half  flex_column_div av-zero-column-padding   avia-builder-el-12  el_after_av_one_half  el_before_av_hr  column-top-margin\" style='border-radius:0px; '><article  class=\"iconbox iconbox_right_content    avia-builder-el-13  avia-builder-el-no-sibling  av-icon-style-no-border\"  itemscope=\"itemscope\" itemtype=\"https:\/\/schema.org\/CreativeWork\" ><div class=\"iconbox_icon heading-color\" aria-hidden='true' data-av_icon='\uf16a' data-av_iconfont='fontello'  style='color:#c12e2e; ' ><\/div><div class=\"iconbox_content\"><header class=\"entry-content-header\"><h3 class='iconbox_content_title  '  itemprop=\"headline\"  >Visualiza tutorial:<\/h3><\/header><div class='iconbox_content_container  '  itemprop=\"text\"  ><\/div><\/div><footer class=\"entry-footer\"><\/footer><\/article><\/div><div   class='hr hr-default   avia-builder-el-14  el_after_av_one_half  avia-builder-el-last '><span class='hr-inner ' ><span class='hr-inner-style'><\/span><\/span><\/div>\n<\/div><\/div><\/main><!-- close content main element --><\/div><\/div><div id='after_section_1'  class='main_color av_default_container_wrap container_wrap sidebar_right' style=' '  ><div class='container' ><div class='template-page content  av-content-small alpha units'><div class='post-entry post-entry-type-page post-entry-4069'><div class='entry-content-wrapper clearfix'>\n","protected":false},"excerpt":{"rendered":"","protected":false},"author":1,"featured_media":0,"parent":0,"menu_order":0,"comment_status":"open","ping_status":"closed","template":"","meta":{"footnotes":""},"class_list":["post-4069","page","type-page","status-publish","hentry"],"yoast_head":"<!-- This site is optimized with the Yoast SEO plugin v27.2 - https:\/\/yoast.com\/product\/yoast-seo-wordpress\/ -->\n<title>230 - Farm Scale elektronischen Wiegesystemen<\/title>\n<meta name=\"robots\" content=\"index, follow, max-snippet:-1, max-image-preview:large, max-video-preview:-1\" \/>\n<link rel=\"canonical\" href=\"https:\/\/farmscale.it\/de\/230-2\/\" \/>\n<meta property=\"og:locale\" content=\"de_DE\" \/>\n<meta property=\"og:type\" content=\"article\" \/>\n<meta property=\"og:title\" content=\"230 - Farm Scale elektronischen Wiegesystemen\" \/>\n<meta property=\"og:url\" content=\"https:\/\/farmscale.it\/de\/230-2\/\" \/>\n<meta property=\"og:site_name\" content=\"Farm Scale elektronischen Wiegesystemen\" \/>\n<meta property=\"article:publisher\" content=\"https:\/\/www.facebook.com\/Perin-Weighmaster-1129543610407203\" \/>\n<meta property=\"article:modified_time\" content=\"2020-10-23T19:35:10+00:00\" \/>\n<meta name=\"twitter:card\" content=\"summary_large_image\" \/>\n<meta name=\"twitter:label1\" content=\"Gesch\u00e4tzte Lesezeit\" \/>\n\t<meta name=\"twitter:data1\" content=\"7\u00a0Minuten\" \/>\n<script type=\"application\/ld+json\" class=\"yoast-schema-graph\">{\"@context\":\"https:\/\/schema.org\",\"@graph\":[{\"@type\":\"WebPage\",\"@id\":\"https:\/\/farmscale.it\/de\/230-2\/\",\"url\":\"https:\/\/farmscale.it\/de\/230-2\/\",\"name\":\"230 - Farm Scale elektronischen Wiegesystemen\",\"isPartOf\":{\"@id\":\"https:\/\/farmscale.it\/de\/#website\"},\"datePublished\":\"2018-05-04T12:28:00+00:00\",\"dateModified\":\"2020-10-23T19:35:10+00:00\",\"breadcrumb\":{\"@id\":\"https:\/\/farmscale.it\/de\/230-2\/#breadcrumb\"},\"inLanguage\":\"de\",\"potentialAction\":[{\"@type\":\"ReadAction\",\"target\":[\"https:\/\/farmscale.it\/de\/230-2\/\"]}]},{\"@type\":\"BreadcrumbList\",\"@id\":\"https:\/\/farmscale.it\/de\/230-2\/#breadcrumb\",\"itemListElement\":[{\"@type\":\"ListItem\",\"position\":1,\"name\":\"Home\",\"item\":\"https:\/\/farmscale.it\/de\/\"},{\"@type\":\"ListItem\",\"position\":2,\"name\":\"230\"}]},{\"@type\":\"WebSite\",\"@id\":\"https:\/\/farmscale.it\/de\/#website\",\"url\":\"https:\/\/farmscale.it\/de\/\",\"name\":\"Farm Scale elektronischen Wiegesystemen\",\"description\":\"Just another WordPress site\",\"potentialAction\":[{\"@type\":\"SearchAction\",\"target\":{\"@type\":\"EntryPoint\",\"urlTemplate\":\"https:\/\/farmscale.it\/de\/?s={search_term_string}\"},\"query-input\":{\"@type\":\"PropertyValueSpecification\",\"valueRequired\":true,\"valueName\":\"search_term_string\"}}],\"inLanguage\":\"de\"}]}<\/script>\n<!-- \/ Yoast SEO plugin. -->","yoast_head_json":{"title":"230 - Farm Scale elektronischen Wiegesystemen","robots":{"index":"index","follow":"follow","max-snippet":"max-snippet:-1","max-image-preview":"max-image-preview:large","max-video-preview":"max-video-preview:-1"},"canonical":"https:\/\/farmscale.it\/de\/230-2\/","og_locale":"de_DE","og_type":"article","og_title":"230 - Farm Scale elektronischen Wiegesystemen","og_url":"https:\/\/farmscale.it\/de\/230-2\/","og_site_name":"Farm Scale elektronischen Wiegesystemen","article_publisher":"https:\/\/www.facebook.com\/Perin-Weighmaster-1129543610407203","article_modified_time":"2020-10-23T19:35:10+00:00","twitter_card":"summary_large_image","twitter_misc":{"Gesch\u00e4tzte Lesezeit":"7\u00a0Minuten"},"schema":{"@context":"https:\/\/schema.org","@graph":[{"@type":"WebPage","@id":"https:\/\/farmscale.it\/de\/230-2\/","url":"https:\/\/farmscale.it\/de\/230-2\/","name":"230 - Farm Scale elektronischen Wiegesystemen","isPartOf":{"@id":"https:\/\/farmscale.it\/de\/#website"},"datePublished":"2018-05-04T12:28:00+00:00","dateModified":"2020-10-23T19:35:10+00:00","breadcrumb":{"@id":"https:\/\/farmscale.it\/de\/230-2\/#breadcrumb"},"inLanguage":"de","potentialAction":[{"@type":"ReadAction","target":["https:\/\/farmscale.it\/de\/230-2\/"]}]},{"@type":"BreadcrumbList","@id":"https:\/\/farmscale.it\/de\/230-2\/#breadcrumb","itemListElement":[{"@type":"ListItem","position":1,"name":"Home","item":"https:\/\/farmscale.it\/de\/"},{"@type":"ListItem","position":2,"name":"230"}]},{"@type":"WebSite","@id":"https:\/\/farmscale.it\/de\/#website","url":"https:\/\/farmscale.it\/de\/","name":"Farm Scale elektronischen Wiegesystemen","description":"Just another WordPress site","potentialAction":[{"@type":"SearchAction","target":{"@type":"EntryPoint","urlTemplate":"https:\/\/farmscale.it\/de\/?s={search_term_string}"},"query-input":{"@type":"PropertyValueSpecification","valueRequired":true,"valueName":"search_term_string"}}],"inLanguage":"de"}]}},"_links":{"self":[{"href":"https:\/\/farmscale.it\/de\/wp-json\/wp\/v2\/pages\/4069","targetHints":{"allow":["GET"]}}],"collection":[{"href":"https:\/\/farmscale.it\/de\/wp-json\/wp\/v2\/pages"}],"about":[{"href":"https:\/\/farmscale.it\/de\/wp-json\/wp\/v2\/types\/page"}],"author":[{"embeddable":true,"href":"https:\/\/farmscale.it\/de\/wp-json\/wp\/v2\/users\/1"}],"replies":[{"embeddable":true,"href":"https:\/\/farmscale.it\/de\/wp-json\/wp\/v2\/comments?post=4069"}],"version-history":[{"count":0,"href":"https:\/\/farmscale.it\/de\/wp-json\/wp\/v2\/pages\/4069\/revisions"}],"wp:attachment":[{"href":"https:\/\/farmscale.it\/de\/wp-json\/wp\/v2\/media?parent=4069"}],"curies":[{"name":"wp","href":"https:\/\/api.w.org\/{rel}","templated":true}]}}