{"id":4329,"date":"2018-05-04T16:37:07","date_gmt":"2018-05-04T16:37:07","guid":{"rendered":"http:\/\/farmscale.it\/?page_id=4329"},"modified":"2018-05-08T18:14:01","modified_gmt":"2018-05-08T18:14:01","slug":"1500r","status":"publish","type":"page","link":"https:\/\/farmscale.it\/de\/1500r\/","title":{"rendered":"1500R (cod. 828080)"},"content":{"rendered":"<div id='av_section_1'  class='avia-section main_color avia-section-default avia-no-shadow  avia-bg-style-scroll  avia-builder-el-0  avia-builder-el-no-sibling   container_wrap sidebar_right' style=' '  ><div class='container' ><main  role=\"main\" itemprop=\"mainContentOfPage\"  class='template-page content  av-content-small alpha units'><div class='post-entry post-entry-type-page post-entry-4329'><div class='entry-content-wrapper clearfix'>\n<div   class='hr hr-default   avia-builder-el-1  el_before_av_one_half  avia-builder-el-first '><span class='hr-inner ' ><span class='hr-inner-style'><\/span><\/span><\/div>\n<div class=\"flex_column av_one_half  flex_column_div av-zero-column-padding first  avia-builder-el-2  el_after_av_hr  el_before_av_one_half  \" style='border-radius:0px; '><div   data-size='no scaling'  data-lightbox_size='large'  data-animation='fade'  data-conditional_play=''  data-ids='4319'  data-video_counter='0'  data-autoplay='true'  data-bg_slider='false'  data-slide_height=''  data-handle='av_slideshow'  data-interval='4'  data-class=' avia-builder-el-3  avia-builder-el-no-sibling  '  data-el_id=''  data-css_id=''  data-scroll_down=''  data-control_layout='av-control-minimal av-control-minimal-dark'  data-custom_markup=''  data-perma_caption=''  data-autoplay_stopper=''  data-image_attachment=''  data-min_height='0px'  data-lazy_loading='disabled'  class='avia-slideshow avia-slideshow-1  av-control-minimal av-control-minimal-dark av-default-height-applied avia-slideshow-no scaling av_slideshow  avia-builder-el-3  avia-builder-el-no-sibling   avia-fade-slider '  itemprop=\"image\" itemscope=\"itemscope\" itemtype=\"https:\/\/schema.org\/ImageObject\" ><ul class='avia-slideshow-inner ' style='padding-bottom: 100.74074074074%;' ><li  class=' av-single-slide slide-1 ' ><a href='https:\/\/farmscale.it\/wp-content\/uploads\/2018\/05\/Ripetitore-1500-R-1022x1030.jpg' data-rel='slideshow-1' class='avia-slide-wrap '   ><img class=\"wp-image-6401 avia-img-lazy-loading-not-6401\"  src='https:\/\/farmscale.it\/wp-content\/uploads\/2018\/05\/Ripetitore-1500-R.jpg' width='1080' height='1088' title='Ripetitore-1500-R' alt=''  itemprop=\"thumbnailUrl\"   \/><\/a><\/li><\/ul><\/div><\/div><div class=\"flex_column av_one_half  flex_column_div av-zero-column-padding   avia-builder-el-4  el_after_av_one_half  el_before_av_hr  \" style='border-radius:0px; '><p><section class=\"av_textblock_section \"  itemscope=\"itemscope\" itemtype=\"https:\/\/schema.org\/CreativeWork\" ><div class='avia_textblock  '   itemprop=\"text\" ><p><strong>1500R<\/strong> (cod. 828080)<\/p>\n<\/div><\/section><br \/>\n<div  style='padding-bottom:15px; color:#000000;font-size:15px;' class='av-special-heading av-special-heading-h1 custom-color-heading blockquote modern-quote  avia-builder-el-6  el_after_av_textblock  el_before_av_textblock  av-inherit-size '><h1 class='av-special-heading-tag '  itemprop=\"headline\"  >Beschreibung<\/h1><div class='special-heading-border'><div class='special-heading-inner-border' style='border-color:#000000'><\/div><\/div><\/div><br \/>\n<section class=\"av_textblock_section \"  itemscope=\"itemscope\" itemtype=\"https:\/\/schema.org\/CreativeWork\" ><div class='avia_textblock  '   itemprop=\"text\" ><p>Dieses Display ist verwendbar mit Anzeigen 1500 \u2013 1510 \u2013 1520 &#8211; 1530 und interagiert mit ihnen mittels Funktionstasten und alphanumerischen Tasten.<br \/>\nEs ist anschlie\u00dfbar an der Anzeige mittels starbus Kabel oder per Radio mit einem Sende\/Empfangsger\u00e4t.<br \/>\nMan kann es in der Kabine f\u00fcr Traktor oder auf Teleskopmaschinen f\u00fcr die Ladung der Komponenten benutzen.<\/p>\n<p>Zahlenm\u00e4\u00dfiges LCD-Display beleuchtet f\u00fcr das Gewicht und die Rezept\/ Zutatnummer; alpha-numerisches LCD-Hilfsdisplay beleuchtet f\u00fcr die Hilfsrede und die Namen der Rezepten\/Zutaten\/Entladungsgruppen; Anzeigen auf Display geben die laufende Operation an; Befehlstasten f\u00fcr schnellen R\u00fcckruf der Operationen; alphanumerische Tastatur f\u00fcr eine einfache Eintragung der Werte und der Namen; Men\u00fc und Mitteilungen verf\u00fcgbare auf unterschiedliche Sprachen.<\/p>\n<\/div><\/section><br \/>\n<div  style='padding-bottom:15px; color:#000000;font-size:15px;' class='av-special-heading av-special-heading-h1 custom-color-heading blockquote modern-quote  avia-builder-el-8  el_after_av_textblock  el_before_av_textblock  av-inherit-size '><h1 class='av-special-heading-tag '  itemprop=\"headline\"  >MERKMALE:<\/h1><div class='special-heading-border'><div class='special-heading-inner-border' style='border-color:#000000'><\/div><\/div><\/div><br \/>\n<section class=\"av_textblock_section \"  itemscope=\"itemscope\" itemtype=\"https:\/\/schema.org\/CreativeWork\" ><div class='avia_textblock  '   itemprop=\"text\" ><p>&#8211; Versorgungsspannung: 12\/24 Volt 0,45 Amp<br \/>\n&#8211; Arbeitstemperatur -10\u00b0C \/ +40\u00b0C<br \/>\n&#8211; StarBUS Anschluss<\/p>\n<\/div><\/section><\/p><\/div><div   class='hr hr-default   avia-builder-el-10  el_after_av_one_half  avia-builder-el-last '><span class='hr-inner ' ><span class='hr-inner-style'><\/span><\/span><\/div>\n<\/div><\/div><\/main><!-- close content main element --><\/div><\/div><div id='after_section_1'  class='main_color av_default_container_wrap container_wrap sidebar_right' style=' '  ><div class='container' ><div class='template-page content  av-content-small alpha units'><div class='post-entry post-entry-type-page post-entry-4329'><div class='entry-content-wrapper clearfix'>\n","protected":false},"excerpt":{"rendered":"","protected":false},"author":1,"featured_media":0,"parent":0,"menu_order":0,"comment_status":"open","ping_status":"closed","template":"","meta":{"footnotes":""},"class_list":["post-4329","page","type-page","status-publish","hentry"],"yoast_head":"<!-- This site is optimized with the Yoast SEO plugin v27.3 - https:\/\/yoast.com\/product\/yoast-seo-wordpress\/ -->\n<title>1500R (cod. 828080) - Farm Scale elektronischen Wiegesystemen<\/title>\n<meta name=\"robots\" content=\"index, follow, max-snippet:-1, max-image-preview:large, max-video-preview:-1\" \/>\n<link rel=\"canonical\" href=\"https:\/\/farmscale.it\/de\/1500r\/\" \/>\n<meta property=\"og:locale\" content=\"de_DE\" \/>\n<meta property=\"og:type\" content=\"article\" \/>\n<meta property=\"og:title\" content=\"1500R (cod. 828080) - Farm Scale elektronischen Wiegesystemen\" \/>\n<meta property=\"og:url\" content=\"https:\/\/farmscale.it\/de\/1500r\/\" \/>\n<meta property=\"og:site_name\" content=\"Farm Scale elektronischen Wiegesystemen\" \/>\n<meta property=\"article:publisher\" content=\"https:\/\/www.facebook.com\/Perin-Weighmaster-1129543610407203\" \/>\n<meta property=\"article:modified_time\" content=\"2018-05-08T18:14:01+00:00\" \/>\n<meta name=\"twitter:card\" content=\"summary_large_image\" \/>\n<meta name=\"twitter:label1\" content=\"Gesch\u00e4tzte Lesezeit\" \/>\n\t<meta name=\"twitter:data1\" content=\"4\u00a0Minuten\" \/>\n<script type=\"application\/ld+json\" class=\"yoast-schema-graph\">{\"@context\":\"https:\\\/\\\/schema.org\",\"@graph\":[{\"@type\":\"WebPage\",\"@id\":\"https:\\\/\\\/farmscale.it\\\/de\\\/1500r\\\/\",\"url\":\"https:\\\/\\\/farmscale.it\\\/de\\\/1500r\\\/\",\"name\":\"1500R (cod. 828080) - Farm Scale elektronischen Wiegesystemen\",\"isPartOf\":{\"@id\":\"https:\\\/\\\/farmscale.it\\\/de\\\/#website\"},\"datePublished\":\"2018-05-04T16:37:07+00:00\",\"dateModified\":\"2018-05-08T18:14:01+00:00\",\"breadcrumb\":{\"@id\":\"https:\\\/\\\/farmscale.it\\\/de\\\/1500r\\\/#breadcrumb\"},\"inLanguage\":\"de\",\"potentialAction\":[{\"@type\":\"ReadAction\",\"target\":[\"https:\\\/\\\/farmscale.it\\\/de\\\/1500r\\\/\"]}]},{\"@type\":\"BreadcrumbList\",\"@id\":\"https:\\\/\\\/farmscale.it\\\/de\\\/1500r\\\/#breadcrumb\",\"itemListElement\":[{\"@type\":\"ListItem\",\"position\":1,\"name\":\"Home\",\"item\":\"https:\\\/\\\/farmscale.it\\\/de\\\/\"},{\"@type\":\"ListItem\",\"position\":2,\"name\":\"1500R (cod. 828080)\"}]},{\"@type\":\"WebSite\",\"@id\":\"https:\\\/\\\/farmscale.it\\\/de\\\/#website\",\"url\":\"https:\\\/\\\/farmscale.it\\\/de\\\/\",\"name\":\"Farm Scale elektronischen Wiegesystemen\",\"description\":\"Just another WordPress site\",\"potentialAction\":[{\"@type\":\"SearchAction\",\"target\":{\"@type\":\"EntryPoint\",\"urlTemplate\":\"https:\\\/\\\/farmscale.it\\\/de\\\/?s={search_term_string}\"},\"query-input\":{\"@type\":\"PropertyValueSpecification\",\"valueRequired\":true,\"valueName\":\"search_term_string\"}}],\"inLanguage\":\"de\"}]}<\/script>\n<!-- \/ Yoast SEO plugin. -->","yoast_head_json":{"title":"1500R (cod. 828080) - Farm Scale elektronischen Wiegesystemen","robots":{"index":"index","follow":"follow","max-snippet":"max-snippet:-1","max-image-preview":"max-image-preview:large","max-video-preview":"max-video-preview:-1"},"canonical":"https:\/\/farmscale.it\/de\/1500r\/","og_locale":"de_DE","og_type":"article","og_title":"1500R (cod. 828080) - Farm Scale elektronischen Wiegesystemen","og_url":"https:\/\/farmscale.it\/de\/1500r\/","og_site_name":"Farm Scale elektronischen Wiegesystemen","article_publisher":"https:\/\/www.facebook.com\/Perin-Weighmaster-1129543610407203","article_modified_time":"2018-05-08T18:14:01+00:00","twitter_card":"summary_large_image","twitter_misc":{"Gesch\u00e4tzte Lesezeit":"4\u00a0Minuten"},"schema":{"@context":"https:\/\/schema.org","@graph":[{"@type":"WebPage","@id":"https:\/\/farmscale.it\/de\/1500r\/","url":"https:\/\/farmscale.it\/de\/1500r\/","name":"1500R (cod. 828080) - Farm Scale elektronischen Wiegesystemen","isPartOf":{"@id":"https:\/\/farmscale.it\/de\/#website"},"datePublished":"2018-05-04T16:37:07+00:00","dateModified":"2018-05-08T18:14:01+00:00","breadcrumb":{"@id":"https:\/\/farmscale.it\/de\/1500r\/#breadcrumb"},"inLanguage":"de","potentialAction":[{"@type":"ReadAction","target":["https:\/\/farmscale.it\/de\/1500r\/"]}]},{"@type":"BreadcrumbList","@id":"https:\/\/farmscale.it\/de\/1500r\/#breadcrumb","itemListElement":[{"@type":"ListItem","position":1,"name":"Home","item":"https:\/\/farmscale.it\/de\/"},{"@type":"ListItem","position":2,"name":"1500R (cod. 828080)"}]},{"@type":"WebSite","@id":"https:\/\/farmscale.it\/de\/#website","url":"https:\/\/farmscale.it\/de\/","name":"Farm Scale elektronischen Wiegesystemen","description":"Just another WordPress site","potentialAction":[{"@type":"SearchAction","target":{"@type":"EntryPoint","urlTemplate":"https:\/\/farmscale.it\/de\/?s={search_term_string}"},"query-input":{"@type":"PropertyValueSpecification","valueRequired":true,"valueName":"search_term_string"}}],"inLanguage":"de"}]}},"_links":{"self":[{"href":"https:\/\/farmscale.it\/de\/wp-json\/wp\/v2\/pages\/4329","targetHints":{"allow":["GET"]}}],"collection":[{"href":"https:\/\/farmscale.it\/de\/wp-json\/wp\/v2\/pages"}],"about":[{"href":"https:\/\/farmscale.it\/de\/wp-json\/wp\/v2\/types\/page"}],"author":[{"embeddable":true,"href":"https:\/\/farmscale.it\/de\/wp-json\/wp\/v2\/users\/1"}],"replies":[{"embeddable":true,"href":"https:\/\/farmscale.it\/de\/wp-json\/wp\/v2\/comments?post=4329"}],"version-history":[{"count":0,"href":"https:\/\/farmscale.it\/de\/wp-json\/wp\/v2\/pages\/4329\/revisions"}],"wp:attachment":[{"href":"https:\/\/farmscale.it\/de\/wp-json\/wp\/v2\/media?parent=4329"}],"curies":[{"name":"wp","href":"https:\/\/api.w.org\/{rel}","templated":true}]}}