{"id":4434,"date":"2018-05-04T17:24:41","date_gmt":"2018-05-04T17:24:41","guid":{"rendered":"http:\/\/farmscale.it\/?page_id=4434"},"modified":"2018-05-05T13:41:09","modified_gmt":"2018-05-05T13:41:09","slug":"elektrische-bedienungen","status":"publish","type":"page","link":"https:\/\/farmscale.it\/de\/elektrische-bedienungen\/","title":{"rendered":"Elektrische Bedienungen"},"content":{"rendered":"<div id='av_section_1'  class='avia-section main_color avia-section-default avia-no-shadow  avia-bg-style-scroll  avia-builder-el-0  avia-builder-el-no-sibling   container_wrap sidebar_right' style=' '  ><div class='container' ><main  role=\"main\" itemprop=\"mainContentOfPage\"  class='template-page content  av-content-small alpha units'><div class='post-entry post-entry-type-page post-entry-4434'><div class='entry-content-wrapper clearfix'>\n<div   class='hr hr-default   avia-builder-el-1  el_before_av_one_half  avia-builder-el-first '><span class='hr-inner ' ><span class='hr-inner-style'><\/span><\/span><\/div>\n<div class=\"flex_column av_one_half  flex_column_div av-zero-column-padding first  avia-builder-el-2  el_after_av_hr  el_before_av_one_half  \" style='border-radius:0px; '><div   data-size='no scaling'  data-lightbox_size='large'  data-animation='fade'  data-conditional_play=''  data-ids='4422,4423,4424'  data-video_counter='0'  data-autoplay='true'  data-bg_slider='false'  data-slide_height=''  data-handle='av_slideshow'  data-interval='4'  data-class=' avia-builder-el-3  avia-builder-el-no-sibling  '  data-el_id=''  data-css_id=''  data-scroll_down=''  data-control_layout='av-control-minimal av-control-minimal-dark'  data-custom_markup=''  data-perma_caption=''  data-autoplay_stopper=''  data-image_attachment=''  data-min_height='0px'  data-lazy_loading='disabled'  class='avia-slideshow avia-slideshow-1  av-control-minimal av-control-minimal-dark av-default-height-applied avia-slideshow-no scaling av_slideshow  avia-builder-el-3  avia-builder-el-no-sibling   avia-fade-slider '  itemprop=\"image\" itemscope=\"itemscope\" itemtype=\"https:\/\/schema.org\/ImageObject\" ><ul class='avia-slideshow-inner ' style='padding-bottom: 100%;' ><li  class=' slide-1 ' ><a href='https:\/\/farmscale.it\/wp-content\/uploads\/2018\/05\/Comandi_Elettrici_1-1030x1030.jpg' data-rel='slideshow-1' class='avia-slide-wrap '   ><img class=\"wp-image-6497 avia-img-lazy-loading-not-6497\"  src='https:\/\/farmscale.it\/wp-content\/uploads\/2018\/05\/Comandi_Elettrici_1.jpg' width='1080' height='1080' title='Comandi_Elettrici_1' alt=''  itemprop=\"thumbnailUrl\"   \/><\/a><\/li><li  class=' slide-2 ' ><a href='https:\/\/farmscale.it\/wp-content\/uploads\/2018\/05\/Comandi_Elettrici_2-1030x1030.jpg' data-rel='slideshow-1' class='avia-slide-wrap '   ><img class=\"wp-image-6501 avia-img-lazy-loading-not-6501\"  src='https:\/\/farmscale.it\/wp-content\/uploads\/2018\/05\/Comandi_Elettrici_2.jpg' width='1080' height='1080' title='Comandi_Elettrici_2' alt=''  itemprop=\"thumbnailUrl\"   \/><\/a><\/li><li  class=' slide-3 ' ><a href='https:\/\/farmscale.it\/wp-content\/uploads\/2018\/05\/Comandi_Elettrici_3-1030x1030.jpg' data-rel='slideshow-1' class='avia-slide-wrap '   ><img class=\"wp-image-6505 avia-img-lazy-loading-not-6505\"  src='https:\/\/farmscale.it\/wp-content\/uploads\/2018\/05\/Comandi_Elettrici_3.jpg' width='1080' height='1080' title='Comandi_Elettrici_3' alt=''  itemprop=\"thumbnailUrl\"   \/><\/a><\/li><\/ul><div class='avia-slideshow-arrows avia-slideshow-controls'><a href='#prev' class='prev-slide' aria-hidden='true' data-av_icon='\ue87c' data-av_iconfont='entypo-fontello'>Zur\u00fcck<\/a><a href='#next' class='next-slide' aria-hidden='true' data-av_icon='\ue87d' data-av_iconfont='entypo-fontello'>Weiter<\/a><\/div><div class='avia-slideshow-dots avia-slideshow-controls'><a href='#1' class='goto-slide active' >1<\/a><a href='#2' class='goto-slide ' >2<\/a><a href='#3' class='goto-slide ' >3<\/a><\/div><\/div><\/div><div class=\"flex_column av_one_half  flex_column_div av-zero-column-padding   avia-builder-el-4  el_after_av_one_half  el_before_av_one_half  \" style='border-radius:0px; '><p><div  style='padding-bottom:15px; color:#000000;font-size:18px;' class='av-special-heading av-special-heading-h1 custom-color-heading blockquote modern-quote  avia-builder-el-5  el_before_av_textblock  avia-builder-el-first  av-inherit-size '><h1 class='av-special-heading-tag '  itemprop=\"headline\"  >Elektrische Bedienungen<\/h1><div class='special-heading-border'><div class='special-heading-inner-border' style='border-color:#000000'><\/div><\/div><\/div><br \/>\n<section class=\"av_textblock_section \"  itemscope=\"itemscope\" itemtype=\"https:\/\/schema.org\/CreativeWork\" ><div class='avia_textblock  '   itemprop=\"text\" ><p>Das System besteht aus einer Zentrale und einem Bedienungselement die vier, sechs oder mehrere elektrische Ventile mit Doppelfunktion kontrollieren.<br \/>\nDie Zentrale basiert auf einem Mikroprozessor und ben\u00f6tigt nur ein vierpoliges Kabel zur Kommunikation mit Bedienungselement. Die Kompakte Form und die Leichtigkeit von beiden garantieren eine einfache Handlichkeit.<br \/>\nDie Bedienungen k\u00f6nnen monostabil oder bistabil sein.<br \/>\nMan kann jede Funktion programmieren, damit sie mit anderen Funktionen interagieren kann.<br \/>\nEs ist m\u00f6glich Priorit\u00e4ten festzusetzen oder gleichzeitigen Bet\u00e4tigen mehreren Funktionen auszuschlie\u00dfen. Das Bedienungselement verf\u00fcgt \u00fcber eine Not-Aus Taste die, bei Bet\u00e4tigung,<br \/>\nStromversorgung und, folglich, alle Funktionen unterbricht.<br \/>\nDie Symbole des Bedienungselementes k\u00f6nnen auf Kundenwunsch personalisiert werden.<br \/>\nDer Kit ist komplett mit Kabelanschl\u00fcssen f\u00fcr die Stromversorgung und die elektrischen Ventile erh\u00e4ltlich.<\/p>\n<\/div><\/section><\/p><\/div><div class=\"flex_column av_one_half  flex_column_div av-zero-column-padding first  avia-builder-el-7  el_after_av_one_half  el_before_av_one_half  column-top-margin\" style='border-radius:0px; '><\/div><div class=\"flex_column av_one_half  flex_column_div av-zero-column-padding   avia-builder-el-8  el_after_av_one_half  el_before_av_hr  column-top-margin\" style='border-radius:0px; '><article  class=\"iconbox iconbox_right_content    avia-builder-el-9  avia-builder-el-no-sibling  av-icon-style-no-border\"  itemscope=\"itemscope\" itemtype=\"https:\/\/schema.org\/CreativeWork\" ><a href='https:\/\/farmscale.it\/wp-content\/uploads\/2018\/05\/Comandi-elettrici-nuovo-D.pdf' title='Visualisiert prospekt:' target=\"_blank\" rel=\"noopener noreferrer\" class=\"iconbox_icon heading-color\" aria-hidden='true' data-av_icon='\uf1c1' data-av_iconfont='fontello' style='color:#d63333; '><\/a><div class=\"iconbox_content\"><header class=\"entry-content-header\"><h3 class='iconbox_content_title  '  itemprop=\"headline\"  ><a href='https:\/\/farmscale.it\/wp-content\/uploads\/2018\/05\/Comandi-elettrici-nuovo-D.pdf' title='Visualisiert prospekt:' target=\"_blank\" rel=\"noopener noreferrer\">Visualisiert prospekt:<\/a><\/h3><\/header><div class='iconbox_content_container  '  itemprop=\"text\"  ><\/div><\/div><footer class=\"entry-footer\"><\/footer><\/article><\/div><div   class='hr hr-default   avia-builder-el-10  el_after_av_one_half  avia-builder-el-last '><span class='hr-inner ' ><span class='hr-inner-style'><\/span><\/span><\/div>\n<\/div><\/div><\/main><!-- close content main element --><\/div><\/div><div id='after_section_1'  class='main_color av_default_container_wrap container_wrap sidebar_right' style=' '  ><div class='container' ><div class='template-page content  av-content-small alpha units'><div class='post-entry post-entry-type-page post-entry-4434'><div class='entry-content-wrapper clearfix'>\n","protected":false},"excerpt":{"rendered":"","protected":false},"author":1,"featured_media":0,"parent":0,"menu_order":0,"comment_status":"open","ping_status":"closed","template":"","meta":{"footnotes":""},"class_list":["post-4434","page","type-page","status-publish","hentry"],"yoast_head":"<!-- This site is optimized with the Yoast SEO plugin v27.3 - https:\/\/yoast.com\/product\/yoast-seo-wordpress\/ -->\n<title>Elektrische Bedienungen - Farm Scale elektronischen Wiegesystemen<\/title>\n<meta name=\"robots\" content=\"index, follow, max-snippet:-1, max-image-preview:large, max-video-preview:-1\" \/>\n<link rel=\"canonical\" href=\"https:\/\/farmscale.it\/de\/elektrische-bedienungen\/\" \/>\n<meta property=\"og:locale\" content=\"de_DE\" \/>\n<meta property=\"og:type\" content=\"article\" \/>\n<meta property=\"og:title\" content=\"Elektrische Bedienungen - Farm Scale elektronischen Wiegesystemen\" \/>\n<meta property=\"og:url\" content=\"https:\/\/farmscale.it\/de\/elektrische-bedienungen\/\" \/>\n<meta property=\"og:site_name\" content=\"Farm Scale elektronischen Wiegesystemen\" \/>\n<meta property=\"article:publisher\" content=\"https:\/\/www.facebook.com\/Perin-Weighmaster-1129543610407203\" \/>\n<meta property=\"article:modified_time\" content=\"2018-05-05T13:41:09+00:00\" \/>\n<meta name=\"twitter:card\" content=\"summary_large_image\" \/>\n<meta name=\"twitter:label1\" content=\"Gesch\u00e4tzte Lesezeit\" \/>\n\t<meta name=\"twitter:data1\" content=\"5\u00a0Minuten\" \/>\n<script type=\"application\/ld+json\" class=\"yoast-schema-graph\">{\"@context\":\"https:\\\/\\\/schema.org\",\"@graph\":[{\"@type\":\"WebPage\",\"@id\":\"https:\\\/\\\/farmscale.it\\\/de\\\/elektrische-bedienungen\\\/\",\"url\":\"https:\\\/\\\/farmscale.it\\\/de\\\/elektrische-bedienungen\\\/\",\"name\":\"Elektrische Bedienungen - Farm Scale elektronischen Wiegesystemen\",\"isPartOf\":{\"@id\":\"https:\\\/\\\/farmscale.it\\\/de\\\/#website\"},\"datePublished\":\"2018-05-04T17:24:41+00:00\",\"dateModified\":\"2018-05-05T13:41:09+00:00\",\"breadcrumb\":{\"@id\":\"https:\\\/\\\/farmscale.it\\\/de\\\/elektrische-bedienungen\\\/#breadcrumb\"},\"inLanguage\":\"de\",\"potentialAction\":[{\"@type\":\"ReadAction\",\"target\":[\"https:\\\/\\\/farmscale.it\\\/de\\\/elektrische-bedienungen\\\/\"]}]},{\"@type\":\"BreadcrumbList\",\"@id\":\"https:\\\/\\\/farmscale.it\\\/de\\\/elektrische-bedienungen\\\/#breadcrumb\",\"itemListElement\":[{\"@type\":\"ListItem\",\"position\":1,\"name\":\"Home\",\"item\":\"https:\\\/\\\/farmscale.it\\\/de\\\/\"},{\"@type\":\"ListItem\",\"position\":2,\"name\":\"Elektrische Bedienungen\"}]},{\"@type\":\"WebSite\",\"@id\":\"https:\\\/\\\/farmscale.it\\\/de\\\/#website\",\"url\":\"https:\\\/\\\/farmscale.it\\\/de\\\/\",\"name\":\"Farm Scale elektronischen Wiegesystemen\",\"description\":\"Just another WordPress site\",\"potentialAction\":[{\"@type\":\"SearchAction\",\"target\":{\"@type\":\"EntryPoint\",\"urlTemplate\":\"https:\\\/\\\/farmscale.it\\\/de\\\/?s={search_term_string}\"},\"query-input\":{\"@type\":\"PropertyValueSpecification\",\"valueRequired\":true,\"valueName\":\"search_term_string\"}}],\"inLanguage\":\"de\"}]}<\/script>\n<!-- \/ Yoast SEO plugin. -->","yoast_head_json":{"title":"Elektrische Bedienungen - Farm Scale elektronischen Wiegesystemen","robots":{"index":"index","follow":"follow","max-snippet":"max-snippet:-1","max-image-preview":"max-image-preview:large","max-video-preview":"max-video-preview:-1"},"canonical":"https:\/\/farmscale.it\/de\/elektrische-bedienungen\/","og_locale":"de_DE","og_type":"article","og_title":"Elektrische Bedienungen - Farm Scale elektronischen Wiegesystemen","og_url":"https:\/\/farmscale.it\/de\/elektrische-bedienungen\/","og_site_name":"Farm Scale elektronischen Wiegesystemen","article_publisher":"https:\/\/www.facebook.com\/Perin-Weighmaster-1129543610407203","article_modified_time":"2018-05-05T13:41:09+00:00","twitter_card":"summary_large_image","twitter_misc":{"Gesch\u00e4tzte Lesezeit":"5\u00a0Minuten"},"schema":{"@context":"https:\/\/schema.org","@graph":[{"@type":"WebPage","@id":"https:\/\/farmscale.it\/de\/elektrische-bedienungen\/","url":"https:\/\/farmscale.it\/de\/elektrische-bedienungen\/","name":"Elektrische Bedienungen - Farm Scale elektronischen Wiegesystemen","isPartOf":{"@id":"https:\/\/farmscale.it\/de\/#website"},"datePublished":"2018-05-04T17:24:41+00:00","dateModified":"2018-05-05T13:41:09+00:00","breadcrumb":{"@id":"https:\/\/farmscale.it\/de\/elektrische-bedienungen\/#breadcrumb"},"inLanguage":"de","potentialAction":[{"@type":"ReadAction","target":["https:\/\/farmscale.it\/de\/elektrische-bedienungen\/"]}]},{"@type":"BreadcrumbList","@id":"https:\/\/farmscale.it\/de\/elektrische-bedienungen\/#breadcrumb","itemListElement":[{"@type":"ListItem","position":1,"name":"Home","item":"https:\/\/farmscale.it\/de\/"},{"@type":"ListItem","position":2,"name":"Elektrische Bedienungen"}]},{"@type":"WebSite","@id":"https:\/\/farmscale.it\/de\/#website","url":"https:\/\/farmscale.it\/de\/","name":"Farm Scale elektronischen Wiegesystemen","description":"Just another WordPress site","potentialAction":[{"@type":"SearchAction","target":{"@type":"EntryPoint","urlTemplate":"https:\/\/farmscale.it\/de\/?s={search_term_string}"},"query-input":{"@type":"PropertyValueSpecification","valueRequired":true,"valueName":"search_term_string"}}],"inLanguage":"de"}]}},"_links":{"self":[{"href":"https:\/\/farmscale.it\/de\/wp-json\/wp\/v2\/pages\/4434","targetHints":{"allow":["GET"]}}],"collection":[{"href":"https:\/\/farmscale.it\/de\/wp-json\/wp\/v2\/pages"}],"about":[{"href":"https:\/\/farmscale.it\/de\/wp-json\/wp\/v2\/types\/page"}],"author":[{"embeddable":true,"href":"https:\/\/farmscale.it\/de\/wp-json\/wp\/v2\/users\/1"}],"replies":[{"embeddable":true,"href":"https:\/\/farmscale.it\/de\/wp-json\/wp\/v2\/comments?post=4434"}],"version-history":[{"count":0,"href":"https:\/\/farmscale.it\/de\/wp-json\/wp\/v2\/pages\/4434\/revisions"}],"wp:attachment":[{"href":"https:\/\/farmscale.it\/de\/wp-json\/wp\/v2\/media?parent=4434"}],"curies":[{"name":"wp","href":"https:\/\/api.w.org\/{rel}","templated":true}]}}