{"id":4482,"date":"2018-05-04T18:45:45","date_gmt":"2018-05-04T18:45:45","guid":{"rendered":"http:\/\/farmscale.it\/?page_id=4482"},"modified":"2018-05-04T18:45:45","modified_gmt":"2018-05-04T18:45:45","slug":"farmlink","status":"publish","type":"page","link":"https:\/\/farmscale.it\/de\/farmlink\/","title":{"rendered":"FarmLink"},"content":{"rendered":"<div id='av_section_1'  class='avia-section main_color avia-section-default avia-no-shadow  avia-bg-style-scroll  avia-builder-el-0  avia-builder-el-no-sibling   container_wrap sidebar_right' style=' '  ><div class='container' ><main  role=\"main\" itemprop=\"mainContentOfPage\"  class='template-page content  av-content-small alpha units'><div class='post-entry post-entry-type-page post-entry-4482'><div class='entry-content-wrapper clearfix'>\n<div   class='hr hr-default   avia-builder-el-1  el_before_av_one_half  avia-builder-el-first '><span class='hr-inner ' ><span class='hr-inner-style'><\/span><\/span><\/div>\n<div class=\"flex_column av_one_half  flex_column_div av-zero-column-padding first  avia-builder-el-2  el_after_av_hr  el_before_av_one_half  \" style='border-radius:0px; '><div   data-size='no scaling'  data-lightbox_size='large'  data-animation='fade'  data-conditional_play=''  data-ids='4472'  data-video_counter='0'  data-autoplay='true'  data-bg_slider='false'  data-slide_height=''  data-handle='av_slideshow'  data-interval='4'  data-class=' avia-builder-el-3  avia-builder-el-no-sibling  '  data-el_id=''  data-css_id=''  data-scroll_down=''  data-control_layout='av-control-minimal av-control-minimal-dark'  data-custom_markup=''  data-perma_caption=''  data-autoplay_stopper=''  data-image_attachment=''  data-min_height='0px'  data-lazy_loading='disabled'  class='avia-slideshow avia-slideshow-1  av-control-minimal av-control-minimal-dark av-default-height-applied avia-slideshow-no scaling av_slideshow  avia-builder-el-3  avia-builder-el-no-sibling   avia-fade-slider '  itemprop=\"image\" itemscope=\"itemscope\" itemtype=\"https:\/\/schema.org\/ImageObject\" ><ul class='avia-slideshow-inner ' style='padding-bottom: 76.744186046512%;' ><li  class=' av-single-slide slide-1 ' ><a href='https:\/\/farmscale.it\/wp-content\/uploads\/2018\/05\/Farmlink4.jpg' data-rel='slideshow-1' class='avia-slide-wrap '   ><img class=\"wp-image-6561 avia-img-lazy-loading-not-6561\"  src='https:\/\/farmscale.it\/wp-content\/uploads\/2018\/05\/Farmlink4.jpg' width='387' height='297' title='Farmlink4' alt=''  itemprop=\"thumbnailUrl\"   \/><\/a><\/li><\/ul><\/div><\/div><div class=\"flex_column av_one_half  flex_column_div av-zero-column-padding   avia-builder-el-4  el_after_av_one_half  el_before_av_one_half  \" style='border-radius:0px; '><p><div  style='padding-bottom:15px; color:#000000;font-size:20px;' class='av-special-heading av-special-heading-h1 custom-color-heading blockquote modern-quote  avia-builder-el-5  el_before_av_textblock  avia-builder-el-first  av-inherit-size '><h1 class='av-special-heading-tag '  itemprop=\"headline\"  >FARMLINK4<\/h1><div class='special-heading-border'><div class='special-heading-inner-border' style='border-color:#000000'><\/div><\/div><\/div><br \/>\n<section class=\"av_textblock_section \"  itemscope=\"itemscope\" itemtype=\"https:\/\/schema.org\/CreativeWork\" ><div class='avia_textblock  '   itemprop=\"text\" ><p>\u00dcbergreifende Verwaltung von Nachforschung und F\u00fctterung der Viehherde<\/p>\n<\/div><\/section><br \/>\n<div  style='padding-bottom:15px; color:#000000;font-size:15px;' class='av-special-heading av-special-heading-h1 custom-color-heading blockquote modern-quote  avia-builder-el-7  el_after_av_textblock  el_before_av_textblock  av-inherit-size '><h1 class='av-special-heading-tag '  itemprop=\"headline\"  >Beschreibung:<\/h1><div class='special-heading-border'><div class='special-heading-inner-border' style='border-color:#000000'><\/div><\/div><\/div><br \/>\n<section class=\"av_textblock_section \"  itemscope=\"itemscope\" itemtype=\"https:\/\/schema.org\/CreativeWork\" ><div class='avia_textblock  '   itemprop=\"text\" ><p>FarmLink ist eine Software in Windows-Anwendung. Es arbeitet mit den Wiegesystemen von Fa. Perin Weighmaster S.r.l. (Modelle FarmScale: 1500, 1510, 1520, 1530, Visual 2000). Normalerweise sind diese Systeme auf Futtermischwagen &#8222;UNIFEED&#8220; von verschiedenen Marken montiert oder auf M\u00fchlen f\u00fcr die Zubereitung des Futters. Die Software kann auf neue Futtermischwagen istalliert werden oder schon bestehende (auch wenn urspr\u00fcnglich festgesetz mit Anzeigen von anderen Marken), ohne die Wiegezelle zu wechseln. FarmLink ist ausgesprochen n\u00fctzlich, um Berichte &#8211; bedeutend f\u00fcr die Qualit\u00e4tskontrolle &#8211; zu bilden und es ist unerl\u00e4sslich f\u00fcr die Betriebe, die die F\u00fctterungsnachforschung der Viehherde zertifizieren m\u00f6chten.<\/p>\n<\/div><\/section><br \/>\n<div  style='padding-bottom:15px; color:#000000;font-size:15px;' class='av-special-heading av-special-heading-h1 custom-color-heading blockquote modern-quote  avia-builder-el-9  el_after_av_textblock  el_before_av_textblock  av-inherit-size '><h1 class='av-special-heading-tag '  itemprop=\"headline\"  >Ziele des Programms:<\/h1><div class='special-heading-border'><div class='special-heading-inner-border' style='border-color:#000000'><\/div><\/div><\/div><br \/>\n<section class=\"av_textblock_section \"  itemscope=\"itemscope\" itemtype=\"https:\/\/schema.org\/CreativeWork\" ><div class='avia_textblock  '   itemprop=\"text\" ><p>&#8211; Optimierung der Verwaltung der Rohstoffe f\u00fcr die Tierern\u00e4hrung<br \/>\n&#8211; Optimierung der Verwendung der Arbeitskraft f\u00fcr die Bereitung der Rationen<br \/>\n&#8211; Besserung der Qualit\u00e4t der Ration, die an einzelne Viehgruppen entgeladen ist, mit<br \/>\nentsprechender Steigerung der Menge und der Qualit\u00e4t von produzierter Milch oder produziertem Fleisch<br \/>\n&#8211; Besserung der Gesundheit des Tiers<br \/>\n&#8211; Nachforschung der Zutaten an einzelne Viehgruppen entgeladen<br \/>\n&#8211; automatische Rechnung von IOFC (Income Over Feed Cost)<br \/>\n&#8211; Minimierung der Kosten und der Verschwendungen<\/p>\n<\/div><\/section><\/p><\/div><div class=\"flex_column av_one_half  flex_column_div av-zero-column-padding first  avia-builder-el-11  el_after_av_one_half  el_before_av_one_half  column-top-margin\" style='border-radius:0px; '><\/div><div class=\"flex_column av_one_half  flex_column_div av-zero-column-padding   avia-builder-el-12  el_after_av_one_half  el_before_av_hr  column-top-margin\" style='border-radius:0px; '><article  class=\"iconbox iconbox_right_content    avia-builder-el-13  avia-builder-el-no-sibling  av-icon-style-no-border\"  itemscope=\"itemscope\" itemtype=\"https:\/\/schema.org\/CreativeWork\" ><a href='https:\/\/farmscale.it\/wp-content\/uploads\/2018\/05\/Nuovo-Present-FL4-D.pdf' title='Visualisiert prospekt:' target=\"_blank\" rel=\"noopener noreferrer\" class=\"iconbox_icon heading-color\" aria-hidden='true' data-av_icon='\uf1c1' data-av_iconfont='fontello' style='color:#d63333; '><\/a><div class=\"iconbox_content\"><header class=\"entry-content-header\"><h3 class='iconbox_content_title  '  itemprop=\"headline\"  ><a href='https:\/\/farmscale.it\/wp-content\/uploads\/2018\/05\/Nuovo-Present-FL4-D.pdf' title='Visualisiert prospekt:' target=\"_blank\" rel=\"noopener noreferrer\">Visualisiert prospekt:<\/a><\/h3><\/header><div class='iconbox_content_container  '  itemprop=\"text\"  ><\/div><\/div><footer class=\"entry-footer\"><\/footer><\/article><\/div><div   class='hr hr-default   avia-builder-el-14  el_after_av_one_half  avia-builder-el-last '><span class='hr-inner ' ><span class='hr-inner-style'><\/span><\/span><\/div>\n<\/div><\/div><\/main><!-- close content main element --><\/div><\/div><div id='after_section_1'  class='main_color av_default_container_wrap container_wrap sidebar_right' style=' '  ><div class='container' ><div class='template-page content  av-content-small alpha units'><div class='post-entry post-entry-type-page post-entry-4482'><div class='entry-content-wrapper clearfix'>\n","protected":false},"excerpt":{"rendered":"","protected":false},"author":1,"featured_media":0,"parent":0,"menu_order":0,"comment_status":"open","ping_status":"closed","template":"","meta":{"footnotes":""},"class_list":["post-4482","page","type-page","status-publish","hentry"],"yoast_head":"<!-- This site is optimized with the Yoast SEO plugin v27.3 - https:\/\/yoast.com\/product\/yoast-seo-wordpress\/ -->\n<title>FarmLink - Farm Scale elektronischen Wiegesystemen<\/title>\n<meta name=\"robots\" content=\"index, follow, max-snippet:-1, max-image-preview:large, max-video-preview:-1\" \/>\n<link rel=\"canonical\" href=\"https:\/\/farmscale.it\/de\/farmlink\/\" \/>\n<meta property=\"og:locale\" content=\"de_DE\" \/>\n<meta property=\"og:type\" content=\"article\" \/>\n<meta property=\"og:title\" content=\"FarmLink - Farm Scale elektronischen Wiegesystemen\" \/>\n<meta property=\"og:url\" content=\"https:\/\/farmscale.it\/de\/farmlink\/\" \/>\n<meta property=\"og:site_name\" content=\"Farm Scale elektronischen Wiegesystemen\" \/>\n<meta property=\"article:publisher\" content=\"https:\/\/www.facebook.com\/Perin-Weighmaster-1129543610407203\" \/>\n<meta name=\"twitter:card\" content=\"summary_large_image\" \/>\n<meta name=\"twitter:label1\" content=\"Gesch\u00e4tzte Lesezeit\" \/>\n\t<meta name=\"twitter:data1\" content=\"6\u00a0Minuten\" \/>\n<script type=\"application\/ld+json\" class=\"yoast-schema-graph\">{\"@context\":\"https:\\\/\\\/schema.org\",\"@graph\":[{\"@type\":\"WebPage\",\"@id\":\"https:\\\/\\\/farmscale.it\\\/de\\\/farmlink\\\/\",\"url\":\"https:\\\/\\\/farmscale.it\\\/de\\\/farmlink\\\/\",\"name\":\"FarmLink - Farm Scale elektronischen Wiegesystemen\",\"isPartOf\":{\"@id\":\"https:\\\/\\\/farmscale.it\\\/de\\\/#website\"},\"datePublished\":\"2018-05-04T18:45:45+00:00\",\"breadcrumb\":{\"@id\":\"https:\\\/\\\/farmscale.it\\\/de\\\/farmlink\\\/#breadcrumb\"},\"inLanguage\":\"de\",\"potentialAction\":[{\"@type\":\"ReadAction\",\"target\":[\"https:\\\/\\\/farmscale.it\\\/de\\\/farmlink\\\/\"]}]},{\"@type\":\"BreadcrumbList\",\"@id\":\"https:\\\/\\\/farmscale.it\\\/de\\\/farmlink\\\/#breadcrumb\",\"itemListElement\":[{\"@type\":\"ListItem\",\"position\":1,\"name\":\"Home\",\"item\":\"https:\\\/\\\/farmscale.it\\\/de\\\/\"},{\"@type\":\"ListItem\",\"position\":2,\"name\":\"FarmLink\"}]},{\"@type\":\"WebSite\",\"@id\":\"https:\\\/\\\/farmscale.it\\\/de\\\/#website\",\"url\":\"https:\\\/\\\/farmscale.it\\\/de\\\/\",\"name\":\"Farm Scale elektronischen Wiegesystemen\",\"description\":\"Just another WordPress site\",\"potentialAction\":[{\"@type\":\"SearchAction\",\"target\":{\"@type\":\"EntryPoint\",\"urlTemplate\":\"https:\\\/\\\/farmscale.it\\\/de\\\/?s={search_term_string}\"},\"query-input\":{\"@type\":\"PropertyValueSpecification\",\"valueRequired\":true,\"valueName\":\"search_term_string\"}}],\"inLanguage\":\"de\"}]}<\/script>\n<!-- \/ Yoast SEO plugin. -->","yoast_head_json":{"title":"FarmLink - Farm Scale elektronischen Wiegesystemen","robots":{"index":"index","follow":"follow","max-snippet":"max-snippet:-1","max-image-preview":"max-image-preview:large","max-video-preview":"max-video-preview:-1"},"canonical":"https:\/\/farmscale.it\/de\/farmlink\/","og_locale":"de_DE","og_type":"article","og_title":"FarmLink - Farm Scale elektronischen Wiegesystemen","og_url":"https:\/\/farmscale.it\/de\/farmlink\/","og_site_name":"Farm Scale elektronischen Wiegesystemen","article_publisher":"https:\/\/www.facebook.com\/Perin-Weighmaster-1129543610407203","twitter_card":"summary_large_image","twitter_misc":{"Gesch\u00e4tzte Lesezeit":"6\u00a0Minuten"},"schema":{"@context":"https:\/\/schema.org","@graph":[{"@type":"WebPage","@id":"https:\/\/farmscale.it\/de\/farmlink\/","url":"https:\/\/farmscale.it\/de\/farmlink\/","name":"FarmLink - Farm Scale elektronischen Wiegesystemen","isPartOf":{"@id":"https:\/\/farmscale.it\/de\/#website"},"datePublished":"2018-05-04T18:45:45+00:00","breadcrumb":{"@id":"https:\/\/farmscale.it\/de\/farmlink\/#breadcrumb"},"inLanguage":"de","potentialAction":[{"@type":"ReadAction","target":["https:\/\/farmscale.it\/de\/farmlink\/"]}]},{"@type":"BreadcrumbList","@id":"https:\/\/farmscale.it\/de\/farmlink\/#breadcrumb","itemListElement":[{"@type":"ListItem","position":1,"name":"Home","item":"https:\/\/farmscale.it\/de\/"},{"@type":"ListItem","position":2,"name":"FarmLink"}]},{"@type":"WebSite","@id":"https:\/\/farmscale.it\/de\/#website","url":"https:\/\/farmscale.it\/de\/","name":"Farm Scale elektronischen Wiegesystemen","description":"Just another WordPress site","potentialAction":[{"@type":"SearchAction","target":{"@type":"EntryPoint","urlTemplate":"https:\/\/farmscale.it\/de\/?s={search_term_string}"},"query-input":{"@type":"PropertyValueSpecification","valueRequired":true,"valueName":"search_term_string"}}],"inLanguage":"de"}]}},"_links":{"self":[{"href":"https:\/\/farmscale.it\/de\/wp-json\/wp\/v2\/pages\/4482","targetHints":{"allow":["GET"]}}],"collection":[{"href":"https:\/\/farmscale.it\/de\/wp-json\/wp\/v2\/pages"}],"about":[{"href":"https:\/\/farmscale.it\/de\/wp-json\/wp\/v2\/types\/page"}],"author":[{"embeddable":true,"href":"https:\/\/farmscale.it\/de\/wp-json\/wp\/v2\/users\/1"}],"replies":[{"embeddable":true,"href":"https:\/\/farmscale.it\/de\/wp-json\/wp\/v2\/comments?post=4482"}],"version-history":[{"count":0,"href":"https:\/\/farmscale.it\/de\/wp-json\/wp\/v2\/pages\/4482\/revisions"}],"wp:attachment":[{"href":"https:\/\/farmscale.it\/de\/wp-json\/wp\/v2\/media?parent=4482"}],"curies":[{"name":"wp","href":"https:\/\/api.w.org\/{rel}","templated":true}]}}