{"id":5292,"date":"2018-05-18T13:25:03","date_gmt":"2018-05-18T13:25:03","guid":{"rendered":"http:\/\/farmscale.it\/?page_id=5292"},"modified":"2018-06-05T12:44:35","modified_gmt":"2018-06-05T12:44:35","slug":"nutzungsbedingungen","status":"publish","type":"page","link":"https:\/\/farmscale.it\/de\/nutzungsbedingungen\/","title":{"rendered":"Nutzungsbedingungen"},"content":{"rendered":"<h1>Privacy Policy e Gestione dei Cookies<\/h1>\n<p>Si informa, ai sensi dell&#8217;art. 13 del D.lgs 196\/03 &#8222;Codice in materia di Protezione dei Dati personali&#8220; e degli artt. 13 e 14 del Reg (UE) 2016\/679, che i dati personali da Lei forniti accendendo al sito web <a href=\"http:\/\/www.farmscale.it\">www.farmscale.it<\/a> ovvero altrimenti acquisiti nell&#8217;ambito delle prestazioni professionali richieste o offerte dalla Societ\u00e0 Perin Weighmaster srl, saranno oggetto di trattamento nel rispetto dei principi di correttezza, liceit\u00e0 e trasparenza. La Societ\u00e0 Perin Weighmaster srl garantisce inoltre che il trattamento avverr\u00e0 nella massima tutela della sua riservatezza e dei suoi diritti. Per trattamento di dati personali s&#8217;intende la raccolta, registrazione, organizzazione, conservazione, elaborazione, modificazione, selezione, estrazione, raffronto, utilizzo, interconnessione, blocco, comunicazione, diffusione, cancellazione e la distruzione di dati anche se non registrati in banche dati.<\/p>\n<h4>TITOLARE DEL TRATTAMENTO:<\/h4>\n<p>Il Titolare del trattamento \u00e8 la Societ\u00e0 Perin Weighmaster srl Via Paolo Borsellino, 15 Codogno (LO) Tel.0377\/437033 Fax 0377\/437046 &#8211; Partita Iva 09734990154 &#8211; Email <a href=\"mailto:s.perin@farmscale.com\">s.perin@farmscale.com<\/a><\/p>\n<h4>RESPONSABILE DELLA PROTEZIONE DEI DATI:<\/h4>\n<p>La Societ\u00e0 \u00e8 in fase di nomina del Responsabile della protezione dei dati in attesa del recepimento dell\u2019obbligo da parte del Legislatore italiano.<\/p>\n<h4>FINALITA&#8216; DEL TRATTAMENTO:<\/h4>\n<p>I dati forniti attraverso il sito web <a href=\"http:\/\/www.farmscale.it\">www.farmscale.it<\/a> saranno trattati per rispondere a sue richieste di informazioni relative ai servizi offerti, o altro. In particolare si tratta di dati comuni necessari ad individuare il referente della richiesta di informazioni e il suo contatto mail per permettere di fornire le risposte alle richieste avanzate. Sul sito \u00e8 altres\u00ec presente un\u2019area \u201cRiservata\u201d alla quale i clienti della Societ\u00e0 possono accedere previa ricezione delle credenziali private. Il trattamento di tale dati \u00e8 necessario al fine di poter erogare i servizi di cui al contratto in essere tra le parti. Ai clienti che accedono a tale Area viene consegnata idonea informativa.<\/p>\n<h4>TIPOLOGIA DI DATI:<\/h4>\n<p>i dati comuni delle persone fisiche operanti per conto dei FORNITORI vengono trattati per programmare e gestire i servizi e gli obblighi definiti nell&#8217;ambito degli accordi di lavoro in essere. Il trattamento dei dati avverr\u00e0 mediante strumenti idonei a garantirne la sicurezza, nonch\u00e9 la riservatezza e sar\u00e0 effettuato anche mediante strumenti elettronici atti a memorizzare, gestire e trasmettere i dati stessi.<\/p>\n<h4>DURATA DEL TRATTAMENTO:<\/h4>\n<p>Le informazioni raccolte verranno custodite presso gli archivi aziendali per almeno 10 anni e comunque secondo i termini di legge. Tuttavia, qualora l&#8217;interessato ritenga, per qualsiasi motivo, esaurito lo scopo del trattamento, dovr\u00e0 darne comunicazione scritta alla Societ\u00e0 Perin Weighmaster srl, la quale proceder\u00e0 all&#8217;immediata cancellazione delle informazioni, qualora non contrasti con la normativa di legge.<\/p>\n<h4>CONDIVISIONE, COMUNICAZIONE e AMBITI DI DIFFUSIONE DEI SUOI DATI PERSONALI:<\/h4>\n<p>I dati forniti saranno trattati da personale interno debitamente incaricato al trattamento, che opera sotto il controllo del Titolare del trattamento. I dati comuni potranno essere comunicati a societ\u00e0 terze che si occupano della gestione del sito o altri fornitori di servizi informatici.<br \/>\nMODALITA\u2019 DI TRATTAMENTO: Il trattamento dei dati, pu\u00f2 essere effettuato anche con l&#8217;ausilio di mezzi elettronici o comunque automatizzati e pu\u00f2 consistere in qualunque operazione e complesso di operazioni tra quelle indicate all&#8217;Art. 4, comma 1 lettera a), del D.Lgs. sopra richiamato.<\/p>\n<h4>NATURA OBBLIGATORIA O FACOLTATIVA DEL CONFERIMENTO:<\/h4>\n<p>Il conferimento delle informazioni personali che la riguardano \u00e8 facoltativo. Se lo desidera, pu\u00f2 fornire le Sue informazioni personali. Raccogliamo unicamente le informazioni che LEI desidera fornirci. Alcune funzionalit\u00e0 del sito web possono non essere disponibili per utenti che non forniscono i propri dati o che non accettano cookies o simili tecnologie su questo sito.<\/p>\n<h4>DIRITTI DELL&#8217;INTERESSATO:<\/h4>\n<p>I soggetti cui si riferiscono i dati personali hanno il diritto in qualunque momento di ottenere la conferma dell\u2019esistenza o meno dei medesimi dati e di conoscerne il contenuto e l\u2019origine, verificarne l\u2019esattezza o chiederne l\u2019integrazione o l\u2019aggiornamento, oppure la rettificazione (art. 7 del Codice della Privacy) oltre ai diritto alla portabilit\u00e0. Ai sensi del medesimo articolo si ha il diritto di chiedere la cancellazione, la trasformazione in forma anonima o il blocco dei dati trattati in violazione di legge, nonch\u00e9 di opporsi in ogni caso, per motivi legittimi, al loro trattamento. Le richieste vanno rivolte al Titolare, senza specifiche formalit\u00e0, inviando una comunicazione all\u2019indirizzo e-mail <a href=\"mailto:s.perin@farmscale.com\">s.perin@farmscale.com<\/a><\/p>\n<p>E\u2019 facolt\u00e0 dell\u2019Interessato presentare un reclamo al Garante per la Protezione dei Dati Personal per lamentare una eventuale violazione della disciplina in materia di protezione dei dati personali (art. 141, comma 1, lett. a) del Codice della Privacy) e di richiedere una verifica dell\u2019Autorit\u00e0 Garante per la Protezione dei Dati personali sita in Piazza di Monte Citorio 121 00186 Roma (http:\/\/www.garanteprivacy.it).<\/p>\n<h4>COOKIES:<\/h4>\n<p><a href=\"http:\/\/www.farmscale.it\">www.farmscale.it<\/a>, secondo la normativa vigente, non \u00e8 tenuto a chiedere consenso per i cookie tecnici e di analytics. Cosa sono i Cookies: Sono dei piccoli file di tipo testuale utilizzati per memorizzare preferenze, dati e informazioni relative alla navigazione e all&#8217;uso del sito internet che si sta navigando. Sono necessari affinch\u00e9 il sito venga visualizzato correttamente (cookies tecnici) o per collezionare (in forma assolutamente anonima) i comportamenti degli utenti sul sito, al fine di rendere il sito pi\u00f9 funzionale per i visitatori (cookies analitici). Cookie persistenti: Una volta chiuso il browser non vengono distrutti ma rimangono fino ad una data di scadenza preimpostata. Cookie di sessione: Vengono distrutti ogni volta che il browser viene chiuso. Come disabilitare l&#8217;utilizzo dei Cookies: I Cookies possono essere bloccati o disabilitati seguendo queste semplici opzioni (link ad un sito esterno)<\/p>\n<p>Per ulteriori informazioni, si rinvia al link di seguito indicato: https:\/\/www.google.it\/policies\/privacy\/partners\/ L&#8217;utente pu\u00f2 disabilitare in modo selettivo l&#8217;azione di Google Analytics installando sul proprio browser la componente di opt-out fornito da Google. Per disabilitare l&#8217;azione di Google Analytics, si rinvia al link di seguito indicato: https:\/\/tools.google.com\/dlpage\/gaoptout<br \/>\n1 &#8211; L&#8217;interessato ha il diritto di ricevere in un formato strutturato, di uso comune e leggibile da dispositivo automatico, i dati personali che lo riguardano forniti a un titolare del trattamento e ha il diritto di trasmettere tali dati a un altro titolare del trattamento senza impedimenti da parte del titolare del trattamento cui li ha forniti.<\/p>\n","protected":false},"excerpt":{"rendered":"<p>Privacy Policy e Gestione dei Cookies Si informa, ai sensi dell&#8217;art. 13 del D.lgs 196\/03 &#8222;Codice in materia di Protezione dei Dati personali&#8220; e degli artt. 13 e 14 del Reg (UE) 2016\/679, che i dati personali da Lei forniti accendendo al sito web www.farmscale.it ovvero altrimenti acquisiti nell&#8217;ambito delle prestazioni professionali richieste o offerte [&hellip;]<\/p>\n","protected":false},"author":1,"featured_media":0,"parent":0,"menu_order":0,"comment_status":"closed","ping_status":"closed","template":"","meta":{"footnotes":""},"class_list":["post-5292","page","type-page","status-publish","hentry"],"yoast_head":"<!-- This site is optimized with the Yoast SEO plugin v27.2 - https:\/\/yoast.com\/product\/yoast-seo-wordpress\/ -->\n<title>Nutzungsbedingungen - Farm Scale elektronischen Wiegesystemen<\/title>\n<meta name=\"robots\" content=\"index, follow, max-snippet:-1, max-image-preview:large, max-video-preview:-1\" \/>\n<link rel=\"canonical\" href=\"https:\/\/farmscale.it\/de\/nutzungsbedingungen\/\" \/>\n<meta property=\"og:locale\" content=\"de_DE\" \/>\n<meta property=\"og:type\" content=\"article\" \/>\n<meta property=\"og:title\" content=\"Nutzungsbedingungen - Farm Scale elektronischen Wiegesystemen\" \/>\n<meta property=\"og:description\" content=\"Privacy Policy e Gestione dei Cookies Si informa, ai sensi dell&#8217;art. 13 del D.lgs 196\/03 &#8222;Codice in materia di Protezione dei Dati personali&#8220; e degli artt. 13 e 14 del Reg (UE) 2016\/679, che i dati personali da Lei forniti accendendo al sito web www.farmscale.it ovvero altrimenti acquisiti nell&#8217;ambito delle prestazioni professionali richieste o offerte [&hellip;]\" \/>\n<meta property=\"og:url\" content=\"https:\/\/farmscale.it\/de\/nutzungsbedingungen\/\" \/>\n<meta property=\"og:site_name\" content=\"Farm Scale elektronischen Wiegesystemen\" \/>\n<meta property=\"article:publisher\" content=\"https:\/\/www.facebook.com\/Perin-Weighmaster-1129543610407203\" \/>\n<meta property=\"article:modified_time\" content=\"2018-06-05T12:44:35+00:00\" \/>\n<meta name=\"twitter:card\" content=\"summary_large_image\" \/>\n<meta name=\"twitter:label1\" content=\"Gesch\u00e4tzte Lesezeit\" \/>\n\t<meta name=\"twitter:data1\" content=\"5\u00a0Minuten\" \/>\n<script type=\"application\/ld+json\" class=\"yoast-schema-graph\">{\"@context\":\"https:\/\/schema.org\",\"@graph\":[{\"@type\":\"WebPage\",\"@id\":\"https:\/\/farmscale.it\/de\/nutzungsbedingungen\/\",\"url\":\"https:\/\/farmscale.it\/de\/nutzungsbedingungen\/\",\"name\":\"Nutzungsbedingungen - Farm Scale elektronischen Wiegesystemen\",\"isPartOf\":{\"@id\":\"https:\/\/farmscale.it\/de\/#website\"},\"datePublished\":\"2018-05-18T13:25:03+00:00\",\"dateModified\":\"2018-06-05T12:44:35+00:00\",\"breadcrumb\":{\"@id\":\"https:\/\/farmscale.it\/de\/nutzungsbedingungen\/#breadcrumb\"},\"inLanguage\":\"de\",\"potentialAction\":[{\"@type\":\"ReadAction\",\"target\":[\"https:\/\/farmscale.it\/de\/nutzungsbedingungen\/\"]}]},{\"@type\":\"BreadcrumbList\",\"@id\":\"https:\/\/farmscale.it\/de\/nutzungsbedingungen\/#breadcrumb\",\"itemListElement\":[{\"@type\":\"ListItem\",\"position\":1,\"name\":\"Home\",\"item\":\"https:\/\/farmscale.it\/de\/\"},{\"@type\":\"ListItem\",\"position\":2,\"name\":\"Nutzungsbedingungen\"}]},{\"@type\":\"WebSite\",\"@id\":\"https:\/\/farmscale.it\/de\/#website\",\"url\":\"https:\/\/farmscale.it\/de\/\",\"name\":\"Farm Scale elektronischen Wiegesystemen\",\"description\":\"Just another WordPress site\",\"potentialAction\":[{\"@type\":\"SearchAction\",\"target\":{\"@type\":\"EntryPoint\",\"urlTemplate\":\"https:\/\/farmscale.it\/de\/?s={search_term_string}\"},\"query-input\":{\"@type\":\"PropertyValueSpecification\",\"valueRequired\":true,\"valueName\":\"search_term_string\"}}],\"inLanguage\":\"de\"}]}<\/script>\n<!-- \/ Yoast SEO plugin. -->","yoast_head_json":{"title":"Nutzungsbedingungen - Farm Scale elektronischen Wiegesystemen","robots":{"index":"index","follow":"follow","max-snippet":"max-snippet:-1","max-image-preview":"max-image-preview:large","max-video-preview":"max-video-preview:-1"},"canonical":"https:\/\/farmscale.it\/de\/nutzungsbedingungen\/","og_locale":"de_DE","og_type":"article","og_title":"Nutzungsbedingungen - Farm Scale elektronischen Wiegesystemen","og_description":"Privacy Policy e Gestione dei Cookies Si informa, ai sensi dell&#8217;art. 13 del D.lgs 196\/03 &#8222;Codice in materia di Protezione dei Dati personali&#8220; e degli artt. 13 e 14 del Reg (UE) 2016\/679, che i dati personali da Lei forniti accendendo al sito web www.farmscale.it ovvero altrimenti acquisiti nell&#8217;ambito delle prestazioni professionali richieste o offerte [&hellip;]","og_url":"https:\/\/farmscale.it\/de\/nutzungsbedingungen\/","og_site_name":"Farm Scale elektronischen Wiegesystemen","article_publisher":"https:\/\/www.facebook.com\/Perin-Weighmaster-1129543610407203","article_modified_time":"2018-06-05T12:44:35+00:00","twitter_card":"summary_large_image","twitter_misc":{"Gesch\u00e4tzte Lesezeit":"5\u00a0Minuten"},"schema":{"@context":"https:\/\/schema.org","@graph":[{"@type":"WebPage","@id":"https:\/\/farmscale.it\/de\/nutzungsbedingungen\/","url":"https:\/\/farmscale.it\/de\/nutzungsbedingungen\/","name":"Nutzungsbedingungen - Farm Scale elektronischen Wiegesystemen","isPartOf":{"@id":"https:\/\/farmscale.it\/de\/#website"},"datePublished":"2018-05-18T13:25:03+00:00","dateModified":"2018-06-05T12:44:35+00:00","breadcrumb":{"@id":"https:\/\/farmscale.it\/de\/nutzungsbedingungen\/#breadcrumb"},"inLanguage":"de","potentialAction":[{"@type":"ReadAction","target":["https:\/\/farmscale.it\/de\/nutzungsbedingungen\/"]}]},{"@type":"BreadcrumbList","@id":"https:\/\/farmscale.it\/de\/nutzungsbedingungen\/#breadcrumb","itemListElement":[{"@type":"ListItem","position":1,"name":"Home","item":"https:\/\/farmscale.it\/de\/"},{"@type":"ListItem","position":2,"name":"Nutzungsbedingungen"}]},{"@type":"WebSite","@id":"https:\/\/farmscale.it\/de\/#website","url":"https:\/\/farmscale.it\/de\/","name":"Farm Scale elektronischen Wiegesystemen","description":"Just another WordPress site","potentialAction":[{"@type":"SearchAction","target":{"@type":"EntryPoint","urlTemplate":"https:\/\/farmscale.it\/de\/?s={search_term_string}"},"query-input":{"@type":"PropertyValueSpecification","valueRequired":true,"valueName":"search_term_string"}}],"inLanguage":"de"}]}},"_links":{"self":[{"href":"https:\/\/farmscale.it\/de\/wp-json\/wp\/v2\/pages\/5292","targetHints":{"allow":["GET"]}}],"collection":[{"href":"https:\/\/farmscale.it\/de\/wp-json\/wp\/v2\/pages"}],"about":[{"href":"https:\/\/farmscale.it\/de\/wp-json\/wp\/v2\/types\/page"}],"author":[{"embeddable":true,"href":"https:\/\/farmscale.it\/de\/wp-json\/wp\/v2\/users\/1"}],"replies":[{"embeddable":true,"href":"https:\/\/farmscale.it\/de\/wp-json\/wp\/v2\/comments?post=5292"}],"version-history":[{"count":0,"href":"https:\/\/farmscale.it\/de\/wp-json\/wp\/v2\/pages\/5292\/revisions"}],"wp:attachment":[{"href":"https:\/\/farmscale.it\/de\/wp-json\/wp\/v2\/media?parent=5292"}],"curies":[{"name":"wp","href":"https:\/\/api.w.org\/{rel}","templated":true}]}}