{"id":4074,"date":"2018-05-04T12:29:33","date_gmt":"2018-05-04T12:29:33","guid":{"rendered":"http:\/\/farmscale.it\/?page_id=4074"},"modified":"2020-10-23T19:33:16","modified_gmt":"2020-10-23T19:33:16","slug":"230-2","status":"publish","type":"page","link":"https:\/\/farmscale.it\/es\/230-2\/","title":{"rendered":"230"},"content":{"rendered":"<div id='av_section_1'  class='avia-section main_color avia-section-default avia-no-shadow  avia-bg-style-scroll  avia-builder-el-0  avia-builder-el-no-sibling   container_wrap sidebar_right' style=' '  ><div class='container' ><main  role=\"main\" itemprop=\"mainContentOfPage\"  class='template-page content  av-content-small alpha units'><div class='post-entry post-entry-type-page post-entry-4074'><div class='entry-content-wrapper clearfix'>\n<div   class='hr hr-default   avia-builder-el-1  el_before_av_one_half  avia-builder-el-first '><span class='hr-inner ' ><span class='hr-inner-style'><\/span><\/span><\/div>\n<div class=\"flex_column av_one_half  flex_column_div av-zero-column-padding first  avia-builder-el-2  el_after_av_hr  el_before_av_one_half  \" style='border-radius:0px; '><div   data-size='no scaling'  data-lightbox_size='large'  data-animation='fade'  data-conditional_play=''  data-ids='7559'  data-video_counter='0'  data-autoplay='true'  data-bg_slider='false'  data-slide_height=''  data-handle='av_slideshow'  data-interval='4'  data-class=' avia-builder-el-3  avia-builder-el-no-sibling  '  data-el_id=''  data-css_id=''  data-scroll_down=''  data-control_layout='av-control-minimal av-control-minimal-dark'  data-custom_markup=''  data-perma_caption=''  data-autoplay_stopper=''  data-image_attachment=''  data-min_height='0px'  data-lazy_loading='disabled'  class='avia-slideshow avia-slideshow-1  av-control-minimal av-control-minimal-dark av-default-height-applied avia-slideshow-no scaling av_slideshow  avia-builder-el-3  avia-builder-el-no-sibling   avia-fade-slider '  itemprop=\"image\" itemscope=\"itemscope\" itemtype=\"https:\/\/schema.org\/ImageObject\" ><ul class='avia-slideshow-inner ' style='padding-bottom: 78.425925925926%;' ><li  class=' av-single-slide slide-1 ' ><a href='https:\/\/farmscale.it\/wp-content\/uploads\/2020\/10\/230-1-1030x808.jpg' data-rel='slideshow-1' class='avia-slide-wrap '   ><img class=\"wp-image-7559 avia-img-lazy-loading-not-7559\"  src='https:\/\/farmscale.it\/wp-content\/uploads\/2020\/10\/230-1.jpg' width='1080' height='847' title='230-1' alt=''  itemprop=\"thumbnailUrl\"   \/><\/a><\/li><\/ul><\/div><\/div><div class=\"flex_column av_one_half  flex_column_div av-zero-column-padding   avia-builder-el-4  el_after_av_one_half  el_before_av_one_half  \" style='border-radius:0px; '><p><div  style='padding-bottom:15px; color:#000000;font-size:15px;' class='av-special-heading av-special-heading-h1 custom-color-heading blockquote modern-quote  avia-builder-el-5  el_before_av_textblock  avia-builder-el-first  av-inherit-size '><h1 class='av-special-heading-tag '  itemprop=\"headline\"  >F\u00e1cil &#8211; Preciso &#8211; Econ\u00f3mico <\/h1><div class='special-heading-border'><div class='special-heading-inner-border' style='border-color:#000000'><\/div><\/div><\/div><br \/>\n<section class=\"av_textblock_section \"  itemscope=\"itemscope\" itemtype=\"https:\/\/schema.org\/CreativeWork\" ><div class='avia_textblock  '   itemprop=\"text\" ><p>EI indicador mod. 230 es eI resuItado de Ia experiencia de Perin Weighmaster que siempre propone soIuciones fiabIes y f\u00e1ciIes de usar. EI operador puede decidir trabajar con pesajes parciaIes, con una aIarma para carga\/descarga o con una secuencia de 99 puntos de aIarma programabIes para Ia carga\/descarga. Esta secuencia se pIantea f\u00e1ciImente (por medio de una ruedeciIIa con bot\u00f3n a presi\u00f3n), de hecho no son necesarios compIicados procedimientos de programaci\u00f3n. Por su practicidad se puede utiIizar tanto en mezcIadores arrastrados como en autopropuIsados. EI indicador est\u00e1 provisto de tests autom\u00e1ticos y manuaIes que indican eI niveI de tensi\u00f3n bater\u00eda, eI cortocircuito en Ia saIida de aIarma, anomaI\u00edas en Ios cabIes o c\u00e9IuIas.<\/p>\n<\/div><\/section><br \/>\n<div  style='padding-bottom:15px; color:#000000;font-size:15px;' class='av-special-heading av-special-heading-h1 custom-color-heading blockquote modern-quote  avia-builder-el-7  el_after_av_textblock  el_before_av_textblock  av-inherit-size '><h1 class='av-special-heading-tag '  itemprop=\"headline\"  >CARACTER\u00cdSTICAS:<\/h1><div class='special-heading-border'><div class='special-heading-inner-border' style='border-color:#000000'><\/div><\/div><\/div><br \/>\n<section class=\"av_textblock_section \"  itemscope=\"itemscope\" itemtype=\"https:\/\/schema.org\/CreativeWork\" ><div class='avia_textblock  '   itemprop=\"text\" ><p>Alimentaci\u00f3n 12\/24 Voltios 0,3 Amp<br \/>\nLCD retroiluminado con 5 cifras h 54 mm para el peso y 2 cifras h 14 mm para los puntos de carga y descarga<br \/>\nTemperatura de funcionamiento: -20 \/ +40\u00b0C<br \/>\nCaja: herm\u00e9tica en ABS<br \/>\n99 puntos de alarma programables<br \/>\nAnunciadores: total\/net, tare, setup, program, alarm, execut, load, auto, step, kg\/lb<br \/>\nPre-alarma y alarma para cada carga\/descarga planteada<br \/>\nTara, calibraci\u00f3n, divisi\u00f3n y prueba bater\u00eda por ruedecilla<br \/>\nConectores tipo MIL para alimentaci\u00f3n y c\u00e9lulas de carga<br \/>\nConector StarBUS (opcional) para trabajar con repetidor (tanto por cable como por radio)<br \/>\nRepetidores de peso asociables por cable starbus de varias medidas (1-3-6-9-15 metros) LCD REM 54 num\u00e9rico cifras negras h 54 mm<br \/>\nLED REM 57 num\u00e9rico cifras rojas h 57 mm<\/p>\n<\/div><\/section><\/p><\/div><div class=\"flex_column av_one_half  flex_column_div av-zero-column-padding first  avia-builder-el-9  el_after_av_one_half  el_before_av_one_half  column-top-margin\" style='border-radius:0px; '><article  class=\"iconbox iconbox_right_content    avia-builder-el-10  avia-builder-el-no-sibling  av-icon-style-no-border\"  itemscope=\"itemscope\" itemtype=\"https:\/\/schema.org\/CreativeWork\" ><a href='https:\/\/farmscale.it\/wp-content\/uploads\/2020\/10\/230-E.pdf' title='Visualizza il depliant:' target=\"_blank\" rel=\"noopener noreferrer\" class=\"iconbox_icon heading-color\" aria-hidden='true' data-av_icon='\uf1c1' data-av_iconfont='fontello' style='color:#d63333; '><\/a><div class=\"iconbox_content\"><header class=\"entry-content-header\"><h3 class='iconbox_content_title  '  itemprop=\"headline\"  ><a href='https:\/\/farmscale.it\/wp-content\/uploads\/2020\/10\/230-E.pdf' title='Visualizza il depliant:' target=\"_blank\" rel=\"noopener noreferrer\">Visualizza il depliant:<\/a><\/h3><\/header><div class='iconbox_content_container  '  itemprop=\"text\"  ><\/div><\/div><footer class=\"entry-footer\"><\/footer><\/article><\/div><div class=\"flex_column av_one_half  flex_column_div av-zero-column-padding   avia-builder-el-11  el_after_av_one_half  el_before_av_hr  column-top-margin\" style='border-radius:0px; '><article  class=\"iconbox iconbox_right_content    avia-builder-el-12  avia-builder-el-no-sibling  av-icon-style-no-border\"  itemscope=\"itemscope\" itemtype=\"https:\/\/schema.org\/CreativeWork\" ><div class=\"iconbox_icon heading-color\" aria-hidden='true' data-av_icon='\uf16a' data-av_iconfont='fontello'  style='color:#c12e2e; ' ><\/div><div class=\"iconbox_content\"><header class=\"entry-content-header\"><h3 class='iconbox_content_title  '  itemprop=\"headline\"  >Visualizza il tutorial:<\/h3><\/header><div class='iconbox_content_container  '  itemprop=\"text\"  ><\/div><\/div><footer class=\"entry-footer\"><\/footer><\/article><\/div><div   class='hr hr-default   avia-builder-el-13  el_after_av_one_half  avia-builder-el-last '><span class='hr-inner ' ><span class='hr-inner-style'><\/span><\/span><\/div>\n<\/div><\/div><\/main><!-- close content main element --><\/div><\/div><div id='after_section_1'  class='main_color av_default_container_wrap container_wrap sidebar_right' style=' '  ><div class='container' ><div class='template-page content  av-content-small alpha units'><div class='post-entry post-entry-type-page post-entry-4074'><div class='entry-content-wrapper clearfix'>\n","protected":false},"excerpt":{"rendered":"","protected":false},"author":1,"featured_media":0,"parent":0,"menu_order":0,"comment_status":"open","ping_status":"closed","template":"","meta":{"footnotes":""},"class_list":["post-4074","page","type-page","status-publish","hentry"],"yoast_head":"<!-- This site is optimized with the Yoast SEO plugin v27.2 - https:\/\/yoast.com\/product\/yoast-seo-wordpress\/ -->\n<title>230 - Farm Scale sistemas de pesaje electr\u00f3nicos<\/title>\n<meta name=\"robots\" content=\"index, follow, max-snippet:-1, max-image-preview:large, max-video-preview:-1\" \/>\n<link rel=\"canonical\" href=\"https:\/\/farmscale.it\/es\/230-2\/\" \/>\n<meta property=\"og:locale\" content=\"es_ES\" \/>\n<meta property=\"og:type\" content=\"article\" \/>\n<meta property=\"og:title\" content=\"230 - Farm Scale sistemas de pesaje electr\u00f3nicos\" \/>\n<meta property=\"og:url\" content=\"https:\/\/farmscale.it\/es\/230-2\/\" \/>\n<meta property=\"og:site_name\" content=\"Farm Scale sistemas de pesaje electr\u00f3nicos\" \/>\n<meta property=\"article:publisher\" content=\"https:\/\/www.facebook.com\/Perin-Weighmaster-1129543610407203\" \/>\n<meta property=\"article:modified_time\" content=\"2020-10-23T19:33:16+00:00\" \/>\n<meta name=\"twitter:card\" content=\"summary_large_image\" \/>\n<meta name=\"twitter:label1\" content=\"Tiempo de lectura\" \/>\n\t<meta name=\"twitter:data1\" content=\"6 minutos\" \/>\n<script type=\"application\/ld+json\" class=\"yoast-schema-graph\">{\"@context\":\"https:\/\/schema.org\",\"@graph\":[{\"@type\":\"WebPage\",\"@id\":\"https:\/\/farmscale.it\/es\/230-2\/\",\"url\":\"https:\/\/farmscale.it\/es\/230-2\/\",\"name\":\"230 - Farm Scale sistemas de pesaje electr\u00f3nicos\",\"isPartOf\":{\"@id\":\"https:\/\/farmscale.it\/es\/#website\"},\"datePublished\":\"2018-05-04T12:29:33+00:00\",\"dateModified\":\"2020-10-23T19:33:16+00:00\",\"breadcrumb\":{\"@id\":\"https:\/\/farmscale.it\/es\/230-2\/#breadcrumb\"},\"inLanguage\":\"es\",\"potentialAction\":[{\"@type\":\"ReadAction\",\"target\":[\"https:\/\/farmscale.it\/es\/230-2\/\"]}]},{\"@type\":\"BreadcrumbList\",\"@id\":\"https:\/\/farmscale.it\/es\/230-2\/#breadcrumb\",\"itemListElement\":[{\"@type\":\"ListItem\",\"position\":1,\"name\":\"Home\",\"item\":\"https:\/\/farmscale.it\/es\/\"},{\"@type\":\"ListItem\",\"position\":2,\"name\":\"230\"}]},{\"@type\":\"WebSite\",\"@id\":\"https:\/\/farmscale.it\/es\/#website\",\"url\":\"https:\/\/farmscale.it\/es\/\",\"name\":\"Farm Scale sistemas de pesaje electr\u00f3nicos\",\"description\":\"Just another WordPress site\",\"potentialAction\":[{\"@type\":\"SearchAction\",\"target\":{\"@type\":\"EntryPoint\",\"urlTemplate\":\"https:\/\/farmscale.it\/es\/?s={search_term_string}\"},\"query-input\":{\"@type\":\"PropertyValueSpecification\",\"valueRequired\":true,\"valueName\":\"search_term_string\"}}],\"inLanguage\":\"es\"}]}<\/script>\n<!-- \/ Yoast SEO plugin. -->","yoast_head_json":{"title":"230 - Farm Scale sistemas de pesaje electr\u00f3nicos","robots":{"index":"index","follow":"follow","max-snippet":"max-snippet:-1","max-image-preview":"max-image-preview:large","max-video-preview":"max-video-preview:-1"},"canonical":"https:\/\/farmscale.it\/es\/230-2\/","og_locale":"es_ES","og_type":"article","og_title":"230 - Farm Scale sistemas de pesaje electr\u00f3nicos","og_url":"https:\/\/farmscale.it\/es\/230-2\/","og_site_name":"Farm Scale sistemas de pesaje electr\u00f3nicos","article_publisher":"https:\/\/www.facebook.com\/Perin-Weighmaster-1129543610407203","article_modified_time":"2020-10-23T19:33:16+00:00","twitter_card":"summary_large_image","twitter_misc":{"Tiempo de lectura":"6 minutos"},"schema":{"@context":"https:\/\/schema.org","@graph":[{"@type":"WebPage","@id":"https:\/\/farmscale.it\/es\/230-2\/","url":"https:\/\/farmscale.it\/es\/230-2\/","name":"230 - Farm Scale sistemas de pesaje electr\u00f3nicos","isPartOf":{"@id":"https:\/\/farmscale.it\/es\/#website"},"datePublished":"2018-05-04T12:29:33+00:00","dateModified":"2020-10-23T19:33:16+00:00","breadcrumb":{"@id":"https:\/\/farmscale.it\/es\/230-2\/#breadcrumb"},"inLanguage":"es","potentialAction":[{"@type":"ReadAction","target":["https:\/\/farmscale.it\/es\/230-2\/"]}]},{"@type":"BreadcrumbList","@id":"https:\/\/farmscale.it\/es\/230-2\/#breadcrumb","itemListElement":[{"@type":"ListItem","position":1,"name":"Home","item":"https:\/\/farmscale.it\/es\/"},{"@type":"ListItem","position":2,"name":"230"}]},{"@type":"WebSite","@id":"https:\/\/farmscale.it\/es\/#website","url":"https:\/\/farmscale.it\/es\/","name":"Farm Scale sistemas de pesaje electr\u00f3nicos","description":"Just another WordPress site","potentialAction":[{"@type":"SearchAction","target":{"@type":"EntryPoint","urlTemplate":"https:\/\/farmscale.it\/es\/?s={search_term_string}"},"query-input":{"@type":"PropertyValueSpecification","valueRequired":true,"valueName":"search_term_string"}}],"inLanguage":"es"}]}},"_links":{"self":[{"href":"https:\/\/farmscale.it\/es\/wp-json\/wp\/v2\/pages\/4074","targetHints":{"allow":["GET"]}}],"collection":[{"href":"https:\/\/farmscale.it\/es\/wp-json\/wp\/v2\/pages"}],"about":[{"href":"https:\/\/farmscale.it\/es\/wp-json\/wp\/v2\/types\/page"}],"author":[{"embeddable":true,"href":"https:\/\/farmscale.it\/es\/wp-json\/wp\/v2\/users\/1"}],"replies":[{"embeddable":true,"href":"https:\/\/farmscale.it\/es\/wp-json\/wp\/v2\/comments?post=4074"}],"version-history":[{"count":0,"href":"https:\/\/farmscale.it\/es\/wp-json\/wp\/v2\/pages\/4074\/revisions"}],"wp:attachment":[{"href":"https:\/\/farmscale.it\/es\/wp-json\/wp\/v2\/media?parent=4074"}],"curies":[{"name":"wp","href":"https:\/\/api.w.org\/{rel}","templated":true}]}}