{"id":4437,"date":"2018-05-04T17:25:56","date_gmt":"2018-05-04T17:25:56","guid":{"rendered":"http:\/\/farmscale.it\/?page_id=4437"},"modified":"2018-05-05T13:41:43","modified_gmt":"2018-05-05T13:41:43","slug":"mandos-electricos","status":"publish","type":"page","link":"https:\/\/farmscale.it\/es\/mandos-electricos\/","title":{"rendered":"Mandos El\u00e9ctricos"},"content":{"rendered":"<div id='av_section_1'  class='avia-section main_color avia-section-default avia-no-shadow  avia-bg-style-scroll  avia-builder-el-0  avia-builder-el-no-sibling   container_wrap sidebar_right' style=' '  ><div class='container' ><main  role=\"main\" itemprop=\"mainContentOfPage\"  class='template-page content  av-content-small alpha units'><div class='post-entry post-entry-type-page post-entry-4437'><div class='entry-content-wrapper clearfix'>\n<div   class='hr hr-default   avia-builder-el-1  el_before_av_one_half  avia-builder-el-first '><span class='hr-inner ' ><span class='hr-inner-style'><\/span><\/span><\/div>\n<div class=\"flex_column av_one_half  flex_column_div av-zero-column-padding first  avia-builder-el-2  el_after_av_hr  el_before_av_one_half  \" style='border-radius:0px; '><div   data-size='no scaling'  data-lightbox_size='large'  data-animation='fade'  data-conditional_play=''  data-ids='4422,4423,4424'  data-video_counter='0'  data-autoplay='true'  data-bg_slider='false'  data-slide_height=''  data-handle='av_slideshow'  data-interval='4'  data-class=' avia-builder-el-3  avia-builder-el-no-sibling  '  data-el_id=''  data-css_id=''  data-scroll_down=''  data-control_layout='av-control-minimal av-control-minimal-dark'  data-custom_markup=''  data-perma_caption=''  data-autoplay_stopper=''  data-image_attachment=''  data-min_height='0px'  data-lazy_loading='disabled'  class='avia-slideshow avia-slideshow-1  av-control-minimal av-control-minimal-dark av-default-height-applied avia-slideshow-no scaling av_slideshow  avia-builder-el-3  avia-builder-el-no-sibling   avia-fade-slider '  itemprop=\"image\" itemscope=\"itemscope\" itemtype=\"https:\/\/schema.org\/ImageObject\" ><ul class='avia-slideshow-inner ' style='padding-bottom: 100%;' ><li  class=' slide-1 ' ><a href='https:\/\/farmscale.it\/wp-content\/uploads\/2018\/05\/Comandi_Elettrici_1-1030x1030.jpg' data-rel='slideshow-1' class='avia-slide-wrap '   ><img class=\"wp-image-6498 avia-img-lazy-loading-not-6498\"  src='https:\/\/farmscale.it\/wp-content\/uploads\/2018\/05\/Comandi_Elettrici_1.jpg' width='1080' height='1080' title='Comandi_Elettrici_1' alt=''  itemprop=\"thumbnailUrl\"   \/><\/a><\/li><li  class=' slide-2 ' ><a href='https:\/\/farmscale.it\/wp-content\/uploads\/2018\/05\/Comandi_Elettrici_2-1030x1030.jpg' data-rel='slideshow-1' class='avia-slide-wrap '   ><img class=\"wp-image-6502 avia-img-lazy-loading-not-6502\"  src='https:\/\/farmscale.it\/wp-content\/uploads\/2018\/05\/Comandi_Elettrici_2.jpg' width='1080' height='1080' title='Comandi_Elettrici_2' alt=''  itemprop=\"thumbnailUrl\"   \/><\/a><\/li><li  class=' slide-3 ' ><a href='https:\/\/farmscale.it\/wp-content\/uploads\/2018\/05\/Comandi_Elettrici_3-1030x1030.jpg' data-rel='slideshow-1' class='avia-slide-wrap '   ><img class=\"wp-image-6506 avia-img-lazy-loading-not-6506\"  src='https:\/\/farmscale.it\/wp-content\/uploads\/2018\/05\/Comandi_Elettrici_3.jpg' width='1080' height='1080' title='Comandi_Elettrici_3' alt=''  itemprop=\"thumbnailUrl\"   \/><\/a><\/li><\/ul><div class='avia-slideshow-arrows avia-slideshow-controls'><a href='#prev' class='prev-slide' aria-hidden='true' data-av_icon='\ue87c' data-av_iconfont='entypo-fontello'>Anterior<\/a><a href='#next' class='next-slide' aria-hidden='true' data-av_icon='\ue87d' data-av_iconfont='entypo-fontello'>Posterior<\/a><\/div><div class='avia-slideshow-dots avia-slideshow-controls'><a href='#1' class='goto-slide active' >1<\/a><a href='#2' class='goto-slide ' >2<\/a><a href='#3' class='goto-slide ' >3<\/a><\/div><\/div><\/div><div class=\"flex_column av_one_half  flex_column_div av-zero-column-padding   avia-builder-el-4  el_after_av_one_half  el_before_av_one_half  \" style='border-radius:0px; '><p><div  style='padding-bottom:15px; color:#000000;font-size:18px;' class='av-special-heading av-special-heading-h1 custom-color-heading blockquote modern-quote  avia-builder-el-5  el_before_av_textblock  avia-builder-el-first  av-inherit-size '><h1 class='av-special-heading-tag '  itemprop=\"headline\"  >Mandos El\u00e9ctricos<\/h1><div class='special-heading-border'><div class='special-heading-inner-border' style='border-color:#000000'><\/div><\/div><\/div><br \/>\n<section class=\"av_textblock_section \"  itemscope=\"itemscope\" itemtype=\"https:\/\/schema.org\/CreativeWork\" ><div class='avia_textblock  '   itemprop=\"text\" ><p>Este sistema est\u00e1 compuesto de una caja de control y de una botonera m\u00f3vil que permiten el control remoto de cuatro, seis o m\u00e1s electrov\u00e1lvulas a doble funci\u00f3n.<\/p>\n<p>La caja de control es dirigida por un microprocesador y, por medio de un cable a cuatro hilos, est\u00e1 conectada a la botonera de mandos. La forma compacta<br \/>\ny la ligereza de las dos aseguran una manejabilidad sencilla.<br \/>\nLos mandos pueden ser de tipo monostable o bistable.<br \/>\nCada funci\u00f3n puede ser programada para interactuar con otras funciones.<br \/>\nEs tambi\u00e9n posible predisponer prioridades o exclusiones para evitar la contemporaneidad de unas funciones.<br \/>\nLa botonera est\u00e1 dotada de una tecla de emergencia que, cuando pulsada, interrumpe inmediatamente la alimentaci\u00f3n el\u00e9ctrica y, por consiguiente, todas las funciones.<br \/>\nSeg\u00fan las necesidades, los s\u00edmbolos utilizados en la botonera pueden ser personalizados bajo demanda.<br \/>\nEl equipo es vendido con el cableado necesario a la conexi\u00f3n con el suministro el\u00e9ctrico y a las electrov\u00e1lvulas.<\/p>\n<\/div><\/section><\/p><\/div><div class=\"flex_column av_one_half  flex_column_div av-zero-column-padding first  avia-builder-el-7  el_after_av_one_half  el_before_av_one_half  column-top-margin\" style='border-radius:0px; '><\/div><div class=\"flex_column av_one_half  flex_column_div av-zero-column-padding   avia-builder-el-8  el_after_av_one_half  el_before_av_hr  column-top-margin\" style='border-radius:0px; '><article  class=\"iconbox iconbox_right_content    avia-builder-el-9  avia-builder-el-no-sibling  av-icon-style-no-border\"  itemscope=\"itemscope\" itemtype=\"https:\/\/schema.org\/CreativeWork\" ><a href='https:\/\/farmscale.it\/wp-content\/uploads\/2018\/05\/Comandi-elettrici-nuovo-E.pdf' title='Visualiza folleto:' target=\"_blank\" rel=\"noopener noreferrer\" class=\"iconbox_icon heading-color\" aria-hidden='true' data-av_icon='\uf1c1' data-av_iconfont='fontello' style='color:#d63333; '><\/a><div class=\"iconbox_content\"><header class=\"entry-content-header\"><h3 class='iconbox_content_title  '  itemprop=\"headline\"  ><a href='https:\/\/farmscale.it\/wp-content\/uploads\/2018\/05\/Comandi-elettrici-nuovo-E.pdf' title='Visualiza folleto:' target=\"_blank\" rel=\"noopener noreferrer\">Visualiza folleto:<\/a><\/h3><\/header><div class='iconbox_content_container  '  itemprop=\"text\"  ><\/div><\/div><footer class=\"entry-footer\"><\/footer><\/article><\/div><div   class='hr hr-default   avia-builder-el-10  el_after_av_one_half  avia-builder-el-last '><span class='hr-inner ' ><span class='hr-inner-style'><\/span><\/span><\/div>\n<\/div><\/div><\/main><!-- close content main element --><\/div><\/div><div id='after_section_1'  class='main_color av_default_container_wrap container_wrap sidebar_right' style=' '  ><div class='container' ><div class='template-page content  av-content-small alpha units'><div class='post-entry post-entry-type-page post-entry-4437'><div class='entry-content-wrapper clearfix'>\n","protected":false},"excerpt":{"rendered":"","protected":false},"author":1,"featured_media":0,"parent":0,"menu_order":0,"comment_status":"open","ping_status":"closed","template":"","meta":{"footnotes":""},"class_list":["post-4437","page","type-page","status-publish","hentry"],"yoast_head":"<!-- This site is optimized with the Yoast SEO plugin v27.3 - https:\/\/yoast.com\/product\/yoast-seo-wordpress\/ -->\n<title>Mandos El\u00e9ctricos - Farm Scale sistemas de pesaje electr\u00f3nicos<\/title>\n<meta name=\"robots\" content=\"index, follow, max-snippet:-1, max-image-preview:large, max-video-preview:-1\" \/>\n<link rel=\"canonical\" href=\"https:\/\/farmscale.it\/es\/mandos-electricos\/\" \/>\n<meta property=\"og:locale\" content=\"es_ES\" \/>\n<meta property=\"og:type\" content=\"article\" \/>\n<meta property=\"og:title\" content=\"Mandos El\u00e9ctricos - Farm Scale sistemas de pesaje electr\u00f3nicos\" \/>\n<meta property=\"og:url\" content=\"https:\/\/farmscale.it\/es\/mandos-electricos\/\" \/>\n<meta property=\"og:site_name\" content=\"Farm Scale sistemas de pesaje electr\u00f3nicos\" \/>\n<meta property=\"article:publisher\" content=\"https:\/\/www.facebook.com\/Perin-Weighmaster-1129543610407203\" \/>\n<meta property=\"article:modified_time\" content=\"2018-05-05T13:41:43+00:00\" \/>\n<meta name=\"twitter:card\" content=\"summary_large_image\" \/>\n<meta name=\"twitter:label1\" content=\"Tiempo de lectura\" \/>\n\t<meta name=\"twitter:data1\" content=\"5 minutos\" \/>\n<script type=\"application\/ld+json\" class=\"yoast-schema-graph\">{\"@context\":\"https:\\\/\\\/schema.org\",\"@graph\":[{\"@type\":\"WebPage\",\"@id\":\"https:\\\/\\\/farmscale.it\\\/es\\\/mandos-electricos\\\/\",\"url\":\"https:\\\/\\\/farmscale.it\\\/es\\\/mandos-electricos\\\/\",\"name\":\"Mandos El\u00e9ctricos - Farm Scale sistemas de pesaje electr\u00f3nicos\",\"isPartOf\":{\"@id\":\"https:\\\/\\\/farmscale.it\\\/es\\\/#website\"},\"datePublished\":\"2018-05-04T17:25:56+00:00\",\"dateModified\":\"2018-05-05T13:41:43+00:00\",\"breadcrumb\":{\"@id\":\"https:\\\/\\\/farmscale.it\\\/es\\\/mandos-electricos\\\/#breadcrumb\"},\"inLanguage\":\"es\",\"potentialAction\":[{\"@type\":\"ReadAction\",\"target\":[\"https:\\\/\\\/farmscale.it\\\/es\\\/mandos-electricos\\\/\"]}]},{\"@type\":\"BreadcrumbList\",\"@id\":\"https:\\\/\\\/farmscale.it\\\/es\\\/mandos-electricos\\\/#breadcrumb\",\"itemListElement\":[{\"@type\":\"ListItem\",\"position\":1,\"name\":\"Home\",\"item\":\"https:\\\/\\\/farmscale.it\\\/es\\\/\"},{\"@type\":\"ListItem\",\"position\":2,\"name\":\"Mandos El\u00e9ctricos\"}]},{\"@type\":\"WebSite\",\"@id\":\"https:\\\/\\\/farmscale.it\\\/es\\\/#website\",\"url\":\"https:\\\/\\\/farmscale.it\\\/es\\\/\",\"name\":\"Farm Scale sistemas de pesaje electr\u00f3nicos\",\"description\":\"Just another WordPress site\",\"potentialAction\":[{\"@type\":\"SearchAction\",\"target\":{\"@type\":\"EntryPoint\",\"urlTemplate\":\"https:\\\/\\\/farmscale.it\\\/es\\\/?s={search_term_string}\"},\"query-input\":{\"@type\":\"PropertyValueSpecification\",\"valueRequired\":true,\"valueName\":\"search_term_string\"}}],\"inLanguage\":\"es\"}]}<\/script>\n<!-- \/ Yoast SEO plugin. -->","yoast_head_json":{"title":"Mandos El\u00e9ctricos - Farm Scale sistemas de pesaje electr\u00f3nicos","robots":{"index":"index","follow":"follow","max-snippet":"max-snippet:-1","max-image-preview":"max-image-preview:large","max-video-preview":"max-video-preview:-1"},"canonical":"https:\/\/farmscale.it\/es\/mandos-electricos\/","og_locale":"es_ES","og_type":"article","og_title":"Mandos El\u00e9ctricos - Farm Scale sistemas de pesaje electr\u00f3nicos","og_url":"https:\/\/farmscale.it\/es\/mandos-electricos\/","og_site_name":"Farm Scale sistemas de pesaje electr\u00f3nicos","article_publisher":"https:\/\/www.facebook.com\/Perin-Weighmaster-1129543610407203","article_modified_time":"2018-05-05T13:41:43+00:00","twitter_card":"summary_large_image","twitter_misc":{"Tiempo de lectura":"5 minutos"},"schema":{"@context":"https:\/\/schema.org","@graph":[{"@type":"WebPage","@id":"https:\/\/farmscale.it\/es\/mandos-electricos\/","url":"https:\/\/farmscale.it\/es\/mandos-electricos\/","name":"Mandos El\u00e9ctricos - Farm Scale sistemas de pesaje electr\u00f3nicos","isPartOf":{"@id":"https:\/\/farmscale.it\/es\/#website"},"datePublished":"2018-05-04T17:25:56+00:00","dateModified":"2018-05-05T13:41:43+00:00","breadcrumb":{"@id":"https:\/\/farmscale.it\/es\/mandos-electricos\/#breadcrumb"},"inLanguage":"es","potentialAction":[{"@type":"ReadAction","target":["https:\/\/farmscale.it\/es\/mandos-electricos\/"]}]},{"@type":"BreadcrumbList","@id":"https:\/\/farmscale.it\/es\/mandos-electricos\/#breadcrumb","itemListElement":[{"@type":"ListItem","position":1,"name":"Home","item":"https:\/\/farmscale.it\/es\/"},{"@type":"ListItem","position":2,"name":"Mandos El\u00e9ctricos"}]},{"@type":"WebSite","@id":"https:\/\/farmscale.it\/es\/#website","url":"https:\/\/farmscale.it\/es\/","name":"Farm Scale sistemas de pesaje electr\u00f3nicos","description":"Just another WordPress site","potentialAction":[{"@type":"SearchAction","target":{"@type":"EntryPoint","urlTemplate":"https:\/\/farmscale.it\/es\/?s={search_term_string}"},"query-input":{"@type":"PropertyValueSpecification","valueRequired":true,"valueName":"search_term_string"}}],"inLanguage":"es"}]}},"_links":{"self":[{"href":"https:\/\/farmscale.it\/es\/wp-json\/wp\/v2\/pages\/4437","targetHints":{"allow":["GET"]}}],"collection":[{"href":"https:\/\/farmscale.it\/es\/wp-json\/wp\/v2\/pages"}],"about":[{"href":"https:\/\/farmscale.it\/es\/wp-json\/wp\/v2\/types\/page"}],"author":[{"embeddable":true,"href":"https:\/\/farmscale.it\/es\/wp-json\/wp\/v2\/users\/1"}],"replies":[{"embeddable":true,"href":"https:\/\/farmscale.it\/es\/wp-json\/wp\/v2\/comments?post=4437"}],"version-history":[{"count":0,"href":"https:\/\/farmscale.it\/es\/wp-json\/wp\/v2\/pages\/4437\/revisions"}],"wp:attachment":[{"href":"https:\/\/farmscale.it\/es\/wp-json\/wp\/v2\/media?parent=4437"}],"curies":[{"name":"wp","href":"https:\/\/api.w.org\/{rel}","templated":true}]}}