{"id":4485,"date":"2018-05-04T18:47:53","date_gmt":"2018-05-04T18:47:53","guid":{"rendered":"http:\/\/farmscale.it\/?page_id=4485"},"modified":"2018-05-04T18:47:53","modified_gmt":"2018-05-04T18:47:53","slug":"farmlink","status":"publish","type":"page","link":"https:\/\/farmscale.it\/es\/farmlink\/","title":{"rendered":"FarmLink"},"content":{"rendered":"<div id='av_section_1'  class='avia-section main_color avia-section-default avia-no-shadow  avia-bg-style-scroll  avia-builder-el-0  avia-builder-el-no-sibling   container_wrap sidebar_right' style=' '  ><div class='container' ><main  role=\"main\" itemprop=\"mainContentOfPage\"  class='template-page content  av-content-small alpha units'><div class='post-entry post-entry-type-page post-entry-4485'><div class='entry-content-wrapper clearfix'>\n<div   class='hr hr-default   avia-builder-el-1  el_before_av_one_half  avia-builder-el-first '><span class='hr-inner ' ><span class='hr-inner-style'><\/span><\/span><\/div>\n<div class=\"flex_column av_one_half  flex_column_div av-zero-column-padding first  avia-builder-el-2  el_after_av_hr  el_before_av_one_half  \" style='border-radius:0px; '><div   data-size='no scaling'  data-lightbox_size='large'  data-animation='fade'  data-conditional_play=''  data-ids='4472'  data-video_counter='0'  data-autoplay='true'  data-bg_slider='false'  data-slide_height=''  data-handle='av_slideshow'  data-interval='4'  data-class=' avia-builder-el-3  avia-builder-el-no-sibling  '  data-el_id=''  data-css_id=''  data-scroll_down=''  data-control_layout='av-control-minimal av-control-minimal-dark'  data-custom_markup=''  data-perma_caption=''  data-autoplay_stopper=''  data-image_attachment=''  data-min_height='0px'  data-lazy_loading='disabled'  class='avia-slideshow avia-slideshow-1  av-control-minimal av-control-minimal-dark av-default-height-applied avia-slideshow-no scaling av_slideshow  avia-builder-el-3  avia-builder-el-no-sibling   avia-fade-slider '  itemprop=\"image\" itemscope=\"itemscope\" itemtype=\"https:\/\/schema.org\/ImageObject\" ><ul class='avia-slideshow-inner ' style='padding-bottom: 76.744186046512%;' ><li  class=' av-single-slide slide-1 ' ><a href='https:\/\/farmscale.it\/wp-content\/uploads\/2018\/05\/Farmlink4.jpg' data-rel='slideshow-1' class='avia-slide-wrap '   ><img class=\"wp-image-6562 avia-img-lazy-loading-not-6562\"  src='https:\/\/farmscale.it\/wp-content\/uploads\/2018\/05\/Farmlink4.jpg' width='387' height='297' title='Farmlink4' alt=''  itemprop=\"thumbnailUrl\"   \/><\/a><\/li><\/ul><\/div><\/div><div class=\"flex_column av_one_half  flex_column_div av-zero-column-padding   avia-builder-el-4  el_after_av_one_half  el_before_av_one_half  \" style='border-radius:0px; '><p><div  style='padding-bottom:15px; color:#000000;font-size:20px;' class='av-special-heading av-special-heading-h1 custom-color-heading blockquote modern-quote  avia-builder-el-5  el_before_av_textblock  avia-builder-el-first  av-inherit-size '><h1 class='av-special-heading-tag '  itemprop=\"headline\"  >FARMLINK4<\/h1><div class='special-heading-border'><div class='special-heading-inner-border' style='border-color:#000000'><\/div><\/div><\/div><br \/>\n<section class=\"av_textblock_section \"  itemscope=\"itemscope\" itemtype=\"https:\/\/schema.org\/CreativeWork\" ><div class='avia_textblock  '   itemprop=\"text\" ><p>Software para la gesti\u00f3n avanzada de la trazabilidad y alimentaci\u00f3n del ganado.<br \/>\nDisponible en versi\u00f3n Light y en versi\u00f3n Plus.<\/p>\n<\/div><\/section><br \/>\n<div  style='padding-bottom:15px; color:#000000;font-size:15px;' class='av-special-heading av-special-heading-h1 custom-color-heading blockquote modern-quote  avia-builder-el-7  el_after_av_textblock  el_before_av_textblock  av-inherit-size '><h1 class='av-special-heading-tag '  itemprop=\"headline\"  >Descripci\u00f3n:<\/h1><div class='special-heading-border'><div class='special-heading-inner-border' style='border-color:#000000'><\/div><\/div><\/div><br \/>\n<section class=\"av_textblock_section \"  itemscope=\"itemscope\" itemtype=\"https:\/\/schema.org\/CreativeWork\" ><div class='avia_textblock  '   itemprop=\"text\" ><p>FarmLink es un software que se utiliza con Windows y que funciona junto a los sistemas de peso de Perin Weighmaster S.r.l. (modelos Farm Scale: 1500, 1510, 1520, 1530, Visual 2000). Estos sistemas de peso est\u00e1n generalmente montados en las mezcladoras \u00abUNIFEED\u00bb de varias marcas o en molinos para la preparaci\u00f3n del pienso.<br \/>\nEl programa puede ser instalado en mezcladoras nuevas o ya existentes (tambi\u00e9n si en origen ten\u00edan b\u00e1sculas de otras marcas), sin que sea necesario sustituir las c\u00e9lulas de carga.<br \/>\nEl FarmLink es una v\u00e1lida ayuda para la creaci\u00f3n de fichas fundamentales para administrar la Calidad y es indispensable para las fincas que quieren certificar la<br \/>\ntrazabilidad de la alimentaci\u00f3n del ganado.<\/p>\n<\/div><\/section><br \/>\n<div  style='padding-bottom:15px; color:#000000;font-size:15px;' class='av-special-heading av-special-heading-h1 custom-color-heading blockquote modern-quote  avia-builder-el-9  el_after_av_textblock  el_before_av_textblock  av-inherit-size '><h1 class='av-special-heading-tag '  itemprop=\"headline\"  >Los objetivos del programa son:<\/h1><div class='special-heading-border'><div class='special-heading-inner-border' style='border-color:#000000'><\/div><\/div><\/div><br \/>\n<section class=\"av_textblock_section \"  itemscope=\"itemscope\" itemtype=\"https:\/\/schema.org\/CreativeWork\" ><div class='avia_textblock  '   itemprop=\"text\" ><p>&#8211; optimizaci\u00f3n de la gesti\u00f3n de las materias primas para la alimentaci\u00f3n de los animales<br \/>\n&#8211; optimizaci\u00f3n del empleo de la mano de obra utilizada para la preparaci\u00f3n de las raciones<br \/>\n&#8211; mejora de la calidad de la raci\u00f3n distribuida a los grupos de ganado individuales con incremento correspondiente de la cantidad y de la calidad de la leche o de la carne producidas<br \/>\n&#8211; mejora del estado de salud del animal<br \/>\n&#8211; trazabilidad de los alimentos distribuidos a los grupos de ganado individuales<br \/>\n&#8211; c\u00e1lculo autom\u00e1tico del IOFC (Income Over Feed Cost)<br \/>\n&#8211; minimizaci\u00f3n de los gastos y de los residuos<\/p>\n<\/div><\/section><\/p><\/div><div class=\"flex_column av_one_half  flex_column_div av-zero-column-padding first  avia-builder-el-11  el_after_av_one_half  el_before_av_one_half  column-top-margin\" style='border-radius:0px; '><\/div><div class=\"flex_column av_one_half  flex_column_div av-zero-column-padding   avia-builder-el-12  el_after_av_one_half  el_before_av_hr  column-top-margin\" style='border-radius:0px; '><article  class=\"iconbox iconbox_right_content    avia-builder-el-13  avia-builder-el-no-sibling  av-icon-style-no-border\"  itemscope=\"itemscope\" itemtype=\"https:\/\/schema.org\/CreativeWork\" ><a href='https:\/\/farmscale.it\/wp-content\/uploads\/2018\/05\/Nuovo-Present-FL4-E.pdf' title='Visualiza folleto:' target=\"_blank\" rel=\"noopener noreferrer\" class=\"iconbox_icon heading-color\" aria-hidden='true' data-av_icon='\uf1c1' data-av_iconfont='fontello' style='color:#d63333; '><\/a><div class=\"iconbox_content\"><header class=\"entry-content-header\"><h3 class='iconbox_content_title  '  itemprop=\"headline\"  ><a href='https:\/\/farmscale.it\/wp-content\/uploads\/2018\/05\/Nuovo-Present-FL4-E.pdf' title='Visualiza folleto:' target=\"_blank\" rel=\"noopener noreferrer\">Visualiza folleto:<\/a><\/h3><\/header><div class='iconbox_content_container  '  itemprop=\"text\"  ><\/div><\/div><footer class=\"entry-footer\"><\/footer><\/article><\/div><div   class='hr hr-default   avia-builder-el-14  el_after_av_one_half  avia-builder-el-last '><span class='hr-inner ' ><span class='hr-inner-style'><\/span><\/span><\/div>\n<\/div><\/div><\/main><!-- close content main element --><\/div><\/div><div id='after_section_1'  class='main_color av_default_container_wrap container_wrap sidebar_right' style=' '  ><div class='container' ><div class='template-page content  av-content-small alpha units'><div class='post-entry post-entry-type-page post-entry-4485'><div class='entry-content-wrapper clearfix'>\n","protected":false},"excerpt":{"rendered":"","protected":false},"author":1,"featured_media":0,"parent":0,"menu_order":0,"comment_status":"open","ping_status":"closed","template":"","meta":{"footnotes":""},"class_list":["post-4485","page","type-page","status-publish","hentry"],"yoast_head":"<!-- This site is optimized with the Yoast SEO plugin v27.3 - https:\/\/yoast.com\/product\/yoast-seo-wordpress\/ -->\n<title>FarmLink - Farm Scale sistemas de pesaje electr\u00f3nicos<\/title>\n<meta name=\"robots\" content=\"index, follow, max-snippet:-1, max-image-preview:large, max-video-preview:-1\" \/>\n<link rel=\"canonical\" href=\"https:\/\/farmscale.it\/es\/farmlink\/\" \/>\n<meta property=\"og:locale\" content=\"es_ES\" \/>\n<meta property=\"og:type\" content=\"article\" \/>\n<meta property=\"og:title\" content=\"FarmLink - Farm Scale sistemas de pesaje electr\u00f3nicos\" \/>\n<meta property=\"og:url\" content=\"https:\/\/farmscale.it\/es\/farmlink\/\" \/>\n<meta property=\"og:site_name\" content=\"Farm Scale sistemas de pesaje electr\u00f3nicos\" \/>\n<meta property=\"article:publisher\" content=\"https:\/\/www.facebook.com\/Perin-Weighmaster-1129543610407203\" \/>\n<meta name=\"twitter:card\" content=\"summary_large_image\" \/>\n<meta name=\"twitter:label1\" content=\"Tiempo de lectura\" \/>\n\t<meta name=\"twitter:data1\" content=\"6 minutos\" \/>\n<script type=\"application\/ld+json\" class=\"yoast-schema-graph\">{\"@context\":\"https:\\\/\\\/schema.org\",\"@graph\":[{\"@type\":\"WebPage\",\"@id\":\"https:\\\/\\\/farmscale.it\\\/es\\\/farmlink\\\/\",\"url\":\"https:\\\/\\\/farmscale.it\\\/es\\\/farmlink\\\/\",\"name\":\"FarmLink - Farm Scale sistemas de pesaje electr\u00f3nicos\",\"isPartOf\":{\"@id\":\"https:\\\/\\\/farmscale.it\\\/es\\\/#website\"},\"datePublished\":\"2018-05-04T18:47:53+00:00\",\"breadcrumb\":{\"@id\":\"https:\\\/\\\/farmscale.it\\\/es\\\/farmlink\\\/#breadcrumb\"},\"inLanguage\":\"es\",\"potentialAction\":[{\"@type\":\"ReadAction\",\"target\":[\"https:\\\/\\\/farmscale.it\\\/es\\\/farmlink\\\/\"]}]},{\"@type\":\"BreadcrumbList\",\"@id\":\"https:\\\/\\\/farmscale.it\\\/es\\\/farmlink\\\/#breadcrumb\",\"itemListElement\":[{\"@type\":\"ListItem\",\"position\":1,\"name\":\"Home\",\"item\":\"https:\\\/\\\/farmscale.it\\\/es\\\/\"},{\"@type\":\"ListItem\",\"position\":2,\"name\":\"FarmLink\"}]},{\"@type\":\"WebSite\",\"@id\":\"https:\\\/\\\/farmscale.it\\\/es\\\/#website\",\"url\":\"https:\\\/\\\/farmscale.it\\\/es\\\/\",\"name\":\"Farm Scale sistemas de pesaje electr\u00f3nicos\",\"description\":\"Just another WordPress site\",\"potentialAction\":[{\"@type\":\"SearchAction\",\"target\":{\"@type\":\"EntryPoint\",\"urlTemplate\":\"https:\\\/\\\/farmscale.it\\\/es\\\/?s={search_term_string}\"},\"query-input\":{\"@type\":\"PropertyValueSpecification\",\"valueRequired\":true,\"valueName\":\"search_term_string\"}}],\"inLanguage\":\"es\"}]}<\/script>\n<!-- \/ Yoast SEO plugin. -->","yoast_head_json":{"title":"FarmLink - Farm Scale sistemas de pesaje electr\u00f3nicos","robots":{"index":"index","follow":"follow","max-snippet":"max-snippet:-1","max-image-preview":"max-image-preview:large","max-video-preview":"max-video-preview:-1"},"canonical":"https:\/\/farmscale.it\/es\/farmlink\/","og_locale":"es_ES","og_type":"article","og_title":"FarmLink - Farm Scale sistemas de pesaje electr\u00f3nicos","og_url":"https:\/\/farmscale.it\/es\/farmlink\/","og_site_name":"Farm Scale sistemas de pesaje electr\u00f3nicos","article_publisher":"https:\/\/www.facebook.com\/Perin-Weighmaster-1129543610407203","twitter_card":"summary_large_image","twitter_misc":{"Tiempo de lectura":"6 minutos"},"schema":{"@context":"https:\/\/schema.org","@graph":[{"@type":"WebPage","@id":"https:\/\/farmscale.it\/es\/farmlink\/","url":"https:\/\/farmscale.it\/es\/farmlink\/","name":"FarmLink - Farm Scale sistemas de pesaje electr\u00f3nicos","isPartOf":{"@id":"https:\/\/farmscale.it\/es\/#website"},"datePublished":"2018-05-04T18:47:53+00:00","breadcrumb":{"@id":"https:\/\/farmscale.it\/es\/farmlink\/#breadcrumb"},"inLanguage":"es","potentialAction":[{"@type":"ReadAction","target":["https:\/\/farmscale.it\/es\/farmlink\/"]}]},{"@type":"BreadcrumbList","@id":"https:\/\/farmscale.it\/es\/farmlink\/#breadcrumb","itemListElement":[{"@type":"ListItem","position":1,"name":"Home","item":"https:\/\/farmscale.it\/es\/"},{"@type":"ListItem","position":2,"name":"FarmLink"}]},{"@type":"WebSite","@id":"https:\/\/farmscale.it\/es\/#website","url":"https:\/\/farmscale.it\/es\/","name":"Farm Scale sistemas de pesaje electr\u00f3nicos","description":"Just another WordPress site","potentialAction":[{"@type":"SearchAction","target":{"@type":"EntryPoint","urlTemplate":"https:\/\/farmscale.it\/es\/?s={search_term_string}"},"query-input":{"@type":"PropertyValueSpecification","valueRequired":true,"valueName":"search_term_string"}}],"inLanguage":"es"}]}},"_links":{"self":[{"href":"https:\/\/farmscale.it\/es\/wp-json\/wp\/v2\/pages\/4485","targetHints":{"allow":["GET"]}}],"collection":[{"href":"https:\/\/farmscale.it\/es\/wp-json\/wp\/v2\/pages"}],"about":[{"href":"https:\/\/farmscale.it\/es\/wp-json\/wp\/v2\/types\/page"}],"author":[{"embeddable":true,"href":"https:\/\/farmscale.it\/es\/wp-json\/wp\/v2\/users\/1"}],"replies":[{"embeddable":true,"href":"https:\/\/farmscale.it\/es\/wp-json\/wp\/v2\/comments?post=4485"}],"version-history":[{"count":0,"href":"https:\/\/farmscale.it\/es\/wp-json\/wp\/v2\/pages\/4485\/revisions"}],"wp:attachment":[{"href":"https:\/\/farmscale.it\/es\/wp-json\/wp\/v2\/media?parent=4485"}],"curies":[{"name":"wp","href":"https:\/\/api.w.org\/{rel}","templated":true}]}}