{"id":4687,"date":"2018-05-05T16:32:17","date_gmt":"2018-05-05T16:32:17","guid":{"rendered":"http:\/\/farmscale.it\/?page_id=4687"},"modified":"2018-05-05T16:32:17","modified_gmt":"2018-05-05T16:32:17","slug":"caja-conexion-conectores","status":"publish","type":"page","link":"https:\/\/farmscale.it\/es\/caja-conexion-conectores\/","title":{"rendered":"Caja Conexi\u00f3n Conectores (cod. 824220)"},"content":{"rendered":"<div id='av_section_1'  class='avia-section main_color avia-section-default avia-no-shadow  avia-bg-style-scroll  avia-builder-el-0  avia-builder-el-no-sibling   container_wrap sidebar_right' style=' '  ><div class='container' ><main  role=\"main\" itemprop=\"mainContentOfPage\"  class='template-page content  av-content-small alpha units'><div class='post-entry post-entry-type-page post-entry-4687'><div class='entry-content-wrapper clearfix'>\n<div   class='hr hr-default   avia-builder-el-1  el_before_av_one_half  avia-builder-el-first '><span class='hr-inner ' ><span class='hr-inner-style'><\/span><\/span><\/div>\n<div class=\"flex_column av_one_half  flex_column_div av-zero-column-padding first  avia-builder-el-2  el_after_av_hr  el_before_av_one_half  \" style='border-radius:0px; '><div   data-size='no scaling'  data-lightbox_size='large'  data-animation='fade'  data-conditional_play=''  data-ids='4669,4670,4671'  data-video_counter='0'  data-autoplay='true'  data-bg_slider='false'  data-slide_height=''  data-handle='av_slideshow'  data-interval='4'  data-class=' avia-builder-el-3  avia-builder-el-no-sibling  '  data-el_id=''  data-css_id=''  data-scroll_down=''  data-control_layout='av-control-minimal av-control-minimal-dark'  data-custom_markup=''  data-perma_caption=''  data-autoplay_stopper=''  data-image_attachment=''  data-min_height='0px'  data-lazy_loading='disabled'  class='avia-slideshow avia-slideshow-1  av-control-minimal av-control-minimal-dark av-default-height-applied avia-slideshow-no scaling av_slideshow  avia-builder-el-3  avia-builder-el-no-sibling   avia-fade-slider '  itemprop=\"image\" itemscope=\"itemscope\" itemtype=\"https:\/\/schema.org\/ImageObject\" ><ul class='avia-slideshow-inner ' style='padding-bottom: 100%;' ><li  class=' slide-1 ' ><a href='https:\/\/farmscale.it\/wp-content\/uploads\/2018\/05\/Cassetta_Giunzione_Connettori_1-1030x1030.jpg' data-rel='slideshow-1' class='avia-slide-wrap '   ><img class=\"wp-image-6662 avia-img-lazy-loading-not-6662\"  src='https:\/\/farmscale.it\/wp-content\/uploads\/2018\/05\/Cassetta_Giunzione_Connettori_1.jpg' width='1080' height='1080' title='Cassetta_Giunzione_Connettori_1' alt=''  itemprop=\"thumbnailUrl\"   \/><\/a><\/li><li  class=' slide-2 ' ><a href='https:\/\/farmscale.it\/wp-content\/uploads\/2018\/05\/Cassetta_Giunzione_Connettori_2-1030x1030.jpg' data-rel='slideshow-1' class='avia-slide-wrap '   ><img class=\"wp-image-6666 avia-img-lazy-loading-not-6666\"  src='https:\/\/farmscale.it\/wp-content\/uploads\/2018\/05\/Cassetta_Giunzione_Connettori_2.jpg' width='1080' height='1080' title='Cassetta_Giunzione_Connettori_2' alt=''  itemprop=\"thumbnailUrl\"   \/><\/a><\/li><li  class=' slide-3 ' ><a href='https:\/\/farmscale.it\/wp-content\/uploads\/2018\/05\/Cassetta_Giunzione_Connettori_3-1030x1030.jpg' data-rel='slideshow-1' class='avia-slide-wrap '   ><img class=\"wp-image-6670 avia-img-lazy-loading-not-6670\"  src='https:\/\/farmscale.it\/wp-content\/uploads\/2018\/05\/Cassetta_Giunzione_Connettori_3.jpg' width='1080' height='1080' title='Cassetta_Giunzione_Connettori_3' alt=''  itemprop=\"thumbnailUrl\"   \/><\/a><\/li><\/ul><div class='avia-slideshow-arrows avia-slideshow-controls'><a href='#prev' class='prev-slide' aria-hidden='true' data-av_icon='\ue87c' data-av_iconfont='entypo-fontello'>Anterior<\/a><a href='#next' class='next-slide' aria-hidden='true' data-av_icon='\ue87d' data-av_iconfont='entypo-fontello'>Posterior<\/a><\/div><div class='avia-slideshow-dots avia-slideshow-controls'><a href='#1' class='goto-slide active' >1<\/a><a href='#2' class='goto-slide ' >2<\/a><a href='#3' class='goto-slide ' >3<\/a><\/div><\/div><\/div><div class=\"flex_column av_one_half  flex_column_div av-zero-column-padding   avia-builder-el-4  el_after_av_one_half  el_before_av_hr  \" style='border-radius:0px; '><p><div  style='padding-bottom:0px; color:#000000;font-size:19px;' class='av-special-heading av-special-heading-h1 custom-color-heading blockquote modern-quote  avia-builder-el-5  el_before_av_textblock  avia-builder-el-first  av-inherit-size '><h1 class='av-special-heading-tag '  itemprop=\"headline\"  >Caja Conexi\u00f3n Conectores (cod. 824220)<\/h1><div class='special-heading-border'><div class='special-heading-inner-border' style='border-color:#000000'><\/div><\/div><\/div><br \/>\n<section class=\"av_textblock_section \"  itemscope=\"itemscope\" itemtype=\"https:\/\/schema.org\/CreativeWork\" ><div class='avia_textblock  '   itemprop=\"text\" ><p>Esta caja es utilizada para la conexi\u00f3n de varias c\u00e9lulas de carga en paralelo.<br \/>\nEs herm\u00e9tica y evita el cableado manual.<br \/>\nEste sistema ofrece muchas ventajas cuando se hacen eventuales controles del equipo o cuando se sustituyen las c\u00e9lulas de carga.<\/p>\n<\/div><\/section><br \/>\n<div  style='padding-bottom:0px; color:#000000;font-size:15px;' class='av-special-heading av-special-heading-h1 custom-color-heading blockquote modern-quote  avia-builder-el-7  el_after_av_textblock  el_before_av_textblock  av-inherit-size '><h1 class='av-special-heading-tag '  itemprop=\"headline\"  >NOTICIAS GENERALES:<\/h1><div class='special-heading-border'><div class='special-heading-inner-border' style='border-color:#000000'><\/div><\/div><\/div><br \/>\n<section class=\"av_textblock_section \"  itemscope=\"itemscope\" itemtype=\"https:\/\/schema.org\/CreativeWork\" ><div class='avia_textblock  '   itemprop=\"text\" ><p>&#8211; Esta caja de conexi\u00f3n es utilizada para instalaciones con 3 o 4 c\u00e9lulas con 3 o 4 hilos.<br \/>\n&#8211; Para instalaciones con 3 c\u00e9lulas de carga con 3 hilos, es necesario insertar el id\u00f3neo adaptador.<\/p>\n<\/div><\/section><br \/>\n<div  style='padding-bottom:0px; color:#000000;font-size:15px;' class='av-special-heading av-special-heading-h1 custom-color-heading blockquote modern-quote  avia-builder-el-9  el_after_av_textblock  el_before_av_textblock  av-inherit-size '><h1 class='av-special-heading-tag '  itemprop=\"headline\"  >INSTRUCCIONES PARA EL MONTAJE:<\/h1><div class='special-heading-border'><div class='special-heading-inner-border' style='border-color:#000000'><\/div><\/div><\/div><br \/>\n<section class=\"av_textblock_section \"  itemscope=\"itemscope\" itemtype=\"https:\/\/schema.org\/CreativeWork\" ><div class='avia_textblock  '   itemprop=\"text\" ><p>&#8211; Introducir los conectadores de las c\u00e9lulas (y eventualmente el adaptador tambi\u00e9n) en los enchufes averiguando que tengan junta de sellado y tornillo sujetador. Sujetar el tornillo que los bloquear\u00e1 establemente a los enchufes.<br \/>\n&#8211; Cuando se cierra la tapa, controlar que los cables de las c\u00e9lulas est\u00e9n en los id\u00f3neos asientos en el borde de la caja, prestando atenci\u00f3n que no sean demasiado sacados hacia el exterior.<\/p>\n<\/div><\/section><\/p><\/div><div   class='hr hr-default   avia-builder-el-11  el_after_av_one_half  avia-builder-el-last '><span class='hr-inner ' ><span class='hr-inner-style'><\/span><\/span><\/div>\n<\/div><\/div><\/main><!-- close content main element --><\/div><\/div><div id='after_section_1'  class='main_color av_default_container_wrap container_wrap sidebar_right' style=' '  ><div class='container' ><div class='template-page content  av-content-small alpha units'><div class='post-entry post-entry-type-page post-entry-4687'><div class='entry-content-wrapper clearfix'>\n","protected":false},"excerpt":{"rendered":"","protected":false},"author":1,"featured_media":0,"parent":0,"menu_order":0,"comment_status":"open","ping_status":"closed","template":"","meta":{"footnotes":""},"class_list":["post-4687","page","type-page","status-publish","hentry"],"yoast_head":"<!-- This site is optimized with the Yoast SEO plugin v27.3 - https:\/\/yoast.com\/product\/yoast-seo-wordpress\/ -->\n<title>Caja Conexi\u00f3n Conectores (cod. 824220) - Farm Scale sistemas de pesaje electr\u00f3nicos<\/title>\n<meta name=\"robots\" content=\"index, follow, max-snippet:-1, max-image-preview:large, max-video-preview:-1\" \/>\n<link rel=\"canonical\" href=\"https:\/\/farmscale.it\/es\/caja-conexion-conectores\/\" \/>\n<meta property=\"og:locale\" content=\"es_ES\" \/>\n<meta property=\"og:type\" content=\"article\" \/>\n<meta property=\"og:title\" content=\"Caja Conexi\u00f3n Conectores (cod. 824220) - Farm Scale sistemas de pesaje electr\u00f3nicos\" \/>\n<meta property=\"og:url\" content=\"https:\/\/farmscale.it\/es\/caja-conexion-conectores\/\" \/>\n<meta property=\"og:site_name\" content=\"Farm Scale sistemas de pesaje electr\u00f3nicos\" \/>\n<meta property=\"article:publisher\" content=\"https:\/\/www.facebook.com\/Perin-Weighmaster-1129543610407203\" \/>\n<meta name=\"twitter:card\" content=\"summary_large_image\" \/>\n<meta name=\"twitter:label1\" content=\"Tiempo de lectura\" \/>\n\t<meta name=\"twitter:data1\" content=\"5 minutos\" \/>\n<script type=\"application\/ld+json\" class=\"yoast-schema-graph\">{\"@context\":\"https:\\\/\\\/schema.org\",\"@graph\":[{\"@type\":\"WebPage\",\"@id\":\"https:\\\/\\\/farmscale.it\\\/es\\\/caja-conexion-conectores\\\/\",\"url\":\"https:\\\/\\\/farmscale.it\\\/es\\\/caja-conexion-conectores\\\/\",\"name\":\"Caja Conexi\u00f3n Conectores (cod. 824220) - Farm Scale sistemas de pesaje electr\u00f3nicos\",\"isPartOf\":{\"@id\":\"https:\\\/\\\/farmscale.it\\\/es\\\/#website\"},\"datePublished\":\"2018-05-05T16:32:17+00:00\",\"breadcrumb\":{\"@id\":\"https:\\\/\\\/farmscale.it\\\/es\\\/caja-conexion-conectores\\\/#breadcrumb\"},\"inLanguage\":\"es\",\"potentialAction\":[{\"@type\":\"ReadAction\",\"target\":[\"https:\\\/\\\/farmscale.it\\\/es\\\/caja-conexion-conectores\\\/\"]}]},{\"@type\":\"BreadcrumbList\",\"@id\":\"https:\\\/\\\/farmscale.it\\\/es\\\/caja-conexion-conectores\\\/#breadcrumb\",\"itemListElement\":[{\"@type\":\"ListItem\",\"position\":1,\"name\":\"Home\",\"item\":\"https:\\\/\\\/farmscale.it\\\/es\\\/\"},{\"@type\":\"ListItem\",\"position\":2,\"name\":\"Caja Conexi\u00f3n Conectores (cod. 824220)\"}]},{\"@type\":\"WebSite\",\"@id\":\"https:\\\/\\\/farmscale.it\\\/es\\\/#website\",\"url\":\"https:\\\/\\\/farmscale.it\\\/es\\\/\",\"name\":\"Farm Scale sistemas de pesaje electr\u00f3nicos\",\"description\":\"Just another WordPress site\",\"potentialAction\":[{\"@type\":\"SearchAction\",\"target\":{\"@type\":\"EntryPoint\",\"urlTemplate\":\"https:\\\/\\\/farmscale.it\\\/es\\\/?s={search_term_string}\"},\"query-input\":{\"@type\":\"PropertyValueSpecification\",\"valueRequired\":true,\"valueName\":\"search_term_string\"}}],\"inLanguage\":\"es\"}]}<\/script>\n<!-- \/ Yoast SEO plugin. -->","yoast_head_json":{"title":"Caja Conexi\u00f3n Conectores (cod. 824220) - Farm Scale sistemas de pesaje electr\u00f3nicos","robots":{"index":"index","follow":"follow","max-snippet":"max-snippet:-1","max-image-preview":"max-image-preview:large","max-video-preview":"max-video-preview:-1"},"canonical":"https:\/\/farmscale.it\/es\/caja-conexion-conectores\/","og_locale":"es_ES","og_type":"article","og_title":"Caja Conexi\u00f3n Conectores (cod. 824220) - Farm Scale sistemas de pesaje electr\u00f3nicos","og_url":"https:\/\/farmscale.it\/es\/caja-conexion-conectores\/","og_site_name":"Farm Scale sistemas de pesaje electr\u00f3nicos","article_publisher":"https:\/\/www.facebook.com\/Perin-Weighmaster-1129543610407203","twitter_card":"summary_large_image","twitter_misc":{"Tiempo de lectura":"5 minutos"},"schema":{"@context":"https:\/\/schema.org","@graph":[{"@type":"WebPage","@id":"https:\/\/farmscale.it\/es\/caja-conexion-conectores\/","url":"https:\/\/farmscale.it\/es\/caja-conexion-conectores\/","name":"Caja Conexi\u00f3n Conectores (cod. 824220) - Farm Scale sistemas de pesaje electr\u00f3nicos","isPartOf":{"@id":"https:\/\/farmscale.it\/es\/#website"},"datePublished":"2018-05-05T16:32:17+00:00","breadcrumb":{"@id":"https:\/\/farmscale.it\/es\/caja-conexion-conectores\/#breadcrumb"},"inLanguage":"es","potentialAction":[{"@type":"ReadAction","target":["https:\/\/farmscale.it\/es\/caja-conexion-conectores\/"]}]},{"@type":"BreadcrumbList","@id":"https:\/\/farmscale.it\/es\/caja-conexion-conectores\/#breadcrumb","itemListElement":[{"@type":"ListItem","position":1,"name":"Home","item":"https:\/\/farmscale.it\/es\/"},{"@type":"ListItem","position":2,"name":"Caja Conexi\u00f3n Conectores (cod. 824220)"}]},{"@type":"WebSite","@id":"https:\/\/farmscale.it\/es\/#website","url":"https:\/\/farmscale.it\/es\/","name":"Farm Scale sistemas de pesaje electr\u00f3nicos","description":"Just another WordPress site","potentialAction":[{"@type":"SearchAction","target":{"@type":"EntryPoint","urlTemplate":"https:\/\/farmscale.it\/es\/?s={search_term_string}"},"query-input":{"@type":"PropertyValueSpecification","valueRequired":true,"valueName":"search_term_string"}}],"inLanguage":"es"}]}},"_links":{"self":[{"href":"https:\/\/farmscale.it\/es\/wp-json\/wp\/v2\/pages\/4687","targetHints":{"allow":["GET"]}}],"collection":[{"href":"https:\/\/farmscale.it\/es\/wp-json\/wp\/v2\/pages"}],"about":[{"href":"https:\/\/farmscale.it\/es\/wp-json\/wp\/v2\/types\/page"}],"author":[{"embeddable":true,"href":"https:\/\/farmscale.it\/es\/wp-json\/wp\/v2\/users\/1"}],"replies":[{"embeddable":true,"href":"https:\/\/farmscale.it\/es\/wp-json\/wp\/v2\/comments?post=4687"}],"version-history":[{"count":0,"href":"https:\/\/farmscale.it\/es\/wp-json\/wp\/v2\/pages\/4687\/revisions"}],"wp:attachment":[{"href":"https:\/\/farmscale.it\/es\/wp-json\/wp\/v2\/media?parent=4687"}],"curies":[{"name":"wp","href":"https:\/\/api.w.org\/{rel}","templated":true}]}}