{"id":4992,"date":"2018-05-07T14:36:01","date_gmt":"2018-05-07T14:36:01","guid":{"rendered":"http:\/\/farmscale.it\/?page_id=4992"},"modified":"2020-10-23T19:38:51","modified_gmt":"2020-10-23T19:38:51","slug":"accesorios","status":"publish","type":"page","link":"https:\/\/farmscale.it\/es\/accesorios\/","title":{"rendered":"Accesorios"},"content":{"rendered":"<div  style='padding-bottom:10px; font-size:25px;' class='av-special-heading av-special-heading-h3  blockquote modern-quote modern-centered  avia-builder-el-0  el_before_av_section  avia-builder-el-no-sibling  av-inherit-size '><h3 class='av-special-heading-tag '  itemprop=\"headline\"  >Accesorios<\/h3><div class='special-heading-border'><div class='special-heading-inner-border' ><\/div><\/div><\/div>\n<\/div><\/div><\/div><!-- close content main div --><\/div><\/div><div id='av_section_1'  class='avia-section main_color avia-section-default avia-no-shadow  avia-bg-style-scroll  avia-builder-el-1  el_after_av_heading  avia-builder-el-last   container_wrap sidebar_right' style=' '  ><div class='container' ><div class='template-page content  av-content-small alpha units'><div class='post-entry post-entry-type-page post-entry-4992'><div class='entry-content-wrapper clearfix'>\n<div class=\"flex_column av_one_third  flex_column_div first  avia-builder-el-2  el_before_av_one_third  avia-builder-el-first  \" style='border-width:1px; border-color:#898989; border-style:solid; padding:5px; border-radius:5px; '><p><div  style='padding-bottom:5px; font-size:22px;' class='av-special-heading av-special-heading-h3  blockquote modern-quote modern-centered  avia-builder-el-3  el_before_av_image  avia-builder-el-first  av-inherit-size '><h3 class='av-special-heading-tag '  itemprop=\"headline\"  >Repetidores<\/h3><div class='special-heading-border'><div class='special-heading-inner-border' ><\/div><\/div><\/div><br \/>\n<div  class='avia-image-container  av-styling- av-hover-grow noHover  av-overlay-on-hover   avia-builder-el-4  el_after_av_heading  avia-builder-el-last  avia-align-center '  itemprop=\"image\" itemscope=\"itemscope\" itemtype=\"https:\/\/schema.org\/ImageObject\"  ><div class='avia-image-container-inner'><div class='avia-image-overlay-wrap'><a href='https:\/\/farmscale.it\/ripetitori-di-peso\/' class='avia_image'  ><div class='av-image-caption-overlay'><div class='av-caption-image-overlay-bg' style='opacity:0.8; background-color:#0071e2; '><\/div><div class='av-image-caption-overlay-position'><div class='av-image-caption-overlay-center' style='color:#ffffff; font-size:16px; '><p>Nuestros repetidores de peso permiten una visibilidad a distancia en condiciones de escasa luz o de iluminaci\u00f3n directa del sol tambi\u00e9n.<\/p>\n<\/div><\/div><\/div><img class='wp-image-6406 avia-img-lazy-loading-not-6406 avia_image' src='https:\/\/farmscale.it\/wp-content\/uploads\/2018\/05\/57_LED_1-300x300.jpg' alt='' title='57_LED_1'  itemprop=\"thumbnailUrl\"  \/><\/a><\/div><\/div><\/div><\/p><\/div><div class=\"flex_column av_one_third  flex_column_div   avia-builder-el-5  el_after_av_one_third  el_before_av_one_third  \" style='border-width:1px; border-color:#898989; border-style:solid; padding:5px; border-radius:5px; '><p><div  style='padding-bottom:5px; font-size:22px;' class='av-special-heading av-special-heading-h3  blockquote modern-quote modern-centered  avia-builder-el-6  el_before_av_image  avia-builder-el-first  av-inherit-size '><h3 class='av-special-heading-tag '  itemprop=\"headline\"  >Radiomando<\/h3><div class='special-heading-border'><div class='special-heading-inner-border' ><\/div><\/div><\/div><br \/>\n<div  class='avia-image-container  av-styling- av-hover-grow noHover  av-overlay-on-hover   avia-builder-el-7  el_after_av_heading  avia-builder-el-last  avia-align-center '  itemprop=\"image\" itemscope=\"itemscope\" itemtype=\"https:\/\/schema.org\/ImageObject\"  ><div class='avia-image-container-inner'><div class='avia-image-overlay-wrap'><a href='https:\/\/farmscale.it\/es\/radiomando\/' class='avia_image'  ><div class='av-image-caption-overlay'><div class='av-caption-image-overlay-bg' style='opacity:0.8; background-color:#0071e2; '><\/div><div class='av-image-caption-overlay-position'><div class='av-image-caption-overlay-center' style='color:#ffffff; font-size:16px; '><p>Disponible bajo pedido para los indicadores de peso que tienen salida repetidor.<br \/>\nPermite poner a cero el valor visualizado y llamar el total.<\/p>\n<\/div><\/div><\/div><img class='wp-image-6594 avia-img-lazy-loading-not-6594 avia_image' src='https:\/\/farmscale.it\/wp-content\/uploads\/2018\/05\/Radiocomando_1-300x300.jpg' alt='' title='Radiocomando_1'  itemprop=\"thumbnailUrl\"  \/><\/a><\/div><\/div><\/div><\/p><\/div><div class=\"flex_column av_one_third  flex_column_div   avia-builder-el-8  el_after_av_one_third  el_before_av_one_third  \" style='border-width:1px; border-color:#898989; border-style:solid; padding:5px; border-radius:5px; '><p><div  style='padding-bottom:5px; font-size:22px;' class='av-special-heading av-special-heading-h3  blockquote modern-quote modern-centered  avia-builder-el-9  el_before_av_image  avia-builder-el-first  av-inherit-size '><h3 class='av-special-heading-tag '  itemprop=\"headline\"  >Alarma Ac\u00fastica<\/h3><div class='special-heading-border'><div class='special-heading-inner-border' ><\/div><\/div><\/div><br \/>\n<div  class='avia-image-container  av-styling- av-hover-grow noHover  av-overlay-on-hover   avia-builder-el-10  el_after_av_heading  avia-builder-el-last  avia-align-center '  itemprop=\"image\" itemscope=\"itemscope\" itemtype=\"https:\/\/schema.org\/ImageObject\"  ><div class='avia-image-container-inner'><div class='avia-image-overlay-wrap'><a href='https:\/\/farmscale.it\/es\/alarma-acustica-2\/' class='avia_image'  ><div class='av-image-caption-overlay'><div class='av-caption-image-overlay-bg' style='opacity:0.8; background-color:#0071e2; '><\/div><div class='av-image-caption-overlay-position'><div class='av-image-caption-overlay-center' style='color:#ffffff; font-size:16px; '><p>Tensi\u00f3n 6-14 V corriente continua<br \/>\nPresi\u00f3n sonora 110 dB\/1 m<br \/>\nAlimentaci\u00f3n 12 V\/750 mA<br \/>\nTama\u00f1o 58x58x61 mm<br \/>\nPeso 195 g<\/p>\n<\/div><\/div><\/div><img class='wp-image-6618 avia-img-lazy-loading-not-6618 avia_image' src='https:\/\/farmscale.it\/wp-content\/uploads\/2018\/05\/Allarme_Acustico2_1-300x300.jpg' alt='' title='Allarme_Acustico2_1'  itemprop=\"thumbnailUrl\"  \/><\/a><\/div><\/div><\/div><\/p><\/div><div class=\"flex_column av_one_third  flex_column_div first  avia-builder-el-11  el_after_av_one_third  el_before_av_one_third  column-top-margin\" style='border-width:1px; border-color:#898989; border-style:solid; padding:5px; border-radius:5px; '><p><div  style='padding-bottom:5px; font-size:22px;' class='av-special-heading av-special-heading-h3  blockquote modern-quote modern-centered  avia-builder-el-12  el_before_av_image  avia-builder-el-first  av-inherit-size '><h3 class='av-special-heading-tag '  itemprop=\"headline\"  >Cables<\/h3><div class='special-heading-border'><div class='special-heading-inner-border' ><\/div><\/div><\/div><br \/>\n<div  class='avia-image-container  av-styling- av-hover-grow noHover  av-overlay-on-hover   avia-builder-el-13  el_after_av_heading  avia-builder-el-last  avia-align-center '  itemprop=\"image\" itemscope=\"itemscope\" itemtype=\"https:\/\/schema.org\/ImageObject\"  ><div class='avia-image-container-inner'><div class='avia-image-overlay-wrap'><a href='https:\/\/farmscale.it\/es\/cables\/' class='avia_image'  ><div class='av-image-caption-overlay'><div class='av-caption-image-overlay-bg' style='opacity:0.8; background-color:#0071e2; '><\/div><div class='av-image-caption-overlay-position'><div class='av-image-caption-overlay-center' style='color:#ffffff; font-size:16px; '><p>Utilizados para la conexi\u00f3n de diferentes perif\u00e9ricas.<br \/>\nVarias medidas.<\/p>\n<\/div><\/div><\/div><img class='wp-image-6570 avia-img-lazy-loading-not-6570 avia_image' src='https:\/\/farmscale.it\/wp-content\/uploads\/2018\/05\/Cavi_2-300x300.jpg' alt='' title='Cavi_2'  itemprop=\"thumbnailUrl\"  \/><\/a><\/div><\/div><\/div><\/p><\/div><div class=\"flex_column av_one_third  flex_column_div   avia-builder-el-14  el_after_av_one_third  el_before_av_one_third  column-top-margin\" style='border-width:1px; border-color:#898989; border-style:solid; padding:5px; border-radius:5px; '><p><div  style='padding-bottom:5px; font-size:22px;' class='av-special-heading av-special-heading-h3  blockquote modern-quote modern-centered  avia-builder-el-15  el_before_av_image  avia-builder-el-first  av-inherit-size '><h3 class='av-special-heading-tag '  itemprop=\"headline\"  >M\u00f3dulo Starbox<\/h3><div class='special-heading-border'><div class='special-heading-inner-border' ><\/div><\/div><\/div><br \/>\n<div  class='avia-image-container  av-styling- av-hover-grow noHover  av-overlay-on-hover   avia-builder-el-16  el_after_av_heading  avia-builder-el-last  avia-align-center '  itemprop=\"image\" itemscope=\"itemscope\" itemtype=\"https:\/\/schema.org\/ImageObject\"  ><div class='avia-image-container-inner'><div class='avia-image-overlay-wrap'><a href='https:\/\/farmscale.it\/es\/forma-de-starbox\/' class='avia_image'  ><div class='av-image-caption-overlay'><div class='av-caption-image-overlay-bg' style='opacity:0.8; background-color:#0071e2; '><\/div><div class='av-image-caption-overlay-position'><div class='av-image-caption-overlay-center' style='color:#ffffff; font-size:16px; '><p>Utilizado para conectar m\u00e1s perif\u00e9ricas StarBus<br \/>\nTama\u00f1o en mm: L 193 x H 38 x P 30<br \/>\nIntereje fijaci\u00f3n: 155 mm<br \/>\nPosibilidad de fijaci\u00f3n sobre soporte horizontal o vertical<\/p>\n<\/div><\/div><\/div><img class='wp-image-6686 avia-img-lazy-loading-not-6686 avia_image' src='https:\/\/farmscale.it\/wp-content\/uploads\/2018\/05\/Modulo_Starbox2_1-300x300.jpg' alt='' title='Modulo_Starbox2_1'  itemprop=\"thumbnailUrl\"  \/><\/a><\/div><\/div><\/div><\/p><\/div><div class=\"flex_column av_one_third  flex_column_div   avia-builder-el-17  el_after_av_one_third  el_before_av_one_third  column-top-margin\" style='border-width:1px; border-color:#898989; border-style:solid; padding:5px; border-radius:5px; '><p><div  style='padding-bottom:5px; font-size:22px;' class='av-special-heading av-special-heading-h3  blockquote modern-quote modern-centered  avia-builder-el-18  el_before_av_image  avia-builder-el-first  av-inherit-size '><h3 class='av-special-heading-tag '  itemprop=\"headline\"  >Caja Conexi\u00f3n Conectores<\/h3><div class='special-heading-border'><div class='special-heading-inner-border' ><\/div><\/div><\/div><br \/>\n<div  class='avia-image-container  av-styling- av-hover-grow noHover  av-overlay-on-hover   avia-builder-el-19  el_after_av_heading  avia-builder-el-last  avia-align-center '  itemprop=\"image\" itemscope=\"itemscope\" itemtype=\"https:\/\/schema.org\/ImageObject\"  ><div class='avia-image-container-inner'><div class='avia-image-overlay-wrap'><a href='https:\/\/farmscale.it\/es\/caja-conexion-conectores\/' class='avia_image'  ><div class='av-image-caption-overlay'><div class='av-caption-image-overlay-bg' style='opacity:0.8; background-color:#0071e2; '><\/div><div class='av-image-caption-overlay-position'><div class='av-image-caption-overlay-center' style='color:#ffffff; font-size:16px; '><p>Utilizada para conectar varias c\u00e9lulas de carga en paralelo.<\/p>\n<\/div><\/div><\/div><img class='wp-image-6662 avia-img-lazy-loading-not-6662 avia_image' src='https:\/\/farmscale.it\/wp-content\/uploads\/2018\/05\/Cassetta_Giunzione_Connettori_1-300x300.jpg' alt='' title='Cassetta_Giunzione_Connettori_1'  itemprop=\"thumbnailUrl\"  \/><\/a><\/div><\/div><\/div><\/p><\/div><div class=\"flex_column av_one_third  flex_column_div first  avia-builder-el-20  el_after_av_one_third  el_before_av_one_third  column-top-margin\" style='border-width:1px; border-color:#898989; border-style:solid; padding:5px; border-radius:5px; '><p><div  style='padding-bottom:5px; font-size:22px;' class='av-special-heading av-special-heading-h3  blockquote modern-quote modern-centered  avia-builder-el-21  el_before_av_image  avia-builder-el-first  av-inherit-size '><h3 class='av-special-heading-tag '  itemprop=\"headline\"  >Caja de conexi\u00f3n 4 conectores circulares<\/h3><div class='special-heading-border'><div class='special-heading-inner-border' ><\/div><\/div><\/div><br \/>\n<div  class='avia-image-container  av-styling- av-hover-grow noHover  av-overlay-on-hover   avia-builder-el-22  el_after_av_heading  avia-builder-el-last  avia-align-center '  itemprop=\"image\" itemscope=\"itemscope\" itemtype=\"https:\/\/schema.org\/ImageObject\"  ><div class='avia-image-container-inner'><div class='avia-image-overlay-wrap'><a href='https:\/\/farmscale.it\/es\/caja-de-conexion-4-conectores-circulares\/' class='avia_image'  ><div class='av-image-caption-overlay'><div class='av-caption-image-overlay-bg' style='opacity:0.8; background-color:#0071e2; '><\/div><div class='av-image-caption-overlay-position'><div class='av-image-caption-overlay-center' style='color:#ffffff; font-size:16px; '><p>Esta caja es utilizada para la conexi\u00f3n de varias c\u00e9lulas de carga en paralelo. Es herm\u00e9tica y evita el cableado manual. Este sistema ofrece muchas ventajas cuando se hacen eventuales controles del equipo o cuando se sustituyen las c\u00e9lulas de carga.<\/p>\n<\/div><\/div><\/div><img class='wp-image-6674 avia-img-lazy-loading-not-6674 avia_image' src='https:\/\/farmscale.it\/wp-content\/uploads\/2018\/05\/cassetta-giunzione-4_1-300x300.jpg' alt='' title='cassetta-giunzione-4_1'  itemprop=\"thumbnailUrl\"  \/><\/a><\/div><\/div><\/div><\/p><\/div><div class=\"flex_column av_one_third  flex_column_div   avia-builder-el-23  el_after_av_one_third  el_before_av_hr  column-top-margin\" style='border-width:1px; border-color:#898989; border-style:solid; padding:5px; border-radius:5px; '><p><div  style='padding-bottom:5px; font-size:22px;' class='av-special-heading av-special-heading-h3  blockquote modern-quote modern-centered  avia-builder-el-24  el_before_av_image  avia-builder-el-first  av-inherit-size '><h3 class='av-special-heading-tag '  itemprop=\"headline\"  >Impresora Printer PLUS<\/h3><div class='special-heading-border'><div class='special-heading-inner-border' ><\/div><\/div><\/div><br \/>\n<div  class='avia-image-container  av-styling- av-hover-grow noHover  av-overlay-on-hover   avia-builder-el-25  el_after_av_heading  avia-builder-el-last  avia-align-center '  itemprop=\"image\" itemscope=\"itemscope\" itemtype=\"https:\/\/schema.org\/ImageObject\"  ><div class='avia-image-container-inner'><div class='avia-image-overlay-wrap'><a href='https:\/\/farmscale.it\/es\/impresora-plus\/' class='avia_image'  ><div class='av-image-caption-overlay'><div class='av-caption-image-overlay-bg' style='opacity:0.8; background-color:#0071e2; '><\/div><div class='av-image-caption-overlay-position'><div class='av-image-caption-overlay-center' style='color:#ffffff; font-size:16px; '><p>Compacta y f\u00e1cil que instalar. Caja herm\u00e9tica con cerradura.<\/p>\n<\/div><\/div><\/div><img class='wp-image-6650 avia-img-lazy-loading-not-6650 avia_image' src='https:\/\/farmscale.it\/wp-content\/uploads\/2018\/05\/Stampante_PLUS_1-300x300.jpg' alt='' title='Stampante_PLUS_1'  itemprop=\"thumbnailUrl\"  \/><\/a><\/div><\/div><\/div><\/p><\/div><div  style='height:50px' class='hr hr-invisible   avia-builder-el-26  el_after_av_one_third  avia-builder-el-last '><span class='hr-inner ' ><span class='hr-inner-style'><\/span><\/span><\/div>\n<\/div><\/div><\/div><!-- close content main div --><\/div><\/div><div id='after_section_1'  class='main_color av_default_container_wrap container_wrap sidebar_right' style=' '  ><div class='container' ><div class='template-page content  av-content-small alpha units'><div class='post-entry post-entry-type-page post-entry-4992'><div class='entry-content-wrapper clearfix'>\n","protected":false},"excerpt":{"rendered":"","protected":false},"author":1,"featured_media":0,"parent":0,"menu_order":0,"comment_status":"open","ping_status":"closed","template":"","meta":{"footnotes":""},"class_list":["post-4992","page","type-page","status-publish","hentry"],"yoast_head":"<!-- This site is optimized with the Yoast SEO plugin v27.3 - https:\/\/yoast.com\/product\/yoast-seo-wordpress\/ -->\n<title>Accesorios - Farm Scale sistemas de pesaje electr\u00f3nicos<\/title>\n<meta name=\"robots\" content=\"index, follow, max-snippet:-1, max-image-preview:large, max-video-preview:-1\" \/>\n<link rel=\"canonical\" href=\"https:\/\/farmscale.it\/es\/accesorios\/\" \/>\n<meta property=\"og:locale\" content=\"es_ES\" \/>\n<meta property=\"og:type\" content=\"article\" \/>\n<meta property=\"og:title\" content=\"Accesorios - Farm Scale sistemas de pesaje electr\u00f3nicos\" \/>\n<meta property=\"og:url\" content=\"https:\/\/farmscale.it\/es\/accesorios\/\" \/>\n<meta property=\"og:site_name\" content=\"Farm Scale sistemas de pesaje electr\u00f3nicos\" \/>\n<meta property=\"article:publisher\" content=\"https:\/\/www.facebook.com\/Perin-Weighmaster-1129543610407203\" \/>\n<meta property=\"article:modified_time\" content=\"2020-10-23T19:38:51+00:00\" \/>\n<meta name=\"twitter:card\" content=\"summary_large_image\" \/>\n<meta name=\"twitter:label1\" content=\"Tiempo de lectura\" \/>\n\t<meta name=\"twitter:data1\" content=\"11 minutos\" \/>\n<script type=\"application\/ld+json\" class=\"yoast-schema-graph\">{\"@context\":\"https:\\\/\\\/schema.org\",\"@graph\":[{\"@type\":\"WebPage\",\"@id\":\"https:\\\/\\\/farmscale.it\\\/es\\\/accesorios\\\/\",\"url\":\"https:\\\/\\\/farmscale.it\\\/es\\\/accesorios\\\/\",\"name\":\"Accesorios - Farm Scale sistemas de pesaje electr\u00f3nicos\",\"isPartOf\":{\"@id\":\"https:\\\/\\\/farmscale.it\\\/es\\\/#website\"},\"datePublished\":\"2018-05-07T14:36:01+00:00\",\"dateModified\":\"2020-10-23T19:38:51+00:00\",\"breadcrumb\":{\"@id\":\"https:\\\/\\\/farmscale.it\\\/es\\\/accesorios\\\/#breadcrumb\"},\"inLanguage\":\"es\",\"potentialAction\":[{\"@type\":\"ReadAction\",\"target\":[\"https:\\\/\\\/farmscale.it\\\/es\\\/accesorios\\\/\"]}]},{\"@type\":\"BreadcrumbList\",\"@id\":\"https:\\\/\\\/farmscale.it\\\/es\\\/accesorios\\\/#breadcrumb\",\"itemListElement\":[{\"@type\":\"ListItem\",\"position\":1,\"name\":\"Home\",\"item\":\"https:\\\/\\\/farmscale.it\\\/es\\\/\"},{\"@type\":\"ListItem\",\"position\":2,\"name\":\"Accesorios\"}]},{\"@type\":\"WebSite\",\"@id\":\"https:\\\/\\\/farmscale.it\\\/es\\\/#website\",\"url\":\"https:\\\/\\\/farmscale.it\\\/es\\\/\",\"name\":\"Farm Scale sistemas de pesaje electr\u00f3nicos\",\"description\":\"Just another WordPress site\",\"potentialAction\":[{\"@type\":\"SearchAction\",\"target\":{\"@type\":\"EntryPoint\",\"urlTemplate\":\"https:\\\/\\\/farmscale.it\\\/es\\\/?s={search_term_string}\"},\"query-input\":{\"@type\":\"PropertyValueSpecification\",\"valueRequired\":true,\"valueName\":\"search_term_string\"}}],\"inLanguage\":\"es\"}]}<\/script>\n<!-- \/ Yoast SEO plugin. -->","yoast_head_json":{"title":"Accesorios - Farm Scale sistemas de pesaje electr\u00f3nicos","robots":{"index":"index","follow":"follow","max-snippet":"max-snippet:-1","max-image-preview":"max-image-preview:large","max-video-preview":"max-video-preview:-1"},"canonical":"https:\/\/farmscale.it\/es\/accesorios\/","og_locale":"es_ES","og_type":"article","og_title":"Accesorios - Farm Scale sistemas de pesaje electr\u00f3nicos","og_url":"https:\/\/farmscale.it\/es\/accesorios\/","og_site_name":"Farm Scale sistemas de pesaje electr\u00f3nicos","article_publisher":"https:\/\/www.facebook.com\/Perin-Weighmaster-1129543610407203","article_modified_time":"2020-10-23T19:38:51+00:00","twitter_card":"summary_large_image","twitter_misc":{"Tiempo de lectura":"11 minutos"},"schema":{"@context":"https:\/\/schema.org","@graph":[{"@type":"WebPage","@id":"https:\/\/farmscale.it\/es\/accesorios\/","url":"https:\/\/farmscale.it\/es\/accesorios\/","name":"Accesorios - Farm Scale sistemas de pesaje electr\u00f3nicos","isPartOf":{"@id":"https:\/\/farmscale.it\/es\/#website"},"datePublished":"2018-05-07T14:36:01+00:00","dateModified":"2020-10-23T19:38:51+00:00","breadcrumb":{"@id":"https:\/\/farmscale.it\/es\/accesorios\/#breadcrumb"},"inLanguage":"es","potentialAction":[{"@type":"ReadAction","target":["https:\/\/farmscale.it\/es\/accesorios\/"]}]},{"@type":"BreadcrumbList","@id":"https:\/\/farmscale.it\/es\/accesorios\/#breadcrumb","itemListElement":[{"@type":"ListItem","position":1,"name":"Home","item":"https:\/\/farmscale.it\/es\/"},{"@type":"ListItem","position":2,"name":"Accesorios"}]},{"@type":"WebSite","@id":"https:\/\/farmscale.it\/es\/#website","url":"https:\/\/farmscale.it\/es\/","name":"Farm Scale sistemas de pesaje electr\u00f3nicos","description":"Just another WordPress site","potentialAction":[{"@type":"SearchAction","target":{"@type":"EntryPoint","urlTemplate":"https:\/\/farmscale.it\/es\/?s={search_term_string}"},"query-input":{"@type":"PropertyValueSpecification","valueRequired":true,"valueName":"search_term_string"}}],"inLanguage":"es"}]}},"_links":{"self":[{"href":"https:\/\/farmscale.it\/es\/wp-json\/wp\/v2\/pages\/4992","targetHints":{"allow":["GET"]}}],"collection":[{"href":"https:\/\/farmscale.it\/es\/wp-json\/wp\/v2\/pages"}],"about":[{"href":"https:\/\/farmscale.it\/es\/wp-json\/wp\/v2\/types\/page"}],"author":[{"embeddable":true,"href":"https:\/\/farmscale.it\/es\/wp-json\/wp\/v2\/users\/1"}],"replies":[{"embeddable":true,"href":"https:\/\/farmscale.it\/es\/wp-json\/wp\/v2\/comments?post=4992"}],"version-history":[{"count":0,"href":"https:\/\/farmscale.it\/es\/wp-json\/wp\/v2\/pages\/4992\/revisions"}],"wp:attachment":[{"href":"https:\/\/farmscale.it\/es\/wp-json\/wp\/v2\/media?parent=4992"}],"curies":[{"name":"wp","href":"https:\/\/api.w.org\/{rel}","templated":true}]}}