{"id":5028,"date":"2018-05-08T14:36:08","date_gmt":"2018-05-08T14:36:08","guid":{"rendered":"http:\/\/farmscale.it\/?page_id=5028"},"modified":"2020-10-23T20:56:23","modified_gmt":"2020-10-23T20:56:23","slug":"indicadores-de-peso","status":"publish","type":"page","link":"https:\/\/farmscale.it\/es\/indicadores-de-peso\/","title":{"rendered":"Indicadores de peso"},"content":{"rendered":"<div  style='padding-bottom:10px; font-size:25px;' class='av-special-heading av-special-heading-h3  blockquote modern-quote modern-centered  avia-builder-el-0  el_before_av_section  avia-builder-el-no-sibling  av-inherit-size '><h3 class='av-special-heading-tag '  itemprop=\"headline\"  >Indicadores de peso<\/h3><div class='special-heading-border'><div class='special-heading-inner-border' ><\/div><\/div><\/div>\n<\/div><\/div><\/div><!-- close content main div --><\/div><\/div><div id='av_section_1'  class='avia-section main_color avia-section-default avia-no-shadow  avia-bg-style-scroll  avia-builder-el-1  el_after_av_heading  avia-builder-el-last   container_wrap sidebar_right' style=' '  ><div class='container' ><div class='template-page content  av-content-small alpha units'><div class='post-entry post-entry-type-page post-entry-5028'><div class='entry-content-wrapper clearfix'>\n<div class=\"flex_column av_one_third  flex_column_div first  avia-builder-el-2  el_before_av_one_third  avia-builder-el-first  \" style='border-width:1px; border-color:#898989; border-style:solid; padding:5px; border-radius:5px; '><p><div  style='padding-bottom:5px; font-size:22px;' class='av-special-heading av-special-heading-h3  blockquote modern-quote modern-centered  avia-builder-el-3  el_before_av_image  avia-builder-el-first  av-inherit-size '><h3 class='av-special-heading-tag '  itemprop=\"headline\"  >Modelo 150<\/h3><div class='special-heading-border'><div class='special-heading-inner-border' ><\/div><\/div><\/div><br \/>\n<div  class='avia-image-container  av-styling- av-hover-grow noHover  av-overlay-on-hover   avia-builder-el-4  el_after_av_heading  avia-builder-el-last  avia-align-center '  itemprop=\"image\" itemscope=\"itemscope\" itemtype=\"https:\/\/schema.org\/ImageObject\"  ><div class='avia-image-container-inner'><div class='avia-image-overlay-wrap'><a href='https:\/\/farmscale.it\/es\/150-2\/' class='avia_image'  ><div class='av-image-caption-overlay'><div class='av-caption-image-overlay-bg' style='opacity:0.8; background-color:#0071e2; '><\/div><div class='av-image-caption-overlay-position'><div class='av-image-caption-overlay-center' style='color:#ffffff; font-size:14px; '><p>Indicador de peso econ\u00f3mico para pesadas parciales y valor total. Extrema sencillez de instalaci\u00f3n y empleo. Visualizaci\u00f3n del peso a 4 d\u00edgitos con LED rojos en fondo negro (altura cifras 25 mm). Visibilidad \u00f3ptima en condiciones de poca iluminaci\u00f3n tambi\u00e9n.<\/p>\n<\/div><\/div><\/div><img class='wp-image-6086 avia-img-lazy-loading-not-6086 avia_image' src='https:\/\/farmscale.it\/wp-content\/uploads\/2018\/05\/150_1-300x300.jpg' alt='' title='150_1'  itemprop=\"thumbnailUrl\"  \/><\/a><\/div><\/div><\/div><\/p><\/div><div class=\"flex_column av_one_third  flex_column_div   avia-builder-el-5  el_after_av_one_third  el_before_av_one_third  \" style='border-width:1px; border-color:#898989; border-style:solid; padding:5px; border-radius:5px; '><p><div  style='padding-bottom:5px; font-size:22px;' class='av-special-heading av-special-heading-h3  blockquote modern-quote modern-centered  avia-builder-el-6  el_before_av_image  avia-builder-el-first  av-inherit-size '><h3 class='av-special-heading-tag '  itemprop=\"headline\"  >Modelo 160<\/h3><div class='special-heading-border'><div class='special-heading-inner-border' ><\/div><\/div><\/div><br \/>\n<div  class='avia-image-container  av-styling- av-hover-grow noHover  av-overlay-on-hover   avia-builder-el-7  el_after_av_heading  avia-builder-el-last  avia-align-center '  itemprop=\"image\" itemscope=\"itemscope\" itemtype=\"https:\/\/schema.org\/ImageObject\"  ><div class='avia-image-container-inner'><div class='avia-image-overlay-wrap'><a href='https:\/\/farmscale.it\/es\/160-2\/' class='avia_image'  ><div class='av-image-caption-overlay'><div class='av-caption-image-overlay-bg' style='opacity:0.8; background-color:#0071e2; '><\/div><div class='av-image-caption-overlay-position'><div class='av-image-caption-overlay-center' style='color:#ffffff; font-size:14px; '><p>Indicador de peso econ\u00f3mico para pesadas parciales y valor total; programable con 9 recetas de 9 ingredientes para carga y descarga. Programaci\u00f3n en n\u00famero animales o en valores totales. Extrema sencillez de instalaci\u00f3n y empleo. Visualizaci\u00f3n del peso a 4 d\u00edgitos con LED rojos en fondo negro (altura cifras 25 mm). Visibilidad \u00f3ptima en condiciones de poca iluminaci\u00f3n tambi\u00e9n.<\/p>\n<\/div><\/div><\/div><img class='wp-image-6118 avia-img-lazy-loading-not-6118 avia_image' src='https:\/\/farmscale.it\/wp-content\/uploads\/2018\/05\/160_1-300x300.jpg' alt='' title='160_1'  itemprop=\"thumbnailUrl\"  \/><\/a><\/div><\/div><\/div><\/p><\/div><div class=\"flex_column av_one_third  flex_column_div   avia-builder-el-8  el_after_av_one_third  el_before_av_one_third  \" style='border-width:1px; border-color:#898989; border-style:solid; padding:5px; border-radius:5px; '><p><div  style='padding-bottom:5px; font-size:22px;' class='av-special-heading av-special-heading-h3  blockquote modern-quote modern-centered  avia-builder-el-9  el_before_av_image  avia-builder-el-first  av-inherit-size '><h3 class='av-special-heading-tag '  itemprop=\"headline\"  >Modelo 230<\/h3><div class='special-heading-border'><div class='special-heading-inner-border' ><\/div><\/div><\/div><br \/>\n<div  class='avia-image-container  av-styling- av-hover-grow noHover  av-overlay-on-hover   avia-builder-el-10  el_after_av_heading  avia-builder-el-last  avia-align-center '  itemprop=\"image\" itemscope=\"itemscope\" itemtype=\"https:\/\/schema.org\/ImageObject\"  ><div class='avia-image-container-inner'><div class='avia-image-overlay-wrap'><a href='https:\/\/farmscale.it\/es\/230-2\/' class='avia_image'  ><div class='av-image-caption-overlay'><div class='av-caption-image-overlay-bg' style='opacity:0.8; background-color:#0071e2; '><\/div><div class='av-image-caption-overlay-position'><div class='av-image-caption-overlay-center' style='color:#ffffff; font-size:14px; '><p>Trabaja con pesajes parciales, con una carga\/descarga o con secuencia de cargas\/descargas con alarma. Esta secuencia es de f\u00e1cil planteamiento porque no necesita complicados procedimientos de programaci\u00f3n. Por su practicidad el instrumento se utiliza en mezcladores arrastrados y autopropulsados.<\/p>\n<\/div><\/div><\/div><img class='wp-image-7559 avia-img-lazy-loading-not-7559 avia_image' src='https:\/\/farmscale.it\/wp-content\/uploads\/2020\/10\/230-1-300x235.jpg' alt='' title='230-1'  itemprop=\"thumbnailUrl\"  \/><\/a><\/div><\/div><\/div><\/p><\/div><div class=\"flex_column av_one_third  flex_column_div first  avia-builder-el-11  el_after_av_one_third  el_before_av_one_third  column-top-margin\" style='border-width:1px; border-color:#898989; border-style:solid; padding:5px; border-radius:5px; '><p><div  style='padding-bottom:5px; font-size:22px;' class='av-special-heading av-special-heading-h3  blockquote modern-quote modern-centered  avia-builder-el-12  el_before_av_image  avia-builder-el-first  av-inherit-size '><h3 class='av-special-heading-tag '  itemprop=\"headline\"  >Modelo 350<\/h3><div class='special-heading-border'><div class='special-heading-inner-border' ><\/div><\/div><\/div><br \/>\n<div  class='avia-image-container  av-styling- av-hover-grow noHover  av-overlay-on-hover   avia-builder-el-13  el_after_av_heading  avia-builder-el-last  avia-align-center '  itemprop=\"image\" itemscope=\"itemscope\" itemtype=\"https:\/\/schema.org\/ImageObject\"  ><div class='avia-image-container-inner'><div class='avia-image-overlay-wrap'><a href='https:\/\/farmscale.it\/es\/350-2\/' class='avia_image'  ><div class='av-image-caption-overlay'><div class='av-caption-image-overlay-bg' style='opacity:0.8; background-color:#0071e2; '><\/div><div class='av-image-caption-overlay-position'><div class='av-image-caption-overlay-center' style='color:#ffffff; font-size:14px; '><p>Se emplea en sistemas est\u00e1ticos y permite la lectura directa del peso, la puesta a cero tempor\u00e1nea para trabajar con pesajes parciales y el almacenamiento en memoria interna de los varios pesajes y de los c\u00f3digos producto o animales.<\/p>\n<\/div><\/div><\/div><img class='wp-image-7382 avia-img-lazy-loading-not-7382 avia_image' src='https:\/\/farmscale.it\/wp-content\/uploads\/2018\/05\/350_1-300x300.jpg' alt='' title='350_1'  itemprop=\"thumbnailUrl\"  \/><\/a><\/div><\/div><\/div><\/p><\/div><div class=\"flex_column av_one_third  flex_column_div   avia-builder-el-14  el_after_av_one_third  el_before_av_one_third  column-top-margin\" style='border-width:1px; border-color:#898989; border-style:solid; padding:5px; border-radius:5px; '><p><div  style='padding-bottom:5px; font-size:22px;' class='av-special-heading av-special-heading-h3  blockquote modern-quote modern-centered  avia-builder-el-15  el_before_av_image  avia-builder-el-first  av-inherit-size '><h3 class='av-special-heading-tag '  itemprop=\"headline\"  >Modelo 710<\/h3><div class='special-heading-border'><div class='special-heading-inner-border' ><\/div><\/div><\/div><br \/>\n<div  class='avia-image-container  av-styling- av-hover-grow noHover  av-overlay-on-hover   avia-builder-el-16  el_after_av_heading  avia-builder-el-last  avia-align-center '  itemprop=\"image\" itemscope=\"itemscope\" itemtype=\"https:\/\/schema.org\/ImageObject\"  ><div class='avia-image-container-inner'><div class='avia-image-overlay-wrap'><a href='https:\/\/farmscale.it\/es\/710-2\/' class='avia_image'  ><div class='av-image-caption-overlay'><div class='av-caption-image-overlay-bg' style='opacity:0.8; background-color:#0071e2; '><\/div><div class='av-image-caption-overlay-position'><div class='av-image-caption-overlay-center' style='color:#ffffff; font-size:14px; '><p>Microordenador con una memoria de 20 recetas programables con 20 ingredientes cada una utilizables sea para la carga sea para la descarga. Indicadores en la pantalla para conocer siempre la operaci\u00f3n en progreso. Teclas funci\u00f3n para llamar r\u00e1pidamente las operaciones. Muy buena visibilidad desde lejos.<\/p>\n<\/div><\/div><\/div><img class='wp-image-6250 avia-img-lazy-loading-not-6250 avia_image' src='https:\/\/farmscale.it\/wp-content\/uploads\/2018\/05\/710_1-300x300.jpg' alt='' title='710_1'  itemprop=\"thumbnailUrl\"  \/><\/a><\/div><\/div><\/div><\/p><\/div><div class=\"flex_column av_one_third  flex_column_div   avia-builder-el-17  el_after_av_one_third  el_before_av_one_third  column-top-margin\" style='border-width:1px; border-color:#898989; border-style:solid; padding:5px; border-radius:5px; '><p><div  style='padding-bottom:5px; font-size:22px;' class='av-special-heading av-special-heading-h3  blockquote modern-quote modern-centered  avia-builder-el-18  el_before_av_image  avia-builder-el-first  av-inherit-size '><h3 class='av-special-heading-tag '  itemprop=\"headline\"  >Modelo 800<\/h3><div class='special-heading-border'><div class='special-heading-inner-border' ><\/div><\/div><\/div><br \/>\n<div  class='avia-image-container  av-styling- av-hover-grow noHover  av-overlay-on-hover   avia-builder-el-19  el_after_av_heading  avia-builder-el-last  avia-align-center '  itemprop=\"image\" itemscope=\"itemscope\" itemtype=\"https:\/\/schema.org\/ImageObject\"  ><div class='avia-image-container-inner'><div class='avia-image-overlay-wrap'><a href='https:\/\/farmscale.it\/es\/800-2\/' class='avia_image'  ><div class='av-image-caption-overlay'><div class='av-caption-image-overlay-bg' style='opacity:0.8; background-color:#0071e2; '><\/div><div class='av-image-caption-overlay-position'><div class='av-image-caption-overlay-center' style='color:#ffffff; font-size:14px; '><p>LCD retroiluminado con anunciadores y mensajes que indican la operaci\u00f3n actual<br \/>\nCifras altas 57mm para una visibilidad excelente desde lejos tambi\u00e9n<br \/>\nAmplia memoria para 20 recetas de 20 ingredientes (programables en valores totales o por animal) Memoria almacenamiento Planteamiento alarma individual para carga o descarga Posibilidad de conectar repetidores a distancia a la salida protocolar StarBUS (si presente)<\/p>\n<\/div><\/div><\/div><img class='wp-image-6290 avia-img-lazy-loading-not-6290 avia_image' src='https:\/\/farmscale.it\/wp-content\/uploads\/2018\/05\/800_1-300x300.jpg' alt='' title='800_1'  itemprop=\"thumbnailUrl\"  \/><\/a><\/div><\/div><\/div><\/p><\/div><div class=\"flex_column av_one_third  flex_column_div first  avia-builder-el-20  el_after_av_one_third  el_before_av_hr  column-top-margin\" style='border-width:1px; border-color:#898989; border-style:solid; padding:5px; border-radius:5px; '><p><div  style='padding-bottom:5px; font-size:22px;' class='av-special-heading av-special-heading-h3  blockquote modern-quote modern-centered  avia-builder-el-21  el_before_av_image  avia-builder-el-first  av-inherit-size '><h3 class='av-special-heading-tag '  itemprop=\"headline\"  >Modelo 1510-1530<\/h3><div class='special-heading-border'><div class='special-heading-inner-border' ><\/div><\/div><\/div><br \/>\n<div  class='avia-image-container  av-styling- av-hover-grow noHover  av-overlay-on-hover   avia-builder-el-22  el_after_av_heading  avia-builder-el-last  avia-align-center '  itemprop=\"image\" itemscope=\"itemscope\" itemtype=\"https:\/\/schema.org\/ImageObject\"  ><div class='avia-image-container-inner'><div class='avia-image-overlay-wrap'><a href='https:\/\/farmscale.it\/es\/1510-1530\/' class='avia_image'  ><div class='av-image-caption-overlay'><div class='av-caption-image-overlay-bg' style='opacity:0.8; background-color:#0071e2; '><\/div><div class='av-image-caption-overlay-position'><div class='av-image-caption-overlay-center' style='color:#ffffff; font-size:11px; '><p>Pantalla LED num\u00e9rica para el peso y para el n\u00famero receta\/ingrediente. LCD alfanum\u00e9rico retroiluminado adicional para los mensajes de ayuda y los nombres de recetas, ingredientes y grupos de descarga. Anunciadores de estado en la pantalla para conocer siempre la operaci\u00f3n actual. Teclas funci\u00f3n para llamar r\u00e1pidamente las operaciones. Teclado alfanum\u00e9rico para introducir c\u00f3modamente los valores y los nombres. Amplia memoria para recetas, ulteriormente dilatable con cartucho de memoria. Lista nombres para recetas, ingredientes y grupos de descarga. Men\u00fa y mensajes disponibles en varios idiomas. Posibilidad de conectar m\u00e1s unidades perif\u00e9ricas a la salida protocolar StarBUS de serie.<\/p>\n<\/div><\/div><\/div><img class='wp-image-6330 avia-img-lazy-loading-not-6330 avia_image' src='https:\/\/farmscale.it\/wp-content\/uploads\/2018\/05\/1510_1-300x300.jpg' alt='' title='1510_1'  itemprop=\"thumbnailUrl\"  \/><\/a><\/div><\/div><\/div><\/p><\/div><div  style='height:50px' class='hr hr-invisible   avia-builder-el-23  el_after_av_one_third  avia-builder-el-last '><span class='hr-inner ' ><span class='hr-inner-style'><\/span><\/span><\/div>\n<\/div><\/div><\/div><!-- close content main div --><\/div><\/div><div id='after_section_1'  class='main_color av_default_container_wrap container_wrap sidebar_right' style=' '  ><div class='container' ><div class='template-page content  av-content-small alpha units'><div class='post-entry post-entry-type-page post-entry-5028'><div class='entry-content-wrapper clearfix'>\n","protected":false},"excerpt":{"rendered":"","protected":false},"author":1,"featured_media":0,"parent":0,"menu_order":0,"comment_status":"open","ping_status":"closed","template":"","meta":{"footnotes":""},"class_list":["post-5028","page","type-page","status-publish","hentry"],"yoast_head":"<!-- This site is optimized with the Yoast SEO plugin v27.2 - https:\/\/yoast.com\/product\/yoast-seo-wordpress\/ -->\n<title>Indicadores de peso - Farm Scale sistemas de pesaje electr\u00f3nicos<\/title>\n<meta name=\"robots\" content=\"index, follow, max-snippet:-1, max-image-preview:large, max-video-preview:-1\" \/>\n<link rel=\"canonical\" href=\"https:\/\/farmscale.it\/es\/indicadores-de-peso\/\" \/>\n<meta property=\"og:locale\" content=\"es_ES\" \/>\n<meta property=\"og:type\" content=\"article\" \/>\n<meta property=\"og:title\" content=\"Indicadores de peso - Farm Scale sistemas de pesaje electr\u00f3nicos\" \/>\n<meta property=\"og:url\" content=\"https:\/\/farmscale.it\/es\/indicadores-de-peso\/\" \/>\n<meta property=\"og:site_name\" content=\"Farm Scale sistemas de pesaje electr\u00f3nicos\" \/>\n<meta property=\"article:publisher\" content=\"https:\/\/www.facebook.com\/Perin-Weighmaster-1129543610407203\" \/>\n<meta property=\"article:modified_time\" content=\"2020-10-23T20:56:23+00:00\" \/>\n<meta name=\"twitter:card\" content=\"summary_large_image\" \/>\n<meta name=\"twitter:label1\" content=\"Tiempo de lectura\" \/>\n\t<meta name=\"twitter:data1\" content=\"11 minutos\" \/>\n<script type=\"application\/ld+json\" class=\"yoast-schema-graph\">{\"@context\":\"https:\/\/schema.org\",\"@graph\":[{\"@type\":\"WebPage\",\"@id\":\"https:\/\/farmscale.it\/es\/indicadores-de-peso\/\",\"url\":\"https:\/\/farmscale.it\/es\/indicadores-de-peso\/\",\"name\":\"Indicadores de peso - Farm Scale sistemas de pesaje electr\u00f3nicos\",\"isPartOf\":{\"@id\":\"https:\/\/farmscale.it\/es\/#website\"},\"datePublished\":\"2018-05-08T14:36:08+00:00\",\"dateModified\":\"2020-10-23T20:56:23+00:00\",\"breadcrumb\":{\"@id\":\"https:\/\/farmscale.it\/es\/indicadores-de-peso\/#breadcrumb\"},\"inLanguage\":\"es\",\"potentialAction\":[{\"@type\":\"ReadAction\",\"target\":[\"https:\/\/farmscale.it\/es\/indicadores-de-peso\/\"]}]},{\"@type\":\"BreadcrumbList\",\"@id\":\"https:\/\/farmscale.it\/es\/indicadores-de-peso\/#breadcrumb\",\"itemListElement\":[{\"@type\":\"ListItem\",\"position\":1,\"name\":\"Home\",\"item\":\"https:\/\/farmscale.it\/es\/\"},{\"@type\":\"ListItem\",\"position\":2,\"name\":\"Indicadores de peso\"}]},{\"@type\":\"WebSite\",\"@id\":\"https:\/\/farmscale.it\/es\/#website\",\"url\":\"https:\/\/farmscale.it\/es\/\",\"name\":\"Farm Scale sistemas de pesaje electr\u00f3nicos\",\"description\":\"Just another WordPress site\",\"potentialAction\":[{\"@type\":\"SearchAction\",\"target\":{\"@type\":\"EntryPoint\",\"urlTemplate\":\"https:\/\/farmscale.it\/es\/?s={search_term_string}\"},\"query-input\":{\"@type\":\"PropertyValueSpecification\",\"valueRequired\":true,\"valueName\":\"search_term_string\"}}],\"inLanguage\":\"es\"}]}<\/script>\n<!-- \/ Yoast SEO plugin. -->","yoast_head_json":{"title":"Indicadores de peso - Farm Scale sistemas de pesaje electr\u00f3nicos","robots":{"index":"index","follow":"follow","max-snippet":"max-snippet:-1","max-image-preview":"max-image-preview:large","max-video-preview":"max-video-preview:-1"},"canonical":"https:\/\/farmscale.it\/es\/indicadores-de-peso\/","og_locale":"es_ES","og_type":"article","og_title":"Indicadores de peso - Farm Scale sistemas de pesaje electr\u00f3nicos","og_url":"https:\/\/farmscale.it\/es\/indicadores-de-peso\/","og_site_name":"Farm Scale sistemas de pesaje electr\u00f3nicos","article_publisher":"https:\/\/www.facebook.com\/Perin-Weighmaster-1129543610407203","article_modified_time":"2020-10-23T20:56:23+00:00","twitter_card":"summary_large_image","twitter_misc":{"Tiempo de lectura":"11 minutos"},"schema":{"@context":"https:\/\/schema.org","@graph":[{"@type":"WebPage","@id":"https:\/\/farmscale.it\/es\/indicadores-de-peso\/","url":"https:\/\/farmscale.it\/es\/indicadores-de-peso\/","name":"Indicadores de peso - Farm Scale sistemas de pesaje electr\u00f3nicos","isPartOf":{"@id":"https:\/\/farmscale.it\/es\/#website"},"datePublished":"2018-05-08T14:36:08+00:00","dateModified":"2020-10-23T20:56:23+00:00","breadcrumb":{"@id":"https:\/\/farmscale.it\/es\/indicadores-de-peso\/#breadcrumb"},"inLanguage":"es","potentialAction":[{"@type":"ReadAction","target":["https:\/\/farmscale.it\/es\/indicadores-de-peso\/"]}]},{"@type":"BreadcrumbList","@id":"https:\/\/farmscale.it\/es\/indicadores-de-peso\/#breadcrumb","itemListElement":[{"@type":"ListItem","position":1,"name":"Home","item":"https:\/\/farmscale.it\/es\/"},{"@type":"ListItem","position":2,"name":"Indicadores de peso"}]},{"@type":"WebSite","@id":"https:\/\/farmscale.it\/es\/#website","url":"https:\/\/farmscale.it\/es\/","name":"Farm Scale sistemas de pesaje electr\u00f3nicos","description":"Just another WordPress site","potentialAction":[{"@type":"SearchAction","target":{"@type":"EntryPoint","urlTemplate":"https:\/\/farmscale.it\/es\/?s={search_term_string}"},"query-input":{"@type":"PropertyValueSpecification","valueRequired":true,"valueName":"search_term_string"}}],"inLanguage":"es"}]}},"_links":{"self":[{"href":"https:\/\/farmscale.it\/es\/wp-json\/wp\/v2\/pages\/5028","targetHints":{"allow":["GET"]}}],"collection":[{"href":"https:\/\/farmscale.it\/es\/wp-json\/wp\/v2\/pages"}],"about":[{"href":"https:\/\/farmscale.it\/es\/wp-json\/wp\/v2\/types\/page"}],"author":[{"embeddable":true,"href":"https:\/\/farmscale.it\/es\/wp-json\/wp\/v2\/users\/1"}],"replies":[{"embeddable":true,"href":"https:\/\/farmscale.it\/es\/wp-json\/wp\/v2\/comments?post=5028"}],"version-history":[{"count":0,"href":"https:\/\/farmscale.it\/es\/wp-json\/wp\/v2\/pages\/5028\/revisions"}],"wp:attachment":[{"href":"https:\/\/farmscale.it\/es\/wp-json\/wp\/v2\/media?parent=5028"}],"curies":[{"name":"wp","href":"https:\/\/api.w.org\/{rel}","templated":true}]}}