{"id":1777,"date":"2018-04-29T14:55:43","date_gmt":"2018-04-29T14:55:43","guid":{"rendered":"http:\/\/farmscale.it\/?page_id=1777"},"modified":"2018-05-25T15:37:28","modified_gmt":"2018-05-25T15:37:28","slug":"perin-weighmaster-notre-mission","status":"publish","type":"page","link":"https:\/\/farmscale.it\/fr\/perin-weighmaster-notre-mission\/","title":{"rendered":"Perin Weighmaster, Notre mission"},"content":{"rendered":"<div id='av-layout-grid-1'  class='av-layout-grid-container entry-content-wrapper main_color av-flex-cells     avia-builder-el-0  el_before_av_section  avia-builder-el-first  container_wrap sidebar_right' style=' '  >\n<div class=\"flex_cell no_margin av_one_half  avia-builder-el-1  el_before_av_cell_one_half  avia-builder-el-first   avia-full-stretch \"  style='height:500px; min-height:500px;background: #0098cb; vertical-align:middle; padding:80px; background-color:#0098cb; ' ><div class='flex_cell_inner' ><p><div  style='padding-bottom:25px; color:#ffffff;font-size:34px;' class='av-special-heading av-special-heading-h3 custom-color-heading blockquote modern-quote  avia-builder-el-2  el_before_av_textblock  avia-builder-el-first  av-inherit-size '><h3 class='av-special-heading-tag '  itemprop=\"headline\"  >Notre Mission<\/h3><div class='special-heading-border'><div class='special-heading-inner-border' style='border-color:#ffffff'><\/div><\/div><\/div><br \/>\n<section class=\"av_textblock_section \"  itemscope=\"itemscope\" itemtype=\"https:\/\/schema.org\/CreativeWork\" ><div class='avia_textblock  av_inherit_color '  style='color:#ffffff; '  itemprop=\"text\" ><p>Perin Weighmaster S.r.l. veut satisfaire les besoins de ses clients en fournissant syst\u00e8mes de pesage et appareils \u00e9lectroniques avec un tr\u00e8s bon rapport qualit\u00e9\/prix.<\/p>\n<\/div><\/section><\/p>\n<\/div><\/div><div class=\"flex_cell no_margin av_one_half  avia-builder-el-4  el_after_av_cell_one_half  avia-builder-el-last   avia-full-stretch av-zero-padding \"  style='height:500px; min-height:500px;background:url(https:\/\/farmscale.it\/wp-content\/uploads\/2018\/05\/missione-farmscale.jpg) center center no-repeat scroll #22689e; vertical-align:middle; padding:0px; background-color:#22689e; ' ><div class='flex_cell_inner' ><\/div><\/div><\/div><div id='av_section_1'  class='avia-section main_color avia-section-huge avia-no-border-styling  avia-bg-style-scroll  avia-builder-el-5  el_after_av_layout_row  avia-builder-el-last   container_wrap sidebar_right' style=' '  ><div class='container' ><div class='template-page content  av-content-small alpha units'><div class='post-entry post-entry-type-page post-entry-1777'><div class='entry-content-wrapper clearfix'>\n<div class='flex_column_table av-equal-height-column-flextable -flextable' style='margin-top:-200px; margin-bottom:0px; '><div class=\"flex_column av_one_third  no_margin flex_column_table_cell av-equal-height-column av-align-top first  avia-builder-el-6  el_before_av_one_third  avia-builder-el-first  \" style='padding:40px; border-radius:0px; '><\/div><div class=\"flex_column av_one_third  no_margin flex_column_table_cell av-equal-height-column av-align-top   avia-builder-el-7  el_after_av_one_third  el_before_av_one_third  \" style='padding:40px; border-radius:0px; '><\/div><div class=\"flex_column av_one_third  no_margin flex_column_table_cell av-equal-height-column av-align-top   avia-builder-el-8  el_after_av_one_third  el_before_av_three_fifth  \" style='background: #0098cb; padding:40px; background-color:#0098cb; border-radius:0px; '><p><span  class=\"av_font_icon avia_animate_when_visible avia-icon-animate  av-icon-style-  avia-icon-pos-center \" style=\"color:#ffffff; border-color:#ffffff;\"><span class='av-icon-char' style='font-size:60px;line-height:60px;' aria-hidden='true' data-av_icon='\ue80b' data-av_iconfont='entypo-fontello' ><\/span><\/span><br \/>\n<div  style='height:20px' class='hr hr-invisible   avia-builder-el-10  el_after_av_font_icon  el_before_av_textblock '><span class='hr-inner ' ><span class='hr-inner-style'><\/span><\/span><\/div><br \/>\n<section class=\"av_textblock_section \"  itemscope=\"itemscope\" itemtype=\"https:\/\/schema.org\/CreativeWork\" ><div class='avia_textblock  av_inherit_color '  style='color:#ffffff; '  itemprop=\"text\" ><h3 style=\"text-align: center;\">FARMSCALE<\/h3>\n<h5 style=\"text-align: center;\">Perin Weighmaster<\/h5>\n<p style=\"text-align: center;\">est active dans le domaine du pesage pour l\u2019agriculture et l\u2019industrie depuis 1972.<\/p>\n<\/div><\/section><\/p><\/div><\/div><!--close column table wrapper. Autoclose: 1 --><div class=\"flex_column av_three_fifth  av-animated-generic fade-in  flex_column_div av-zero-column-padding first  avia-builder-el-12  el_after_av_one_third  avia-builder-el-last  column-top-margin\" style='border-radius:0px; '><section class=\"av_textblock_section \"  itemscope=\"itemscope\" itemtype=\"https:\/\/schema.org\/CreativeWork\" ><div class='avia_textblock  '   itemprop=\"text\" ><p>Les produits <strong>FarmScale<\/strong> sont fiables, fonctionnels, efficaces et sont vendus \u00e0 prix convenables.<\/p>\n<p>Notre Soci\u00e9t\u00e9 fournit instruments utiles qui soulagent le travail des op\u00e9rateurs et am\u00e9liorent la gestion de l\u2019alimentation. Nous offrons nos comp\u00e9tences techniques et commerciales pour garantir \u00e0 nos clients un haut niveau d\u2019assistance et leur donner conseils sur les produits achet\u00e9s.<\/p>\n<\/div><\/section><\/div>\n<\/div><\/div><\/div><!-- close content main div --><\/div><\/div><div id='after_section_1'  class='main_color av_default_container_wrap container_wrap sidebar_right' style=' '  ><div class='container' ><div class='template-page content  av-content-small alpha units'><div class='post-entry post-entry-type-page post-entry-1777'><div class='entry-content-wrapper clearfix'><\/p>\n","protected":false},"excerpt":{"rendered":"","protected":false},"author":1,"featured_media":0,"parent":0,"menu_order":0,"comment_status":"closed","ping_status":"closed","template":"","meta":{"footnotes":""},"class_list":["post-1777","page","type-page","status-publish","hentry"],"yoast_head":"<!-- This site is optimized with the Yoast SEO plugin v27.3 - https:\/\/yoast.com\/product\/yoast-seo-wordpress\/ -->\n<title>Perin Weighmaster, Notre mission - Farm Scale syst\u00e8mes de pesage \u00e9lectroniques<\/title>\n<meta name=\"robots\" content=\"index, follow, max-snippet:-1, max-image-preview:large, max-video-preview:-1\" \/>\n<link rel=\"canonical\" href=\"https:\/\/farmscale.it\/fr\/perin-weighmaster-notre-mission\/\" \/>\n<meta property=\"og:locale\" content=\"fr_FR\" \/>\n<meta property=\"og:type\" content=\"article\" \/>\n<meta property=\"og:title\" content=\"Perin Weighmaster, Notre mission - Farm Scale syst\u00e8mes de pesage \u00e9lectroniques\" \/>\n<meta property=\"og:url\" content=\"https:\/\/farmscale.it\/fr\/perin-weighmaster-notre-mission\/\" \/>\n<meta property=\"og:site_name\" content=\"Farm Scale syst\u00e8mes de pesage \u00e9lectroniques\" \/>\n<meta property=\"article:publisher\" content=\"https:\/\/www.facebook.com\/Perin-Weighmaster-1129543610407203\" \/>\n<meta property=\"article:modified_time\" content=\"2018-05-25T15:37:28+00:00\" \/>\n<meta name=\"twitter:card\" content=\"summary_large_image\" \/>\n<meta name=\"twitter:label1\" content=\"Dur\u00e9e de lecture estim\u00e9e\" \/>\n\t<meta name=\"twitter:data1\" content=\"4 minutes\" \/>\n<script type=\"application\/ld+json\" class=\"yoast-schema-graph\">{\"@context\":\"https:\\\/\\\/schema.org\",\"@graph\":[{\"@type\":\"WebPage\",\"@id\":\"https:\\\/\\\/farmscale.it\\\/fr\\\/perin-weighmaster-notre-mission\\\/\",\"url\":\"https:\\\/\\\/farmscale.it\\\/fr\\\/perin-weighmaster-notre-mission\\\/\",\"name\":\"Perin Weighmaster, Notre mission - Farm Scale syst\u00e8mes de pesage \u00e9lectroniques\",\"isPartOf\":{\"@id\":\"https:\\\/\\\/farmscale.it\\\/fr\\\/#website\"},\"datePublished\":\"2018-04-29T14:55:43+00:00\",\"dateModified\":\"2018-05-25T15:37:28+00:00\",\"breadcrumb\":{\"@id\":\"https:\\\/\\\/farmscale.it\\\/fr\\\/perin-weighmaster-notre-mission\\\/#breadcrumb\"},\"inLanguage\":\"fr-FR\",\"potentialAction\":[{\"@type\":\"ReadAction\",\"target\":[\"https:\\\/\\\/farmscale.it\\\/fr\\\/perin-weighmaster-notre-mission\\\/\"]}]},{\"@type\":\"BreadcrumbList\",\"@id\":\"https:\\\/\\\/farmscale.it\\\/fr\\\/perin-weighmaster-notre-mission\\\/#breadcrumb\",\"itemListElement\":[{\"@type\":\"ListItem\",\"position\":1,\"name\":\"Home\",\"item\":\"https:\\\/\\\/farmscale.it\\\/fr\\\/\"},{\"@type\":\"ListItem\",\"position\":2,\"name\":\"Perin Weighmaster, Notre mission\"}]},{\"@type\":\"WebSite\",\"@id\":\"https:\\\/\\\/farmscale.it\\\/fr\\\/#website\",\"url\":\"https:\\\/\\\/farmscale.it\\\/fr\\\/\",\"name\":\"Farm Scale syst\u00e8mes de pesage \u00e9lectroniques\",\"description\":\"Just another WordPress site\",\"potentialAction\":[{\"@type\":\"SearchAction\",\"target\":{\"@type\":\"EntryPoint\",\"urlTemplate\":\"https:\\\/\\\/farmscale.it\\\/fr\\\/?s={search_term_string}\"},\"query-input\":{\"@type\":\"PropertyValueSpecification\",\"valueRequired\":true,\"valueName\":\"search_term_string\"}}],\"inLanguage\":\"fr-FR\"}]}<\/script>\n<!-- \/ Yoast SEO plugin. -->","yoast_head_json":{"title":"Perin Weighmaster, Notre mission - Farm Scale syst\u00e8mes de pesage \u00e9lectroniques","robots":{"index":"index","follow":"follow","max-snippet":"max-snippet:-1","max-image-preview":"max-image-preview:large","max-video-preview":"max-video-preview:-1"},"canonical":"https:\/\/farmscale.it\/fr\/perin-weighmaster-notre-mission\/","og_locale":"fr_FR","og_type":"article","og_title":"Perin Weighmaster, Notre mission - Farm Scale syst\u00e8mes de pesage \u00e9lectroniques","og_url":"https:\/\/farmscale.it\/fr\/perin-weighmaster-notre-mission\/","og_site_name":"Farm Scale syst\u00e8mes de pesage \u00e9lectroniques","article_publisher":"https:\/\/www.facebook.com\/Perin-Weighmaster-1129543610407203","article_modified_time":"2018-05-25T15:37:28+00:00","twitter_card":"summary_large_image","twitter_misc":{"Dur\u00e9e de lecture estim\u00e9e":"4 minutes"},"schema":{"@context":"https:\/\/schema.org","@graph":[{"@type":"WebPage","@id":"https:\/\/farmscale.it\/fr\/perin-weighmaster-notre-mission\/","url":"https:\/\/farmscale.it\/fr\/perin-weighmaster-notre-mission\/","name":"Perin Weighmaster, Notre mission - Farm Scale syst\u00e8mes de pesage \u00e9lectroniques","isPartOf":{"@id":"https:\/\/farmscale.it\/fr\/#website"},"datePublished":"2018-04-29T14:55:43+00:00","dateModified":"2018-05-25T15:37:28+00:00","breadcrumb":{"@id":"https:\/\/farmscale.it\/fr\/perin-weighmaster-notre-mission\/#breadcrumb"},"inLanguage":"fr-FR","potentialAction":[{"@type":"ReadAction","target":["https:\/\/farmscale.it\/fr\/perin-weighmaster-notre-mission\/"]}]},{"@type":"BreadcrumbList","@id":"https:\/\/farmscale.it\/fr\/perin-weighmaster-notre-mission\/#breadcrumb","itemListElement":[{"@type":"ListItem","position":1,"name":"Home","item":"https:\/\/farmscale.it\/fr\/"},{"@type":"ListItem","position":2,"name":"Perin Weighmaster, Notre mission"}]},{"@type":"WebSite","@id":"https:\/\/farmscale.it\/fr\/#website","url":"https:\/\/farmscale.it\/fr\/","name":"Farm Scale syst\u00e8mes de pesage \u00e9lectroniques","description":"Just another WordPress site","potentialAction":[{"@type":"SearchAction","target":{"@type":"EntryPoint","urlTemplate":"https:\/\/farmscale.it\/fr\/?s={search_term_string}"},"query-input":{"@type":"PropertyValueSpecification","valueRequired":true,"valueName":"search_term_string"}}],"inLanguage":"fr-FR"}]}},"_links":{"self":[{"href":"https:\/\/farmscale.it\/fr\/wp-json\/wp\/v2\/pages\/1777","targetHints":{"allow":["GET"]}}],"collection":[{"href":"https:\/\/farmscale.it\/fr\/wp-json\/wp\/v2\/pages"}],"about":[{"href":"https:\/\/farmscale.it\/fr\/wp-json\/wp\/v2\/types\/page"}],"author":[{"embeddable":true,"href":"https:\/\/farmscale.it\/fr\/wp-json\/wp\/v2\/users\/1"}],"replies":[{"embeddable":true,"href":"https:\/\/farmscale.it\/fr\/wp-json\/wp\/v2\/comments?post=1777"}],"version-history":[{"count":0,"href":"https:\/\/farmscale.it\/fr\/wp-json\/wp\/v2\/pages\/1777\/revisions"}],"wp:attachment":[{"href":"https:\/\/farmscale.it\/fr\/wp-json\/wp\/v2\/media?parent=1777"}],"curies":[{"name":"wp","href":"https:\/\/api.w.org\/{rel}","templated":true}]}}