{"id":4454,"date":"2018-05-04T17:37:05","date_gmt":"2018-05-04T17:37:05","guid":{"rendered":"http:\/\/farmscale.it\/?page_id=4454"},"modified":"2018-05-05T13:34:05","modified_gmt":"2018-05-05T13:34:05","slug":"autocut-pro","status":"publish","type":"page","link":"https:\/\/farmscale.it\/fr\/autocut-pro\/","title":{"rendered":"AutoCut Pro (cod. 502100)"},"content":{"rendered":"<div id='av_section_1'  class='avia-section main_color avia-section-default avia-no-shadow  avia-bg-style-scroll  avia-builder-el-0  avia-builder-el-no-sibling   container_wrap sidebar_right' style=' '  ><div class='container' ><main  role=\"main\" itemprop=\"mainContentOfPage\"  class='template-page content  av-content-small alpha units'><div class='post-entry post-entry-type-page post-entry-4454'><div class='entry-content-wrapper clearfix'>\n<div   class='hr hr-default   avia-builder-el-1  el_before_av_one_half  avia-builder-el-first '><span class='hr-inner ' ><span class='hr-inner-style'><\/span><\/span><\/div>\n<div class=\"flex_column av_one_half  flex_column_div av-zero-column-padding first  avia-builder-el-2  el_after_av_hr  el_before_av_one_half  \" style='border-radius:0px; '><div   data-size='no scaling'  data-lightbox_size='large'  data-animation='fade'  data-conditional_play=''  data-ids='4448,4446,4447'  data-video_counter='0'  data-autoplay='true'  data-bg_slider='false'  data-slide_height=''  data-handle='av_slideshow'  data-interval='4'  data-class=' avia-builder-el-3  avia-builder-el-no-sibling  '  data-el_id=''  data-css_id=''  data-scroll_down=''  data-control_layout='av-control-minimal av-control-minimal-dark'  data-custom_markup=''  data-perma_caption=''  data-autoplay_stopper=''  data-image_attachment=''  data-min_height='0px'  data-lazy_loading='disabled'  class='avia-slideshow avia-slideshow-1  av-control-minimal av-control-minimal-dark av-default-height-applied avia-slideshow-no scaling av_slideshow  avia-builder-el-3  avia-builder-el-no-sibling   avia-fade-slider '  itemprop=\"image\" itemscope=\"itemscope\" itemtype=\"https:\/\/schema.org\/ImageObject\" ><ul class='avia-slideshow-inner ' style='padding-bottom: 100%;' ><li  class=' slide-1 ' ><a href='https:\/\/farmscale.it\/wp-content\/uploads\/2018\/05\/AutoCut_Pro_1-1030x1030.jpg' data-rel='slideshow-1' class='avia-slide-wrap '   ><img class=\"wp-image-6536 avia-img-lazy-loading-not-6536\"  src='https:\/\/farmscale.it\/wp-content\/uploads\/2018\/05\/AutoCut_Pro_1.jpg' width='1080' height='1080' title='AutoCut_Pro_1' alt=''  itemprop=\"thumbnailUrl\"   \/><\/a><\/li><li  class=' slide-2 ' ><a href='https:\/\/farmscale.it\/wp-content\/uploads\/2018\/05\/AutoCut_Pro_2-1030x1030.jpg' data-rel='slideshow-1' class='avia-slide-wrap '   ><img class=\"wp-image-6528 avia-img-lazy-loading-not-6528\"  src='https:\/\/farmscale.it\/wp-content\/uploads\/2018\/05\/AutoCut_Pro_2.jpg' width='1080' height='1080' title='AutoCut_Pro_2' alt=''  itemprop=\"thumbnailUrl\"   \/><\/a><\/li><li  class=' slide-3 ' ><a href='https:\/\/farmscale.it\/wp-content\/uploads\/2018\/05\/AutoCut_Pro_3-1030x1030.jpg' data-rel='slideshow-1' class='avia-slide-wrap '   ><img class=\"wp-image-6532 avia-img-lazy-loading-not-6532\"  src='https:\/\/farmscale.it\/wp-content\/uploads\/2018\/05\/AutoCut_Pro_3.jpg' width='1080' height='1080' title='AutoCut_Pro_3' alt=''  itemprop=\"thumbnailUrl\"   \/><\/a><\/li><\/ul><div class='avia-slideshow-arrows avia-slideshow-controls'><a href='#prev' class='prev-slide' aria-hidden='true' data-av_icon='\ue87c' data-av_iconfont='entypo-fontello'>Pr\u00e9c\u00e9dent<\/a><a href='#next' class='next-slide' aria-hidden='true' data-av_icon='\ue87d' data-av_iconfont='entypo-fontello'>Suivant<\/a><\/div><div class='avia-slideshow-dots avia-slideshow-controls'><a href='#1' class='goto-slide active' >1<\/a><a href='#2' class='goto-slide ' >2<\/a><a href='#3' class='goto-slide ' >3<\/a><\/div><\/div><\/div><div class=\"flex_column av_one_half  flex_column_div av-zero-column-padding   avia-builder-el-4  el_after_av_one_half  el_before_av_one_half  \" style='border-radius:0px; '><p><div  style='padding-bottom:15px; color:#000000;font-size:18px;' class='av-special-heading av-special-heading-h1 custom-color-heading blockquote modern-quote  avia-builder-el-5  el_before_av_heading  avia-builder-el-first  av-inherit-size '><h1 class='av-special-heading-tag '  itemprop=\"headline\"  >AutoCut Pro (cod. 502100)<\/h1><div class='special-heading-border'><div class='special-heading-inner-border' style='border-color:#000000'><\/div><\/div><\/div><br \/>\n<div  style='padding-bottom:15px; color:#000000;font-size:15px;' class='av-special-heading av-special-heading-h1 custom-color-heading blockquote modern-quote  avia-builder-el-6  el_after_av_heading  el_before_av_textblock  av-inherit-size '><h1 class='av-special-heading-tag '  itemprop=\"headline\"  >Description:<\/h1><div class='special-heading-border'><div class='special-heading-inner-border' style='border-color:#000000'><\/div><\/div><\/div><br \/>\n<section class=\"av_textblock_section \"  itemscope=\"itemscope\" itemtype=\"https:\/\/schema.org\/CreativeWork\" ><div class='avia_textblock  '   itemprop=\"text\" ><p>L&rsquo;Autocut Pro permet le contr\u00f4le synchronis\u00e9 du branchement et d\u00e9branchement des contrecouteaux hydrauliques des m\u00e9langeuses verticales, afin d&rsquo;optimiser les temps et la qualit\u00e9 du m\u00e9lange distribu\u00e9 au troupeau.<br \/>\nLes dimensions r\u00e9duites et la facilit\u00e9 d&rsquo;installation permettent de placer cet instrument dans la cabine du tracteur ou de l&rsquo;automotrice.<br \/>\nL&rsquo;utilisation est simplifi\u00e9e du fait que les temps d&rsquo;entr\u00e9e et sortie sont r\u00e9gl\u00e9s directement par deux r\u00e9gulateurs avec \u00e9chelle, sans la n\u00e9cessit\u00e9 de proc\u00e9dures complexes de programmation par touches. L&rsquo;utilisateur est en outre aid\u00e9 dans la compr\u00e9hension du cycle de travail par les voyants qui marquent les phases de branchement et d\u00e9branchement des contrecouteaux.<br \/>\nLe nouveau r\u00e9gulateur qui permet de r\u00e9gler le temps de travail du cycle d&rsquo;entr\u00e9e et sortie des contrecouteaux (de 1 \u00e0 60 minutes) est une nouveaut\u00e9 importante, par rapport au mod\u00e8le pr\u00e9c\u00e9dent.<br \/>\nLe kit est fourni avec c\u00e2bles et connecteurs n\u00e9cessaires pour la connexion \u00e0 la source d&rsquo;alimentation et aux \u00e9lectrovannes.<\/p>\n<\/div><\/section><br \/>\n<div  style='padding-bottom:15px; color:#000000;font-size:15px;' class='av-special-heading av-special-heading-h1 custom-color-heading blockquote modern-quote  avia-builder-el-8  el_after_av_textblock  el_before_av_textblock  av-inherit-size '><h1 class='av-special-heading-tag '  itemprop=\"headline\"  >CARACT\u00c9RISTIQUES:<\/h1><div class='special-heading-border'><div class='special-heading-inner-border' style='border-color:#000000'><\/div><\/div><\/div><br \/>\n<section class=\"av_textblock_section \"  itemscope=\"itemscope\" itemtype=\"https:\/\/schema.org\/CreativeWork\" ><div class='avia_textblock  '   itemprop=\"text\" ><p>&#8211; tension d&rsquo;alimentation 12V<br \/>\n&#8211; courant \u00e0 la sortie 12V &#8211; 6 Amp max<br \/>\n&#8211; longueur c\u00e2ble 4,5 mt<br \/>\n&#8211; temp\u00e9rature de travail -20\/+40\u00b0C<br \/>\n&#8211; bo\u00eetier en ABS<br \/>\n&#8211; touches de commande:<br \/>\nentr\u00e9e contrecouteaux<br \/>\nsortie contrecouteaux<br \/>\nd\u00e9marrage cycle<br \/>\n&#8211; boutons de r\u00e9glage:<br \/>\nTIME IN &#8211; temps d&rsquo;entr\u00e9e (5 ~ 200 sec)<br \/>\nTIME OUT &#8211; temps de sortie (5 ~ 200 sec.)<br \/>\nTIME AUTO &#8211; temps du cycle (1 ~ 60 minutes)<\/p>\n<\/div><\/section><\/p><\/div><div class=\"flex_column av_one_half  flex_column_div av-zero-column-padding first  avia-builder-el-10  el_after_av_one_half  el_before_av_one_half  column-top-margin\" style='border-radius:0px; '><\/div><div class=\"flex_column av_one_half  flex_column_div av-zero-column-padding   avia-builder-el-11  el_after_av_one_half  el_before_av_hr  column-top-margin\" style='border-radius:0px; '><article  class=\"iconbox iconbox_right_content    avia-builder-el-12  avia-builder-el-no-sibling  av-icon-style-no-border\"  itemscope=\"itemscope\" itemtype=\"https:\/\/schema.org\/CreativeWork\" ><a href='https:\/\/farmscale.it\/wp-content\/uploads\/2018\/05\/Autocut-pro-F.pdf' title='Visualise depliant:' target=\"_blank\" rel=\"noopener noreferrer\" class=\"iconbox_icon heading-color\" aria-hidden='true' data-av_icon='\uf1c1' data-av_iconfont='fontello' style='color:#d63333; '><\/a><div class=\"iconbox_content\"><header class=\"entry-content-header\"><h3 class='iconbox_content_title  '  itemprop=\"headline\"  ><a href='https:\/\/farmscale.it\/wp-content\/uploads\/2018\/05\/Autocut-pro-F.pdf' title='Visualise depliant:' target=\"_blank\" rel=\"noopener noreferrer\">Visualise depliant:<\/a><\/h3><\/header><div class='iconbox_content_container  '  itemprop=\"text\"  ><\/div><\/div><footer class=\"entry-footer\"><\/footer><\/article><\/div><div   class='hr hr-default   avia-builder-el-13  el_after_av_one_half  avia-builder-el-last '><span class='hr-inner ' ><span class='hr-inner-style'><\/span><\/span><\/div>\n<\/div><\/div><\/main><!-- close content main element --><\/div><\/div><div id='after_section_1'  class='main_color av_default_container_wrap container_wrap sidebar_right' style=' '  ><div class='container' ><div class='template-page content  av-content-small alpha units'><div class='post-entry post-entry-type-page post-entry-4454'><div class='entry-content-wrapper clearfix'>\n","protected":false},"excerpt":{"rendered":"","protected":false},"author":1,"featured_media":0,"parent":0,"menu_order":0,"comment_status":"open","ping_status":"closed","template":"","meta":{"footnotes":""},"class_list":["post-4454","page","type-page","status-publish","hentry"],"yoast_head":"<!-- This site is optimized with the Yoast SEO plugin v27.3 - https:\/\/yoast.com\/product\/yoast-seo-wordpress\/ -->\n<title>AutoCut Pro (cod. 502100) - Farm Scale syst\u00e8mes de pesage \u00e9lectroniques<\/title>\n<meta name=\"robots\" content=\"index, follow, max-snippet:-1, max-image-preview:large, max-video-preview:-1\" \/>\n<link rel=\"canonical\" href=\"https:\/\/farmscale.it\/fr\/autocut-pro\/\" \/>\n<meta property=\"og:locale\" content=\"fr_FR\" \/>\n<meta property=\"og:type\" content=\"article\" \/>\n<meta property=\"og:title\" content=\"AutoCut Pro (cod. 502100) - Farm Scale syst\u00e8mes de pesage \u00e9lectroniques\" \/>\n<meta property=\"og:url\" content=\"https:\/\/farmscale.it\/fr\/autocut-pro\/\" \/>\n<meta property=\"og:site_name\" content=\"Farm Scale syst\u00e8mes de pesage \u00e9lectroniques\" \/>\n<meta property=\"article:publisher\" content=\"https:\/\/www.facebook.com\/Perin-Weighmaster-1129543610407203\" \/>\n<meta property=\"article:modified_time\" content=\"2018-05-05T13:34:05+00:00\" \/>\n<meta name=\"twitter:card\" content=\"summary_large_image\" \/>\n<meta name=\"twitter:label1\" content=\"Dur\u00e9e de lecture estim\u00e9e\" \/>\n\t<meta name=\"twitter:data1\" content=\"6 minutes\" \/>\n<script type=\"application\/ld+json\" class=\"yoast-schema-graph\">{\"@context\":\"https:\\\/\\\/schema.org\",\"@graph\":[{\"@type\":\"WebPage\",\"@id\":\"https:\\\/\\\/farmscale.it\\\/fr\\\/autocut-pro\\\/\",\"url\":\"https:\\\/\\\/farmscale.it\\\/fr\\\/autocut-pro\\\/\",\"name\":\"AutoCut Pro (cod. 502100) - Farm Scale syst\u00e8mes de pesage \u00e9lectroniques\",\"isPartOf\":{\"@id\":\"https:\\\/\\\/farmscale.it\\\/fr\\\/#website\"},\"datePublished\":\"2018-05-04T17:37:05+00:00\",\"dateModified\":\"2018-05-05T13:34:05+00:00\",\"breadcrumb\":{\"@id\":\"https:\\\/\\\/farmscale.it\\\/fr\\\/autocut-pro\\\/#breadcrumb\"},\"inLanguage\":\"fr-FR\",\"potentialAction\":[{\"@type\":\"ReadAction\",\"target\":[\"https:\\\/\\\/farmscale.it\\\/fr\\\/autocut-pro\\\/\"]}]},{\"@type\":\"BreadcrumbList\",\"@id\":\"https:\\\/\\\/farmscale.it\\\/fr\\\/autocut-pro\\\/#breadcrumb\",\"itemListElement\":[{\"@type\":\"ListItem\",\"position\":1,\"name\":\"Home\",\"item\":\"https:\\\/\\\/farmscale.it\\\/fr\\\/\"},{\"@type\":\"ListItem\",\"position\":2,\"name\":\"AutoCut Pro (cod. 502100)\"}]},{\"@type\":\"WebSite\",\"@id\":\"https:\\\/\\\/farmscale.it\\\/fr\\\/#website\",\"url\":\"https:\\\/\\\/farmscale.it\\\/fr\\\/\",\"name\":\"Farm Scale syst\u00e8mes de pesage \u00e9lectroniques\",\"description\":\"Just another WordPress site\",\"potentialAction\":[{\"@type\":\"SearchAction\",\"target\":{\"@type\":\"EntryPoint\",\"urlTemplate\":\"https:\\\/\\\/farmscale.it\\\/fr\\\/?s={search_term_string}\"},\"query-input\":{\"@type\":\"PropertyValueSpecification\",\"valueRequired\":true,\"valueName\":\"search_term_string\"}}],\"inLanguage\":\"fr-FR\"}]}<\/script>\n<!-- \/ Yoast SEO plugin. -->","yoast_head_json":{"title":"AutoCut Pro (cod. 502100) - Farm Scale syst\u00e8mes de pesage \u00e9lectroniques","robots":{"index":"index","follow":"follow","max-snippet":"max-snippet:-1","max-image-preview":"max-image-preview:large","max-video-preview":"max-video-preview:-1"},"canonical":"https:\/\/farmscale.it\/fr\/autocut-pro\/","og_locale":"fr_FR","og_type":"article","og_title":"AutoCut Pro (cod. 502100) - Farm Scale syst\u00e8mes de pesage \u00e9lectroniques","og_url":"https:\/\/farmscale.it\/fr\/autocut-pro\/","og_site_name":"Farm Scale syst\u00e8mes de pesage \u00e9lectroniques","article_publisher":"https:\/\/www.facebook.com\/Perin-Weighmaster-1129543610407203","article_modified_time":"2018-05-05T13:34:05+00:00","twitter_card":"summary_large_image","twitter_misc":{"Dur\u00e9e de lecture estim\u00e9e":"6 minutes"},"schema":{"@context":"https:\/\/schema.org","@graph":[{"@type":"WebPage","@id":"https:\/\/farmscale.it\/fr\/autocut-pro\/","url":"https:\/\/farmscale.it\/fr\/autocut-pro\/","name":"AutoCut Pro (cod. 502100) - Farm Scale syst\u00e8mes de pesage \u00e9lectroniques","isPartOf":{"@id":"https:\/\/farmscale.it\/fr\/#website"},"datePublished":"2018-05-04T17:37:05+00:00","dateModified":"2018-05-05T13:34:05+00:00","breadcrumb":{"@id":"https:\/\/farmscale.it\/fr\/autocut-pro\/#breadcrumb"},"inLanguage":"fr-FR","potentialAction":[{"@type":"ReadAction","target":["https:\/\/farmscale.it\/fr\/autocut-pro\/"]}]},{"@type":"BreadcrumbList","@id":"https:\/\/farmscale.it\/fr\/autocut-pro\/#breadcrumb","itemListElement":[{"@type":"ListItem","position":1,"name":"Home","item":"https:\/\/farmscale.it\/fr\/"},{"@type":"ListItem","position":2,"name":"AutoCut Pro (cod. 502100)"}]},{"@type":"WebSite","@id":"https:\/\/farmscale.it\/fr\/#website","url":"https:\/\/farmscale.it\/fr\/","name":"Farm Scale syst\u00e8mes de pesage \u00e9lectroniques","description":"Just another WordPress site","potentialAction":[{"@type":"SearchAction","target":{"@type":"EntryPoint","urlTemplate":"https:\/\/farmscale.it\/fr\/?s={search_term_string}"},"query-input":{"@type":"PropertyValueSpecification","valueRequired":true,"valueName":"search_term_string"}}],"inLanguage":"fr-FR"}]}},"_links":{"self":[{"href":"https:\/\/farmscale.it\/fr\/wp-json\/wp\/v2\/pages\/4454","targetHints":{"allow":["GET"]}}],"collection":[{"href":"https:\/\/farmscale.it\/fr\/wp-json\/wp\/v2\/pages"}],"about":[{"href":"https:\/\/farmscale.it\/fr\/wp-json\/wp\/v2\/types\/page"}],"author":[{"embeddable":true,"href":"https:\/\/farmscale.it\/fr\/wp-json\/wp\/v2\/users\/1"}],"replies":[{"embeddable":true,"href":"https:\/\/farmscale.it\/fr\/wp-json\/wp\/v2\/comments?post=4454"}],"version-history":[{"count":0,"href":"https:\/\/farmscale.it\/fr\/wp-json\/wp\/v2\/pages\/4454\/revisions"}],"wp:attachment":[{"href":"https:\/\/farmscale.it\/fr\/wp-json\/wp\/v2\/media?parent=4454"}],"curies":[{"name":"wp","href":"https:\/\/api.w.org\/{rel}","templated":true}]}}