{"id":4479,"date":"2018-05-04T18:44:01","date_gmt":"2018-05-04T18:44:01","guid":{"rendered":"http:\/\/farmscale.it\/?page_id=4479"},"modified":"2018-05-04T18:44:01","modified_gmt":"2018-05-04T18:44:01","slug":"farmlink","status":"publish","type":"page","link":"https:\/\/farmscale.it\/fr\/farmlink\/","title":{"rendered":"FarmLink"},"content":{"rendered":"<div id='av_section_1'  class='avia-section main_color avia-section-default avia-no-shadow  avia-bg-style-scroll  avia-builder-el-0  avia-builder-el-no-sibling   container_wrap sidebar_right' style=' '  ><div class='container' ><main  role=\"main\" itemprop=\"mainContentOfPage\"  class='template-page content  av-content-small alpha units'><div class='post-entry post-entry-type-page post-entry-4479'><div class='entry-content-wrapper clearfix'>\n<div   class='hr hr-default   avia-builder-el-1  el_before_av_one_half  avia-builder-el-first '><span class='hr-inner ' ><span class='hr-inner-style'><\/span><\/span><\/div>\n<div class=\"flex_column av_one_half  flex_column_div av-zero-column-padding first  avia-builder-el-2  el_after_av_hr  el_before_av_one_half  \" style='border-radius:0px; '><div   data-size='no scaling'  data-lightbox_size='large'  data-animation='fade'  data-conditional_play=''  data-ids='4472'  data-video_counter='0'  data-autoplay='true'  data-bg_slider='false'  data-slide_height=''  data-handle='av_slideshow'  data-interval='4'  data-class=' avia-builder-el-3  avia-builder-el-no-sibling  '  data-el_id=''  data-css_id=''  data-scroll_down=''  data-control_layout='av-control-minimal av-control-minimal-dark'  data-custom_markup=''  data-perma_caption=''  data-autoplay_stopper=''  data-image_attachment=''  data-min_height='0px'  data-lazy_loading='disabled'  class='avia-slideshow avia-slideshow-1  av-control-minimal av-control-minimal-dark av-default-height-applied avia-slideshow-no scaling av_slideshow  avia-builder-el-3  avia-builder-el-no-sibling   avia-fade-slider '  itemprop=\"image\" itemscope=\"itemscope\" itemtype=\"https:\/\/schema.org\/ImageObject\" ><ul class='avia-slideshow-inner ' style='padding-bottom: 76.744186046512%;' ><li  class=' av-single-slide slide-1 ' ><a href='https:\/\/farmscale.it\/wp-content\/uploads\/2018\/05\/Farmlink4.jpg' data-rel='slideshow-1' class='avia-slide-wrap '   ><img class=\"wp-image-6560 avia-img-lazy-loading-not-6560\"  src='https:\/\/farmscale.it\/wp-content\/uploads\/2018\/05\/Farmlink4.jpg' width='387' height='297' title='Farmlink4' alt=''  itemprop=\"thumbnailUrl\"   \/><\/a><\/li><\/ul><\/div><\/div><div class=\"flex_column av_one_half  flex_column_div av-zero-column-padding   avia-builder-el-4  el_after_av_one_half  el_before_av_one_half  \" style='border-radius:0px; '><p><div  style='padding-bottom:15px; color:#000000;font-size:20px;' class='av-special-heading av-special-heading-h1 custom-color-heading blockquote modern-quote  avia-builder-el-5  el_before_av_textblock  avia-builder-el-first  av-inherit-size '><h1 class='av-special-heading-tag '  itemprop=\"headline\"  >FARMLINK4<\/h1><div class='special-heading-border'><div class='special-heading-inner-border' style='border-color:#000000'><\/div><\/div><\/div><br \/>\n<section class=\"av_textblock_section \"  itemscope=\"itemscope\" itemtype=\"https:\/\/schema.org\/CreativeWork\" ><div class='avia_textblock  '   itemprop=\"text\" ><p>Logiciel pour la gestion avanc\u00e9e de la tra\u00e7abilit\u00e9 et de l&rsquo;alimentation du troupeau.<br \/>\nDisponible dans les versions Light et Plus.<\/p>\n<\/div><\/section><br \/>\n<div  style='padding-bottom:15px; color:#000000;font-size:15px;' class='av-special-heading av-special-heading-h1 custom-color-heading blockquote modern-quote  avia-builder-el-7  el_after_av_textblock  el_before_av_textblock  av-inherit-size '><h1 class='av-special-heading-tag '  itemprop=\"headline\"  >Description:<\/h1><div class='special-heading-border'><div class='special-heading-inner-border' style='border-color:#000000'><\/div><\/div><\/div><br \/>\n<section class=\"av_textblock_section \"  itemscope=\"itemscope\" itemtype=\"https:\/\/schema.org\/CreativeWork\" ><div class='avia_textblock  '   itemprop=\"text\" ><p>FarmLink est un logiciel qui travaille avec Windows combin\u00e9 aux syst\u00e8mes de pesage de Perin Weighmaster S.r.l. (mod\u00e8les Farm Scale: 1500, 1510, 1520, 1530, Visual 2000). Ces syst\u00e8mes de pesage sont g\u00e9n\u00e9ralement install\u00e9s sur les m\u00e9langeuses \u00ab\u00a0UNIFEED\u00a0\u00bb de diff\u00e9rentes marques ou sur broyeurs pour la pr\u00e9paration des aliments.<br \/>\nLe logiciel peut \u00eatre install\u00e9 sur m\u00e9langeuses nouvelles ou d\u00e9j\u00e0 en service (m\u00eame si \u00e0 l&rsquo;origine il y avait un indicateur de poids de marque diff\u00e9rente), sans devoir changer les capteurs de poids.<br \/>\nLe FarmLink est une aide tr\u00e8s efficace pour la cr\u00e9ation de rapports qui sont fondamentaux pour administrer la Qualit\u00e9; en outre il est indispensable aux soci\u00e9t\u00e9s qui veulent certifier la tra\u00e7abilit\u00e9 de l&rsquo;alimentation du troupeau.<\/p>\n<\/div><\/section><br \/>\n<div  style='padding-bottom:15px; color:#000000;font-size:15px;' class='av-special-heading av-special-heading-h1 custom-color-heading blockquote modern-quote  avia-builder-el-9  el_after_av_textblock  el_before_av_textblock  av-inherit-size '><h1 class='av-special-heading-tag '  itemprop=\"headline\"  >Les objectifs du logiciel sont:<\/h1><div class='special-heading-border'><div class='special-heading-inner-border' style='border-color:#000000'><\/div><\/div><\/div><br \/>\n<section class=\"av_textblock_section \"  itemscope=\"itemscope\" itemtype=\"https:\/\/schema.org\/CreativeWork\" ><div class='avia_textblock  '   itemprop=\"text\" ><p>&#8211; optimisation de la gestion des mati\u00e8res premi\u00e8res pour l&rsquo;alimentation des animaux<br \/>\n&#8211; optimisation de l&rsquo;utilisation de la main d&rsquo;oeuvre employ\u00e9e pour la pr\u00e9paration des rations<br \/>\n&#8211; am\u00e9lioration de la qualit\u00e9 de la ration distribu\u00e9e aux groupes individuels de b\u00e9tail avec correspondant accroissement de la quantit\u00e9 et de la qualit\u00e9 du lait ou de la viande produits<br \/>\n&#8211; am\u00e9lioration de l&rsquo;\u00e9tat de sant\u00e9 de l&rsquo;animal<br \/>\n&#8211; tra\u00e7abilit\u00e9 des aliments distribu\u00e9s aux groupes individuels de b\u00e9tail<br \/>\n&#8211; calcul automatique de l&rsquo;IOFC (Income Over Feed Cost)<br \/>\n&#8211; minimisation des frais et du gaspillage<\/p>\n<\/div><\/section><\/p><\/div><div class=\"flex_column av_one_half  flex_column_div av-zero-column-padding first  avia-builder-el-11  el_after_av_one_half  el_before_av_one_half  column-top-margin\" style='border-radius:0px; '><\/div><div class=\"flex_column av_one_half  flex_column_div av-zero-column-padding   avia-builder-el-12  el_after_av_one_half  el_before_av_hr  column-top-margin\" style='border-radius:0px; '><article  class=\"iconbox iconbox_right_content    avia-builder-el-13  avia-builder-el-no-sibling  av-icon-style-no-border\"  itemscope=\"itemscope\" itemtype=\"https:\/\/schema.org\/CreativeWork\" ><a href='https:\/\/farmscale.it\/wp-content\/uploads\/2018\/05\/Nuovo-Present-FL4-F.pdf' title='Visualise depliant:' target=\"_blank\" rel=\"noopener noreferrer\" class=\"iconbox_icon heading-color\" aria-hidden='true' data-av_icon='\uf1c1' data-av_iconfont='fontello' style='color:#d63333; '><\/a><div class=\"iconbox_content\"><header class=\"entry-content-header\"><h3 class='iconbox_content_title  '  itemprop=\"headline\"  ><a href='https:\/\/farmscale.it\/wp-content\/uploads\/2018\/05\/Nuovo-Present-FL4-F.pdf' title='Visualise depliant:' target=\"_blank\" rel=\"noopener noreferrer\">Visualise depliant:<\/a><\/h3><\/header><div class='iconbox_content_container  '  itemprop=\"text\"  ><\/div><\/div><footer class=\"entry-footer\"><\/footer><\/article><\/div><div   class='hr hr-default   avia-builder-el-14  el_after_av_one_half  avia-builder-el-last '><span class='hr-inner ' ><span class='hr-inner-style'><\/span><\/span><\/div>\n<\/div><\/div><\/main><!-- close content main element --><\/div><\/div><div id='after_section_1'  class='main_color av_default_container_wrap container_wrap sidebar_right' style=' '  ><div class='container' ><div class='template-page content  av-content-small alpha units'><div class='post-entry post-entry-type-page post-entry-4479'><div class='entry-content-wrapper clearfix'>\n","protected":false},"excerpt":{"rendered":"","protected":false},"author":1,"featured_media":0,"parent":0,"menu_order":0,"comment_status":"open","ping_status":"closed","template":"","meta":{"footnotes":""},"class_list":["post-4479","page","type-page","status-publish","hentry"],"yoast_head":"<!-- This site is optimized with the Yoast SEO plugin v27.3 - https:\/\/yoast.com\/product\/yoast-seo-wordpress\/ -->\n<title>FarmLink - Farm Scale syst\u00e8mes de pesage \u00e9lectroniques<\/title>\n<meta name=\"robots\" content=\"index, follow, max-snippet:-1, max-image-preview:large, max-video-preview:-1\" \/>\n<link rel=\"canonical\" href=\"https:\/\/farmscale.it\/fr\/farmlink\/\" \/>\n<meta property=\"og:locale\" content=\"fr_FR\" \/>\n<meta property=\"og:type\" content=\"article\" \/>\n<meta property=\"og:title\" content=\"FarmLink - Farm Scale syst\u00e8mes de pesage \u00e9lectroniques\" \/>\n<meta property=\"og:url\" content=\"https:\/\/farmscale.it\/fr\/farmlink\/\" \/>\n<meta property=\"og:site_name\" content=\"Farm Scale syst\u00e8mes de pesage \u00e9lectroniques\" \/>\n<meta property=\"article:publisher\" content=\"https:\/\/www.facebook.com\/Perin-Weighmaster-1129543610407203\" \/>\n<meta name=\"twitter:card\" content=\"summary_large_image\" \/>\n<meta name=\"twitter:label1\" content=\"Dur\u00e9e de lecture estim\u00e9e\" \/>\n\t<meta name=\"twitter:data1\" content=\"6 minutes\" \/>\n<script type=\"application\/ld+json\" class=\"yoast-schema-graph\">{\"@context\":\"https:\\\/\\\/schema.org\",\"@graph\":[{\"@type\":\"WebPage\",\"@id\":\"https:\\\/\\\/farmscale.it\\\/fr\\\/farmlink\\\/\",\"url\":\"https:\\\/\\\/farmscale.it\\\/fr\\\/farmlink\\\/\",\"name\":\"FarmLink - Farm Scale syst\u00e8mes de pesage \u00e9lectroniques\",\"isPartOf\":{\"@id\":\"https:\\\/\\\/farmscale.it\\\/fr\\\/#website\"},\"datePublished\":\"2018-05-04T18:44:01+00:00\",\"breadcrumb\":{\"@id\":\"https:\\\/\\\/farmscale.it\\\/fr\\\/farmlink\\\/#breadcrumb\"},\"inLanguage\":\"fr-FR\",\"potentialAction\":[{\"@type\":\"ReadAction\",\"target\":[\"https:\\\/\\\/farmscale.it\\\/fr\\\/farmlink\\\/\"]}]},{\"@type\":\"BreadcrumbList\",\"@id\":\"https:\\\/\\\/farmscale.it\\\/fr\\\/farmlink\\\/#breadcrumb\",\"itemListElement\":[{\"@type\":\"ListItem\",\"position\":1,\"name\":\"Home\",\"item\":\"https:\\\/\\\/farmscale.it\\\/fr\\\/\"},{\"@type\":\"ListItem\",\"position\":2,\"name\":\"FarmLink\"}]},{\"@type\":\"WebSite\",\"@id\":\"https:\\\/\\\/farmscale.it\\\/fr\\\/#website\",\"url\":\"https:\\\/\\\/farmscale.it\\\/fr\\\/\",\"name\":\"Farm Scale syst\u00e8mes de pesage \u00e9lectroniques\",\"description\":\"Just another WordPress site\",\"potentialAction\":[{\"@type\":\"SearchAction\",\"target\":{\"@type\":\"EntryPoint\",\"urlTemplate\":\"https:\\\/\\\/farmscale.it\\\/fr\\\/?s={search_term_string}\"},\"query-input\":{\"@type\":\"PropertyValueSpecification\",\"valueRequired\":true,\"valueName\":\"search_term_string\"}}],\"inLanguage\":\"fr-FR\"}]}<\/script>\n<!-- \/ Yoast SEO plugin. -->","yoast_head_json":{"title":"FarmLink - Farm Scale syst\u00e8mes de pesage \u00e9lectroniques","robots":{"index":"index","follow":"follow","max-snippet":"max-snippet:-1","max-image-preview":"max-image-preview:large","max-video-preview":"max-video-preview:-1"},"canonical":"https:\/\/farmscale.it\/fr\/farmlink\/","og_locale":"fr_FR","og_type":"article","og_title":"FarmLink - Farm Scale syst\u00e8mes de pesage \u00e9lectroniques","og_url":"https:\/\/farmscale.it\/fr\/farmlink\/","og_site_name":"Farm Scale syst\u00e8mes de pesage \u00e9lectroniques","article_publisher":"https:\/\/www.facebook.com\/Perin-Weighmaster-1129543610407203","twitter_card":"summary_large_image","twitter_misc":{"Dur\u00e9e de lecture estim\u00e9e":"6 minutes"},"schema":{"@context":"https:\/\/schema.org","@graph":[{"@type":"WebPage","@id":"https:\/\/farmscale.it\/fr\/farmlink\/","url":"https:\/\/farmscale.it\/fr\/farmlink\/","name":"FarmLink - Farm Scale syst\u00e8mes de pesage \u00e9lectroniques","isPartOf":{"@id":"https:\/\/farmscale.it\/fr\/#website"},"datePublished":"2018-05-04T18:44:01+00:00","breadcrumb":{"@id":"https:\/\/farmscale.it\/fr\/farmlink\/#breadcrumb"},"inLanguage":"fr-FR","potentialAction":[{"@type":"ReadAction","target":["https:\/\/farmscale.it\/fr\/farmlink\/"]}]},{"@type":"BreadcrumbList","@id":"https:\/\/farmscale.it\/fr\/farmlink\/#breadcrumb","itemListElement":[{"@type":"ListItem","position":1,"name":"Home","item":"https:\/\/farmscale.it\/fr\/"},{"@type":"ListItem","position":2,"name":"FarmLink"}]},{"@type":"WebSite","@id":"https:\/\/farmscale.it\/fr\/#website","url":"https:\/\/farmscale.it\/fr\/","name":"Farm Scale syst\u00e8mes de pesage \u00e9lectroniques","description":"Just another WordPress site","potentialAction":[{"@type":"SearchAction","target":{"@type":"EntryPoint","urlTemplate":"https:\/\/farmscale.it\/fr\/?s={search_term_string}"},"query-input":{"@type":"PropertyValueSpecification","valueRequired":true,"valueName":"search_term_string"}}],"inLanguage":"fr-FR"}]}},"_links":{"self":[{"href":"https:\/\/farmscale.it\/fr\/wp-json\/wp\/v2\/pages\/4479","targetHints":{"allow":["GET"]}}],"collection":[{"href":"https:\/\/farmscale.it\/fr\/wp-json\/wp\/v2\/pages"}],"about":[{"href":"https:\/\/farmscale.it\/fr\/wp-json\/wp\/v2\/types\/page"}],"author":[{"embeddable":true,"href":"https:\/\/farmscale.it\/fr\/wp-json\/wp\/v2\/users\/1"}],"replies":[{"embeddable":true,"href":"https:\/\/farmscale.it\/fr\/wp-json\/wp\/v2\/comments?post=4479"}],"version-history":[{"count":0,"href":"https:\/\/farmscale.it\/fr\/wp-json\/wp\/v2\/pages\/4479\/revisions"}],"wp:attachment":[{"href":"https:\/\/farmscale.it\/fr\/wp-json\/wp\/v2\/media?parent=4479"}],"curies":[{"name":"wp","href":"https:\/\/api.w.org\/{rel}","templated":true}]}}