{"id":4720,"date":"2018-05-05T16:53:08","date_gmt":"2018-05-05T16:53:08","guid":{"rendered":"http:\/\/farmscale.it\/?page_id=4720"},"modified":"2018-05-05T16:53:08","modified_gmt":"2018-05-05T16:53:08","slug":"module-starbox","status":"publish","type":"page","link":"https:\/\/farmscale.it\/fr\/module-starbox\/","title":{"rendered":"Module Starbox"},"content":{"rendered":"<div id='av_section_1'  class='avia-section main_color avia-section-default avia-no-shadow  avia-bg-style-scroll  avia-builder-el-0  avia-builder-el-no-sibling   container_wrap sidebar_right' style=' '  ><div class='container' ><main  role=\"main\" itemprop=\"mainContentOfPage\"  class='template-page content  av-content-small alpha units'><div class='post-entry post-entry-type-page post-entry-4720'><div class='entry-content-wrapper clearfix'>\n<div   class='hr hr-default   avia-builder-el-1  el_before_av_one_half  avia-builder-el-first '><span class='hr-inner ' ><span class='hr-inner-style'><\/span><\/span><\/div>\n<div class=\"flex_column av_one_half  flex_column_div av-zero-column-padding first  avia-builder-el-2  el_after_av_hr  el_before_av_one_half  \" style='border-radius:0px; '><div   data-size='no scaling'  data-lightbox_size='large'  data-animation='fade'  data-conditional_play=''  data-ids='4713,4714,4715'  data-video_counter='0'  data-autoplay='true'  data-bg_slider='false'  data-slide_height=''  data-handle='av_slideshow'  data-interval='4'  data-class=' avia-builder-el-3  avia-builder-el-no-sibling  '  data-el_id=''  data-css_id=''  data-scroll_down=''  data-control_layout='av-control-minimal av-control-minimal-dark'  data-custom_markup=''  data-perma_caption=''  data-autoplay_stopper=''  data-image_attachment=''  data-min_height='0px'  data-lazy_loading='disabled'  class='avia-slideshow avia-slideshow-1  av-control-minimal av-control-minimal-dark av-default-height-applied avia-slideshow-no scaling av_slideshow  avia-builder-el-3  avia-builder-el-no-sibling   avia-fade-slider '  itemprop=\"image\" itemscope=\"itemscope\" itemtype=\"https:\/\/schema.org\/ImageObject\" ><ul class='avia-slideshow-inner ' style='padding-bottom: 100%;' ><li  class=' slide-1 ' ><a href='https:\/\/farmscale.it\/wp-content\/uploads\/2018\/05\/Modulo_Starbox2_1-1030x1030.jpg' data-rel='slideshow-1' class='avia-slide-wrap '   ><img class=\"wp-image-6684 avia-img-lazy-loading-not-6684\"  src='https:\/\/farmscale.it\/wp-content\/uploads\/2018\/05\/Modulo_Starbox2_1.jpg' width='1080' height='1080' title='Modulo_Starbox2_1' alt=''  itemprop=\"thumbnailUrl\"   \/><\/a><\/li><li  class=' slide-2 ' ><a href='https:\/\/farmscale.it\/wp-content\/uploads\/2018\/05\/Modulo_Starbox2_2-1030x1030.jpg' data-rel='slideshow-1' class='avia-slide-wrap '   ><img class=\"wp-image-6688 avia-img-lazy-loading-not-6688\"  src='https:\/\/farmscale.it\/wp-content\/uploads\/2018\/05\/Modulo_Starbox2_2.jpg' width='1080' height='1080' title='Modulo_Starbox2_2' alt=''  itemprop=\"thumbnailUrl\"   \/><\/a><\/li><li  class=' slide-3 ' ><a href='https:\/\/farmscale.it\/wp-content\/uploads\/2018\/05\/Modulo_Starbox2_3-1030x1030.jpg' data-rel='slideshow-1' class='avia-slide-wrap '   ><img class=\"wp-image-6692 avia-img-lazy-loading-not-6692\"  src='https:\/\/farmscale.it\/wp-content\/uploads\/2018\/05\/Modulo_Starbox2_3.jpg' width='1080' height='1080' title='Modulo_Starbox2_3' alt=''  itemprop=\"thumbnailUrl\"   \/><\/a><\/li><\/ul><div class='avia-slideshow-arrows avia-slideshow-controls'><a href='#prev' class='prev-slide' aria-hidden='true' data-av_icon='\ue87c' data-av_iconfont='entypo-fontello'>Pr\u00e9c\u00e9dent<\/a><a href='#next' class='next-slide' aria-hidden='true' data-av_icon='\ue87d' data-av_iconfont='entypo-fontello'>Suivant<\/a><\/div><div class='avia-slideshow-dots avia-slideshow-controls'><a href='#1' class='goto-slide active' >1<\/a><a href='#2' class='goto-slide ' >2<\/a><a href='#3' class='goto-slide ' >3<\/a><\/div><\/div><\/div><div class=\"flex_column av_one_half  flex_column_div av-zero-column-padding   avia-builder-el-4  el_after_av_one_half  el_before_av_hr  \" style='border-radius:0px; '><p><div  style='padding-bottom:15px; color:#000000;font-size:15px;' class='av-special-heading av-special-heading-h1 custom-color-heading blockquote modern-quote  avia-builder-el-5  el_before_av_textblock  avia-builder-el-first  av-inherit-size '><h1 class='av-special-heading-tag '  itemprop=\"headline\"  >Module Starbox<\/h1><div class='special-heading-border'><div class='special-heading-inner-border' style='border-color:#000000'><\/div><\/div><\/div><br \/>\n<section class=\"av_textblock_section \"  itemscope=\"itemscope\" itemtype=\"https:\/\/schema.org\/CreativeWork\" ><div class='avia_textblock  '   itemprop=\"text\" ><p>Le module StarBox avec 4 connecteurs est utilis\u00e9 pour la connexion de plusieurs p\u00e9riph\u00e9riques StarBus (imprimante, cartouche, r\u00e9p\u00e9titeurs de poids, fiches relais) \u00e0 l&rsquo;indicateur de poids.<\/p>\n<p>NB: si les \u00e9crans r\u00e9p\u00e9titeurs \u00e0 connecter sont 2 ou plus (ex. REM40 + REM57, REM40 + REM40, REM57 + REM57, r\u00e9p\u00e9titeur ALFA + r\u00e9p\u00e9titeur ALFA), il faut placer un adapteur en s\u00e9rie (code 826130) avant la connexion de chaque r\u00e9p\u00e9titeur successif au premier.<\/p>\n<\/div><\/section><\/p><\/div><div   class='hr hr-default   avia-builder-el-7  el_after_av_one_half  avia-builder-el-last '><span class='hr-inner ' ><span class='hr-inner-style'><\/span><\/span><\/div>\n<\/div><\/div><\/main><!-- close content main element --><\/div><\/div><div id='after_section_1'  class='main_color av_default_container_wrap container_wrap sidebar_right' style=' '  ><div class='container' ><div class='template-page content  av-content-small alpha units'><div class='post-entry post-entry-type-page post-entry-4720'><div class='entry-content-wrapper clearfix'>\n","protected":false},"excerpt":{"rendered":"","protected":false},"author":1,"featured_media":0,"parent":0,"menu_order":0,"comment_status":"open","ping_status":"closed","template":"","meta":{"footnotes":""},"class_list":["post-4720","page","type-page","status-publish","hentry"],"yoast_head":"<!-- This site is optimized with the Yoast SEO plugin v27.3 - https:\/\/yoast.com\/product\/yoast-seo-wordpress\/ -->\n<title>Module Starbox - Farm Scale syst\u00e8mes de pesage \u00e9lectroniques<\/title>\n<meta name=\"robots\" content=\"index, follow, max-snippet:-1, max-image-preview:large, max-video-preview:-1\" \/>\n<link rel=\"canonical\" href=\"https:\/\/farmscale.it\/fr\/module-starbox\/\" \/>\n<meta property=\"og:locale\" content=\"fr_FR\" \/>\n<meta property=\"og:type\" content=\"article\" \/>\n<meta property=\"og:title\" content=\"Module Starbox - Farm Scale syst\u00e8mes de pesage \u00e9lectroniques\" \/>\n<meta property=\"og:url\" content=\"https:\/\/farmscale.it\/fr\/module-starbox\/\" \/>\n<meta property=\"og:site_name\" content=\"Farm Scale syst\u00e8mes de pesage \u00e9lectroniques\" \/>\n<meta property=\"article:publisher\" content=\"https:\/\/www.facebook.com\/Perin-Weighmaster-1129543610407203\" \/>\n<meta name=\"twitter:card\" content=\"summary_large_image\" \/>\n<meta name=\"twitter:label1\" content=\"Dur\u00e9e de lecture estim\u00e9e\" \/>\n\t<meta name=\"twitter:data1\" content=\"3 minutes\" \/>\n<script type=\"application\/ld+json\" class=\"yoast-schema-graph\">{\"@context\":\"https:\\\/\\\/schema.org\",\"@graph\":[{\"@type\":\"WebPage\",\"@id\":\"https:\\\/\\\/farmscale.it\\\/fr\\\/module-starbox\\\/\",\"url\":\"https:\\\/\\\/farmscale.it\\\/fr\\\/module-starbox\\\/\",\"name\":\"Module Starbox - Farm Scale syst\u00e8mes de pesage \u00e9lectroniques\",\"isPartOf\":{\"@id\":\"https:\\\/\\\/farmscale.it\\\/fr\\\/#website\"},\"datePublished\":\"2018-05-05T16:53:08+00:00\",\"breadcrumb\":{\"@id\":\"https:\\\/\\\/farmscale.it\\\/fr\\\/module-starbox\\\/#breadcrumb\"},\"inLanguage\":\"fr-FR\",\"potentialAction\":[{\"@type\":\"ReadAction\",\"target\":[\"https:\\\/\\\/farmscale.it\\\/fr\\\/module-starbox\\\/\"]}]},{\"@type\":\"BreadcrumbList\",\"@id\":\"https:\\\/\\\/farmscale.it\\\/fr\\\/module-starbox\\\/#breadcrumb\",\"itemListElement\":[{\"@type\":\"ListItem\",\"position\":1,\"name\":\"Home\",\"item\":\"https:\\\/\\\/farmscale.it\\\/fr\\\/\"},{\"@type\":\"ListItem\",\"position\":2,\"name\":\"Module Starbox\"}]},{\"@type\":\"WebSite\",\"@id\":\"https:\\\/\\\/farmscale.it\\\/fr\\\/#website\",\"url\":\"https:\\\/\\\/farmscale.it\\\/fr\\\/\",\"name\":\"Farm Scale syst\u00e8mes de pesage \u00e9lectroniques\",\"description\":\"Just another WordPress site\",\"potentialAction\":[{\"@type\":\"SearchAction\",\"target\":{\"@type\":\"EntryPoint\",\"urlTemplate\":\"https:\\\/\\\/farmscale.it\\\/fr\\\/?s={search_term_string}\"},\"query-input\":{\"@type\":\"PropertyValueSpecification\",\"valueRequired\":true,\"valueName\":\"search_term_string\"}}],\"inLanguage\":\"fr-FR\"}]}<\/script>\n<!-- \/ Yoast SEO plugin. -->","yoast_head_json":{"title":"Module Starbox - Farm Scale syst\u00e8mes de pesage \u00e9lectroniques","robots":{"index":"index","follow":"follow","max-snippet":"max-snippet:-1","max-image-preview":"max-image-preview:large","max-video-preview":"max-video-preview:-1"},"canonical":"https:\/\/farmscale.it\/fr\/module-starbox\/","og_locale":"fr_FR","og_type":"article","og_title":"Module Starbox - Farm Scale syst\u00e8mes de pesage \u00e9lectroniques","og_url":"https:\/\/farmscale.it\/fr\/module-starbox\/","og_site_name":"Farm Scale syst\u00e8mes de pesage \u00e9lectroniques","article_publisher":"https:\/\/www.facebook.com\/Perin-Weighmaster-1129543610407203","twitter_card":"summary_large_image","twitter_misc":{"Dur\u00e9e de lecture estim\u00e9e":"3 minutes"},"schema":{"@context":"https:\/\/schema.org","@graph":[{"@type":"WebPage","@id":"https:\/\/farmscale.it\/fr\/module-starbox\/","url":"https:\/\/farmscale.it\/fr\/module-starbox\/","name":"Module Starbox - Farm Scale syst\u00e8mes de pesage \u00e9lectroniques","isPartOf":{"@id":"https:\/\/farmscale.it\/fr\/#website"},"datePublished":"2018-05-05T16:53:08+00:00","breadcrumb":{"@id":"https:\/\/farmscale.it\/fr\/module-starbox\/#breadcrumb"},"inLanguage":"fr-FR","potentialAction":[{"@type":"ReadAction","target":["https:\/\/farmscale.it\/fr\/module-starbox\/"]}]},{"@type":"BreadcrumbList","@id":"https:\/\/farmscale.it\/fr\/module-starbox\/#breadcrumb","itemListElement":[{"@type":"ListItem","position":1,"name":"Home","item":"https:\/\/farmscale.it\/fr\/"},{"@type":"ListItem","position":2,"name":"Module Starbox"}]},{"@type":"WebSite","@id":"https:\/\/farmscale.it\/fr\/#website","url":"https:\/\/farmscale.it\/fr\/","name":"Farm Scale syst\u00e8mes de pesage \u00e9lectroniques","description":"Just another WordPress site","potentialAction":[{"@type":"SearchAction","target":{"@type":"EntryPoint","urlTemplate":"https:\/\/farmscale.it\/fr\/?s={search_term_string}"},"query-input":{"@type":"PropertyValueSpecification","valueRequired":true,"valueName":"search_term_string"}}],"inLanguage":"fr-FR"}]}},"_links":{"self":[{"href":"https:\/\/farmscale.it\/fr\/wp-json\/wp\/v2\/pages\/4720","targetHints":{"allow":["GET"]}}],"collection":[{"href":"https:\/\/farmscale.it\/fr\/wp-json\/wp\/v2\/pages"}],"about":[{"href":"https:\/\/farmscale.it\/fr\/wp-json\/wp\/v2\/types\/page"}],"author":[{"embeddable":true,"href":"https:\/\/farmscale.it\/fr\/wp-json\/wp\/v2\/users\/1"}],"replies":[{"embeddable":true,"href":"https:\/\/farmscale.it\/fr\/wp-json\/wp\/v2\/comments?post=4720"}],"version-history":[{"count":0,"href":"https:\/\/farmscale.it\/fr\/wp-json\/wp\/v2\/pages\/4720\/revisions"}],"wp:attachment":[{"href":"https:\/\/farmscale.it\/fr\/wp-json\/wp\/v2\/media?parent=4720"}],"curies":[{"name":"wp","href":"https:\/\/api.w.org\/{rel}","templated":true}]}}