{"id":4980,"date":"2018-05-07T12:50:46","date_gmt":"2018-05-07T12:50:46","guid":{"rendered":"http:\/\/farmscale.it\/?page_id=4980"},"modified":"2020-10-23T19:38:14","modified_gmt":"2020-10-23T19:38:14","slug":"accessoires","status":"publish","type":"page","link":"https:\/\/farmscale.it\/fr\/accessoires\/","title":{"rendered":"Accessoires"},"content":{"rendered":"<div  style='padding-bottom:10px; font-size:25px;' class='av-special-heading av-special-heading-h3  blockquote modern-quote modern-centered  avia-builder-el-0  el_before_av_section  avia-builder-el-no-sibling  av-inherit-size '><h3 class='av-special-heading-tag '  itemprop=\"headline\"  >Accessoires<\/h3><div class='special-heading-border'><div class='special-heading-inner-border' ><\/div><\/div><\/div>\n<\/div><\/div><\/div><!-- close content main div --><\/div><\/div><div id='av_section_1'  class='avia-section main_color avia-section-default avia-no-shadow  avia-bg-style-scroll  avia-builder-el-1  el_after_av_heading  avia-builder-el-last   container_wrap sidebar_right' style=' '  ><div class='container' ><div class='template-page content  av-content-small alpha units'><div class='post-entry post-entry-type-page post-entry-4980'><div class='entry-content-wrapper clearfix'>\n<div class=\"flex_column av_one_third  flex_column_div first  avia-builder-el-2  el_before_av_one_third  avia-builder-el-first  \" style='border-width:1px; border-color:#898989; border-style:solid; padding:5px; border-radius:5px; '><p><div  style='padding-bottom:5px; font-size:22px;' class='av-special-heading av-special-heading-h3  blockquote modern-quote modern-centered  avia-builder-el-3  el_before_av_image  avia-builder-el-first  av-inherit-size '><h3 class='av-special-heading-tag '  itemprop=\"headline\"  >R\u00e9p\u00e9titeurs de poids<\/h3><div class='special-heading-border'><div class='special-heading-inner-border' ><\/div><\/div><\/div><br \/>\n<div  class='avia-image-container  av-styling- av-hover-grow noHover  av-overlay-on-hover   avia-builder-el-4  el_after_av_heading  avia-builder-el-last  avia-align-center '  itemprop=\"image\" itemscope=\"itemscope\" itemtype=\"https:\/\/schema.org\/ImageObject\"  ><div class='avia-image-container-inner'><div class='avia-image-overlay-wrap'><a href='https:\/\/farmscale.it\/ripetitori-di-peso\/' class='avia_image'  ><div class='av-image-caption-overlay'><div class='av-caption-image-overlay-bg' style='opacity:0.8; background-color:#0071e2; '><\/div><div class='av-image-caption-overlay-position'><div class='av-image-caption-overlay-center' style='color:#ffffff; font-size:16px; '><p>Nos r\u00e9p\u00e9titeurs de poids permettent une visibilit\u00e9 \u00e0 distance en conditions de lumi\u00e8re faible ou d&rsquo;illumination directe du soleil aussi.<\/p>\n<\/div><\/div><\/div><img class='wp-image-6404 avia-img-lazy-loading-not-6404 avia_image' src='https:\/\/farmscale.it\/wp-content\/uploads\/2018\/05\/57_LED_1-300x300.jpg' alt='' title='57_LED_1'  itemprop=\"thumbnailUrl\"  \/><\/a><\/div><\/div><\/div><\/p><\/div><div class=\"flex_column av_one_third  flex_column_div   avia-builder-el-5  el_after_av_one_third  el_before_av_one_third  \" style='border-width:1px; border-color:#898989; border-style:solid; padding:5px; border-radius:5px; '><p><div  style='padding-bottom:5px; font-size:22px;' class='av-special-heading av-special-heading-h3  blockquote modern-quote modern-centered  avia-builder-el-6  el_before_av_image  avia-builder-el-first  av-inherit-size '><h3 class='av-special-heading-tag '  itemprop=\"headline\"  >Radiocommande<\/h3><div class='special-heading-border'><div class='special-heading-inner-border' ><\/div><\/div><\/div><br \/>\n<div  class='avia-image-container  av-styling- av-hover-grow noHover  av-overlay-on-hover   avia-builder-el-7  el_after_av_heading  avia-builder-el-last  avia-align-center '  itemprop=\"image\" itemscope=\"itemscope\" itemtype=\"https:\/\/schema.org\/ImageObject\"  ><div class='avia-image-container-inner'><div class='avia-image-overlay-wrap'><a href='https:\/\/farmscale.it\/fr\/radiocommande\/' class='avia_image'  ><div class='av-image-caption-overlay'><div class='av-caption-image-overlay-bg' style='opacity:0.8; background-color:#0071e2; '><\/div><div class='av-image-caption-overlay-position'><div class='av-image-caption-overlay-center' style='color:#ffffff; font-size:16px; '><p>Disponible sur demande pour les indicateurs de poids \u00e9quip\u00e9s avec sortie Starbus. Elle permet de mettre \u00e0 z\u00e9ro la valeur visualis\u00e9e pour contr\u00f4ler facilement la quantit\u00e9 charg\u00e9e ou d\u00e9charg\u00e9e et rappeler le total.<\/p>\n<\/div><\/div><\/div><img class='wp-image-6592 avia-img-lazy-loading-not-6592 avia_image' src='https:\/\/farmscale.it\/wp-content\/uploads\/2018\/05\/Radiocomando_1-300x300.jpg' alt='' title='Radiocomando_1'  itemprop=\"thumbnailUrl\"  \/><\/a><\/div><\/div><\/div><\/p><\/div><div class=\"flex_column av_one_third  flex_column_div   avia-builder-el-8  el_after_av_one_third  el_before_av_one_third  \" style='border-width:1px; border-color:#898989; border-style:solid; padding:5px; border-radius:5px; '><p><div  style='padding-bottom:5px; font-size:22px;' class='av-special-heading av-special-heading-h3  blockquote modern-quote modern-centered  avia-builder-el-9  el_before_av_image  avia-builder-el-first  av-inherit-size '><h3 class='av-special-heading-tag '  itemprop=\"headline\"  >Alarme Acoustique<\/h3><div class='special-heading-border'><div class='special-heading-inner-border' ><\/div><\/div><\/div><br \/>\n<div  class='avia-image-container  av-styling- av-hover-grow noHover  av-overlay-on-hover   avia-builder-el-10  el_after_av_heading  avia-builder-el-last  avia-align-center '  itemprop=\"image\" itemscope=\"itemscope\" itemtype=\"https:\/\/schema.org\/ImageObject\"  ><div class='avia-image-container-inner'><div class='avia-image-overlay-wrap'><a href='https:\/\/farmscale.it\/fr\/alarme-acoustique-2\/' class='avia_image'  ><div class='av-image-caption-overlay'><div class='av-caption-image-overlay-bg' style='opacity:0.8; background-color:#0071e2; '><\/div><div class='av-image-caption-overlay-position'><div class='av-image-caption-overlay-center' style='color:#ffffff; font-size:16px; '><p>Applicable \u00e0 tous les indicateurs qui ont une sortie alarme.<br \/>\nTension 6-14 V courant continu<br \/>\nPression sonore 110 dB\/1 m<br \/>\nAlimentation 12 V\/750 mA<br \/>\nDimensions 58x58x61 mm<br \/>\nPoids 195 g<\/p>\n<\/div><\/div><\/div><img class='wp-image-6616 avia-img-lazy-loading-not-6616 avia_image' src='https:\/\/farmscale.it\/wp-content\/uploads\/2018\/05\/Allarme_Acustico2_1-300x300.jpg' alt='' title='Allarme_Acustico2_1'  itemprop=\"thumbnailUrl\"  \/><\/a><\/div><\/div><\/div><\/p><\/div><div class=\"flex_column av_one_third  flex_column_div first  avia-builder-el-11  el_after_av_one_third  el_before_av_one_third  column-top-margin\" style='border-width:1px; border-color:#898989; border-style:solid; padding:5px; border-radius:5px; '><p><div  style='padding-bottom:5px; font-size:22px;' class='av-special-heading av-special-heading-h3  blockquote modern-quote modern-centered  avia-builder-el-12  el_before_av_image  avia-builder-el-first  av-inherit-size '><h3 class='av-special-heading-tag '  itemprop=\"headline\"  >C\u00e2bles<\/h3><div class='special-heading-border'><div class='special-heading-inner-border' ><\/div><\/div><\/div><br \/>\n<div  class='avia-image-container  av-styling- av-hover-grow noHover  av-overlay-on-hover   avia-builder-el-13  el_after_av_heading  avia-builder-el-last  avia-align-center '  itemprop=\"image\" itemscope=\"itemscope\" itemtype=\"https:\/\/schema.org\/ImageObject\"  ><div class='avia-image-container-inner'><div class='avia-image-overlay-wrap'><a href='https:\/\/farmscale.it\/fr\/cables\/' class='avia_image'  ><div class='av-image-caption-overlay'><div class='av-caption-image-overlay-bg' style='opacity:0.8; background-color:#0071e2; '><\/div><div class='av-image-caption-overlay-position'><div class='av-image-caption-overlay-center' style='color:#ffffff; font-size:16px; '><p>Utilis\u00e9s pour le branchement de diff\u00e9rentes p\u00e9riph\u00e9riques.<br \/>\nDiff\u00e9rentes longueurs.<\/p>\n<\/div><\/div><\/div><img class='wp-image-6568 avia-img-lazy-loading-not-6568 avia_image' src='https:\/\/farmscale.it\/wp-content\/uploads\/2018\/05\/Cavi_2-300x300.jpg' alt='' title='Cavi_2'  itemprop=\"thumbnailUrl\"  \/><\/a><\/div><\/div><\/div><\/p><\/div><div class=\"flex_column av_one_third  flex_column_div   avia-builder-el-14  el_after_av_one_third  el_before_av_one_third  column-top-margin\" style='border-width:1px; border-color:#898989; border-style:solid; padding:5px; border-radius:5px; '><p><div  style='padding-bottom:5px; font-size:22px;' class='av-special-heading av-special-heading-h3  blockquote modern-quote modern-centered  avia-builder-el-15  el_before_av_image  avia-builder-el-first  av-inherit-size '><h3 class='av-special-heading-tag '  itemprop=\"headline\"  >Module Starbox<\/h3><div class='special-heading-border'><div class='special-heading-inner-border' ><\/div><\/div><\/div><br \/>\n<div  class='avia-image-container  av-styling- av-hover-grow noHover  av-overlay-on-hover   avia-builder-el-16  el_after_av_heading  avia-builder-el-last  avia-align-center '  itemprop=\"image\" itemscope=\"itemscope\" itemtype=\"https:\/\/schema.org\/ImageObject\"  ><div class='avia-image-container-inner'><div class='avia-image-overlay-wrap'><a href='https:\/\/farmscale.it\/fr\/module-starbox\/' class='avia_image'  ><div class='av-image-caption-overlay'><div class='av-caption-image-overlay-bg' style='opacity:0.8; background-color:#0071e2; '><\/div><div class='av-image-caption-overlay-position'><div class='av-image-caption-overlay-center' style='color:#ffffff; font-size:16px; '><p>Employ\u00e9 pour connecter plusieurs p\u00e9riph\u00e9riques StarBus<br \/>\nDimensions: L 193 x H 38 x P 30 mm<br \/>\nEntraxe fixation: 155 mm<br \/>\nPossibilit\u00e9 de le fixer sur support horizontal ou vertical<\/p>\n<\/div><\/div><\/div><img class='wp-image-6684 avia-img-lazy-loading-not-6684 avia_image' src='https:\/\/farmscale.it\/wp-content\/uploads\/2018\/05\/Modulo_Starbox2_1-300x300.jpg' alt='' title='Modulo_Starbox2_1'  itemprop=\"thumbnailUrl\"  \/><\/a><\/div><\/div><\/div><\/p><\/div><div class=\"flex_column av_one_third  flex_column_div   avia-builder-el-17  el_after_av_one_third  el_before_av_one_third  column-top-margin\" style='border-width:1px; border-color:#898989; border-style:solid; padding:5px; border-radius:5px; '><p><div  style='padding-bottom:5px; font-size:22px;' class='av-special-heading av-special-heading-h3  blockquote modern-quote modern-centered  avia-builder-el-18  el_before_av_image  avia-builder-el-first  av-inherit-size '><h3 class='av-special-heading-tag '  itemprop=\"headline\"  >Bo\u00eete Jonction Connecteurs<\/h3><div class='special-heading-border'><div class='special-heading-inner-border' ><\/div><\/div><\/div><br \/>\n<div  class='avia-image-container  av-styling- av-hover-grow noHover  av-overlay-on-hover   avia-builder-el-19  el_after_av_heading  avia-builder-el-last  avia-align-center '  itemprop=\"image\" itemscope=\"itemscope\" itemtype=\"https:\/\/schema.org\/ImageObject\"  ><div class='avia-image-container-inner'><div class='avia-image-overlay-wrap'><a href='https:\/\/farmscale.it\/fr\/boite-jonction-connecteurs\/' class='avia_image'  ><div class='av-image-caption-overlay'><div class='av-caption-image-overlay-bg' style='opacity:0.8; background-color:#0071e2; '><\/div><div class='av-image-caption-overlay-position'><div class='av-image-caption-overlay-center' style='color:#ffffff; font-size:16px; '><p>Employ\u00e9e pour connecter plusieurs capteurs de poids en parall\u00e8le.<\/p>\n<\/div><\/div><\/div><img class='wp-image-6660 avia-img-lazy-loading-not-6660 avia_image' src='https:\/\/farmscale.it\/wp-content\/uploads\/2018\/05\/Cassetta_Giunzione_Connettori_1-300x300.jpg' alt='' title='Cassetta_Giunzione_Connettori_1'  itemprop=\"thumbnailUrl\"  \/><\/a><\/div><\/div><\/div><\/p><\/div><div class=\"flex_column av_one_third  flex_column_div first  avia-builder-el-20  el_after_av_one_third  el_before_av_one_third  column-top-margin\" style='border-width:1px; border-color:#898989; border-style:solid; padding:5px; border-radius:5px; '><p><div  style='padding-bottom:5px; font-size:22px;' class='av-special-heading av-special-heading-h3  blockquote modern-quote modern-centered  avia-builder-el-21  el_before_av_image  avia-builder-el-first  av-inherit-size '><h3 class='av-special-heading-tag '  itemprop=\"headline\"  >Bo\u00eete de jonction 4 connecteurs circulaires<\/h3><div class='special-heading-border'><div class='special-heading-inner-border' ><\/div><\/div><\/div><br \/>\n<div  class='avia-image-container  av-styling- av-hover-grow noHover  av-overlay-on-hover   avia-builder-el-22  el_after_av_heading  avia-builder-el-last  avia-align-center '  itemprop=\"image\" itemscope=\"itemscope\" itemtype=\"https:\/\/schema.org\/ImageObject\"  ><div class='avia-image-container-inner'><div class='avia-image-overlay-wrap'><a href='https:\/\/farmscale.it\/fr\/boite-de-jonction-4-connecteurs-circulaires\/' class='avia_image'  ><div class='av-image-caption-overlay'><div class='av-caption-image-overlay-bg' style='opacity:0.8; background-color:#0071e2; '><\/div><div class='av-image-caption-overlay-position'><div class='av-image-caption-overlay-center' style='color:#ffffff; font-size:16px; '><p>Cette bo\u00eete est utilis\u00e9e pour la connection de plusieurs capteurs de poids en parall\u00e8le.<br \/>\nElle est \u00e9tanche et permet d&rsquo;\u00e9viter le c\u00e2blage manuel.<br \/>\nCe syst\u00e8me offre un grand avantage pour \u00e9ventuels travaux de contr\u00f4le de l&rsquo;appareil ou remplacement des capteurs.<\/p>\n<\/div><\/div><\/div><img class='wp-image-6672 avia-img-lazy-loading-not-6672 avia_image' src='https:\/\/farmscale.it\/wp-content\/uploads\/2018\/05\/cassetta-giunzione-4_1-300x300.jpg' alt='' title='cassetta-giunzione-4_1'  itemprop=\"thumbnailUrl\"  \/><\/a><\/div><\/div><\/div><\/p><\/div><div class=\"flex_column av_one_third  flex_column_div   avia-builder-el-23  el_after_av_one_third  el_before_av_hr  column-top-margin\" style='border-width:1px; border-color:#898989; border-style:solid; padding:5px; border-radius:5px; '><p><div  style='padding-bottom:5px; font-size:22px;' class='av-special-heading av-special-heading-h3  blockquote modern-quote modern-centered  avia-builder-el-24  el_before_av_image  avia-builder-el-first  av-inherit-size '><h3 class='av-special-heading-tag '  itemprop=\"headline\"  >Imprimante Printer PLUS<\/h3><div class='special-heading-border'><div class='special-heading-inner-border' ><\/div><\/div><\/div><br \/>\n<div  class='avia-image-container  av-styling- av-hover-grow noHover  av-overlay-on-hover   avia-builder-el-25  el_after_av_heading  avia-builder-el-last  avia-align-center '  itemprop=\"image\" itemscope=\"itemscope\" itemtype=\"https:\/\/schema.org\/ImageObject\"  ><div class='avia-image-container-inner'><div class='avia-image-overlay-wrap'><a href='https:\/\/farmscale.it\/fr\/imprimante-plus\/' class='avia_image'  ><div class='av-image-caption-overlay'><div class='av-caption-image-overlay-bg' style='opacity:0.8; background-color:#0071e2; '><\/div><div class='av-image-caption-overlay-position'><div class='av-image-caption-overlay-center' style='color:#ffffff; font-size:16px; '><p>Compacte et simple \u00e0 installer.<br \/>\nBo\u00eetier \u00e9tanche \u00e0 l&rsquo;eau avec serrure.<\/p>\n<\/div><\/div><\/div><img class='wp-image-6648 avia-img-lazy-loading-not-6648 avia_image' src='https:\/\/farmscale.it\/wp-content\/uploads\/2018\/05\/Stampante_PLUS_1-300x300.jpg' alt='' title='Stampante_PLUS_1'  itemprop=\"thumbnailUrl\"  \/><\/a><\/div><\/div><\/div><\/p><\/div><div  style='height:50px' class='hr hr-invisible   avia-builder-el-26  el_after_av_one_third  avia-builder-el-last '><span class='hr-inner ' ><span class='hr-inner-style'><\/span><\/span><\/div>\n<\/div><\/div><\/div><!-- close content main div --><\/div><\/div><div id='after_section_1'  class='main_color av_default_container_wrap container_wrap sidebar_right' style=' '  ><div class='container' ><div class='template-page content  av-content-small alpha units'><div class='post-entry post-entry-type-page post-entry-4980'><div class='entry-content-wrapper clearfix'>\n","protected":false},"excerpt":{"rendered":"","protected":false},"author":1,"featured_media":0,"parent":0,"menu_order":0,"comment_status":"open","ping_status":"closed","template":"","meta":{"footnotes":""},"class_list":["post-4980","page","type-page","status-publish","hentry"],"yoast_head":"<!-- This site is optimized with the Yoast SEO plugin v27.3 - https:\/\/yoast.com\/product\/yoast-seo-wordpress\/ -->\n<title>Accessoires - Farm Scale syst\u00e8mes de pesage \u00e9lectroniques<\/title>\n<meta name=\"robots\" content=\"index, follow, max-snippet:-1, max-image-preview:large, max-video-preview:-1\" \/>\n<link rel=\"canonical\" href=\"https:\/\/farmscale.it\/fr\/accessoires\/\" \/>\n<meta property=\"og:locale\" content=\"fr_FR\" \/>\n<meta property=\"og:type\" content=\"article\" \/>\n<meta property=\"og:title\" content=\"Accessoires - Farm Scale syst\u00e8mes de pesage \u00e9lectroniques\" \/>\n<meta property=\"og:url\" content=\"https:\/\/farmscale.it\/fr\/accessoires\/\" \/>\n<meta property=\"og:site_name\" content=\"Farm Scale syst\u00e8mes de pesage \u00e9lectroniques\" \/>\n<meta property=\"article:publisher\" content=\"https:\/\/www.facebook.com\/Perin-Weighmaster-1129543610407203\" \/>\n<meta property=\"article:modified_time\" content=\"2020-10-23T19:38:14+00:00\" \/>\n<meta name=\"twitter:card\" content=\"summary_large_image\" \/>\n<meta name=\"twitter:label1\" content=\"Dur\u00e9e de lecture estim\u00e9e\" \/>\n\t<meta name=\"twitter:data1\" content=\"11 minutes\" \/>\n<script type=\"application\/ld+json\" class=\"yoast-schema-graph\">{\"@context\":\"https:\\\/\\\/schema.org\",\"@graph\":[{\"@type\":\"WebPage\",\"@id\":\"https:\\\/\\\/farmscale.it\\\/fr\\\/accessoires\\\/\",\"url\":\"https:\\\/\\\/farmscale.it\\\/fr\\\/accessoires\\\/\",\"name\":\"Accessoires - Farm Scale syst\u00e8mes de pesage \u00e9lectroniques\",\"isPartOf\":{\"@id\":\"https:\\\/\\\/farmscale.it\\\/fr\\\/#website\"},\"datePublished\":\"2018-05-07T12:50:46+00:00\",\"dateModified\":\"2020-10-23T19:38:14+00:00\",\"breadcrumb\":{\"@id\":\"https:\\\/\\\/farmscale.it\\\/fr\\\/accessoires\\\/#breadcrumb\"},\"inLanguage\":\"fr-FR\",\"potentialAction\":[{\"@type\":\"ReadAction\",\"target\":[\"https:\\\/\\\/farmscale.it\\\/fr\\\/accessoires\\\/\"]}]},{\"@type\":\"BreadcrumbList\",\"@id\":\"https:\\\/\\\/farmscale.it\\\/fr\\\/accessoires\\\/#breadcrumb\",\"itemListElement\":[{\"@type\":\"ListItem\",\"position\":1,\"name\":\"Home\",\"item\":\"https:\\\/\\\/farmscale.it\\\/fr\\\/\"},{\"@type\":\"ListItem\",\"position\":2,\"name\":\"Accessoires\"}]},{\"@type\":\"WebSite\",\"@id\":\"https:\\\/\\\/farmscale.it\\\/fr\\\/#website\",\"url\":\"https:\\\/\\\/farmscale.it\\\/fr\\\/\",\"name\":\"Farm Scale syst\u00e8mes de pesage \u00e9lectroniques\",\"description\":\"Just another WordPress site\",\"potentialAction\":[{\"@type\":\"SearchAction\",\"target\":{\"@type\":\"EntryPoint\",\"urlTemplate\":\"https:\\\/\\\/farmscale.it\\\/fr\\\/?s={search_term_string}\"},\"query-input\":{\"@type\":\"PropertyValueSpecification\",\"valueRequired\":true,\"valueName\":\"search_term_string\"}}],\"inLanguage\":\"fr-FR\"}]}<\/script>\n<!-- \/ Yoast SEO plugin. -->","yoast_head_json":{"title":"Accessoires - Farm Scale syst\u00e8mes de pesage \u00e9lectroniques","robots":{"index":"index","follow":"follow","max-snippet":"max-snippet:-1","max-image-preview":"max-image-preview:large","max-video-preview":"max-video-preview:-1"},"canonical":"https:\/\/farmscale.it\/fr\/accessoires\/","og_locale":"fr_FR","og_type":"article","og_title":"Accessoires - Farm Scale syst\u00e8mes de pesage \u00e9lectroniques","og_url":"https:\/\/farmscale.it\/fr\/accessoires\/","og_site_name":"Farm Scale syst\u00e8mes de pesage \u00e9lectroniques","article_publisher":"https:\/\/www.facebook.com\/Perin-Weighmaster-1129543610407203","article_modified_time":"2020-10-23T19:38:14+00:00","twitter_card":"summary_large_image","twitter_misc":{"Dur\u00e9e de lecture estim\u00e9e":"11 minutes"},"schema":{"@context":"https:\/\/schema.org","@graph":[{"@type":"WebPage","@id":"https:\/\/farmscale.it\/fr\/accessoires\/","url":"https:\/\/farmscale.it\/fr\/accessoires\/","name":"Accessoires - Farm Scale syst\u00e8mes de pesage \u00e9lectroniques","isPartOf":{"@id":"https:\/\/farmscale.it\/fr\/#website"},"datePublished":"2018-05-07T12:50:46+00:00","dateModified":"2020-10-23T19:38:14+00:00","breadcrumb":{"@id":"https:\/\/farmscale.it\/fr\/accessoires\/#breadcrumb"},"inLanguage":"fr-FR","potentialAction":[{"@type":"ReadAction","target":["https:\/\/farmscale.it\/fr\/accessoires\/"]}]},{"@type":"BreadcrumbList","@id":"https:\/\/farmscale.it\/fr\/accessoires\/#breadcrumb","itemListElement":[{"@type":"ListItem","position":1,"name":"Home","item":"https:\/\/farmscale.it\/fr\/"},{"@type":"ListItem","position":2,"name":"Accessoires"}]},{"@type":"WebSite","@id":"https:\/\/farmscale.it\/fr\/#website","url":"https:\/\/farmscale.it\/fr\/","name":"Farm Scale syst\u00e8mes de pesage \u00e9lectroniques","description":"Just another WordPress site","potentialAction":[{"@type":"SearchAction","target":{"@type":"EntryPoint","urlTemplate":"https:\/\/farmscale.it\/fr\/?s={search_term_string}"},"query-input":{"@type":"PropertyValueSpecification","valueRequired":true,"valueName":"search_term_string"}}],"inLanguage":"fr-FR"}]}},"_links":{"self":[{"href":"https:\/\/farmscale.it\/fr\/wp-json\/wp\/v2\/pages\/4980","targetHints":{"allow":["GET"]}}],"collection":[{"href":"https:\/\/farmscale.it\/fr\/wp-json\/wp\/v2\/pages"}],"about":[{"href":"https:\/\/farmscale.it\/fr\/wp-json\/wp\/v2\/types\/page"}],"author":[{"embeddable":true,"href":"https:\/\/farmscale.it\/fr\/wp-json\/wp\/v2\/users\/1"}],"replies":[{"embeddable":true,"href":"https:\/\/farmscale.it\/fr\/wp-json\/wp\/v2\/comments?post=4980"}],"version-history":[{"count":0,"href":"https:\/\/farmscale.it\/fr\/wp-json\/wp\/v2\/pages\/4980\/revisions"}],"wp:attachment":[{"href":"https:\/\/farmscale.it\/fr\/wp-json\/wp\/v2\/media?parent=4980"}],"curies":[{"name":"wp","href":"https:\/\/api.w.org\/{rel}","templated":true}]}}