{"id":5084,"date":"2018-05-08T21:02:36","date_gmt":"2018-05-08T21:02:36","guid":{"rendered":"http:\/\/farmscale.it\/?page_id=5084"},"modified":"2020-10-26T14:42:11","modified_gmt":"2020-10-26T14:42:11","slug":"repetiteurs-de-poids","status":"publish","type":"page","link":"https:\/\/farmscale.it\/fr\/repetiteurs-de-poids\/","title":{"rendered":"R\u00e9p\u00e9titeurs de poids"},"content":{"rendered":"<div  style='padding-bottom:10px; font-size:25px;' class='av-special-heading av-special-heading-h3  blockquote modern-quote modern-centered  avia-builder-el-0  el_before_av_textblock  avia-builder-el-first  av-inherit-size '><h3 class='av-special-heading-tag '  itemprop=\"headline\"  >R\u00e9p\u00e9titeurs de poids<\/h3><div class='special-heading-border'><div class='special-heading-inner-border' ><\/div><\/div><\/div>\n<section class=\"av_textblock_section \"  itemscope=\"itemscope\" itemtype=\"https:\/\/schema.org\/CreativeWork\" ><div class='avia_textblock  '   itemprop=\"text\" ><p style=\"text-align: left;\"><span style=\"color: #000000;\">Nos r\u00e9p\u00e9titeurs de poids permettent une visibilit\u00e9 \u00e0 distance en conditions de lumi\u00e8re faible ou d&rsquo;illumination directe du soleil aussi.<\/span><\/p>\n<\/div><\/section>\n<\/div><\/div><\/div><!-- close content main div --><\/div><\/div><div id='av_section_1'  class='avia-section main_color avia-section-default avia-no-shadow  avia-bg-style-scroll  avia-builder-el-2  el_after_av_textblock  avia-builder-el-last   container_wrap sidebar_right' style=' '  ><div class='container' ><div class='template-page content  av-content-small alpha units'><div class='post-entry post-entry-type-page post-entry-5084'><div class='entry-content-wrapper clearfix'>\n<div class=\"flex_column av_one_third  flex_column_div first  avia-builder-el-3  el_before_av_one_third  avia-builder-el-first  \" style='border-width:1px; border-color:#898989; border-style:solid; padding:5px; border-radius:5px; '><p><div  style='padding-bottom:5px; font-size:22px;' class='av-special-heading av-special-heading-h3  blockquote modern-quote modern-centered  avia-builder-el-4  el_before_av_image  avia-builder-el-first  av-inherit-size '><h3 class='av-special-heading-tag '  itemprop=\"headline\"  >R\u00e9p\u00e9titeur REM54<\/h3><div class='special-heading-border'><div class='special-heading-inner-border' ><\/div><\/div><\/div><br \/>\n<div  class='avia-image-container  av-styling- av-hover-grow noHover  av-overlay-on-hover   avia-builder-el-5  el_after_av_heading  avia-builder-el-last  avia-align-center '  itemprop=\"image\" itemscope=\"itemscope\" itemtype=\"https:\/\/schema.org\/ImageObject\"  ><div class='avia-image-container-inner'><div class='avia-image-overlay-wrap'><a href='https:\/\/farmscale.it\/fr\/rem54\/' class='avia_image'  ><div class='av-image-caption-overlay'><div class='av-caption-image-overlay-bg' style='opacity:0.8; background-color:#0071e2; '><\/div><div class='av-image-caption-overlay-position'><div class='av-image-caption-overlay-center' style='color:#ffffff; font-size:16px; '><p>LCD REM\/54 num\u00e9rique<br \/>\nLCD avec 5 chiffres h 54 mm<br \/>\nL 215 x H 170 x P 90 mm<\/p>\n<\/div><\/div><\/div><img class='wp-image-7615 avia-img-lazy-loading-not-7615 avia_image' src='https:\/\/farmscale.it\/wp-content\/uploads\/2020\/10\/REM54-300x225.jpg' alt='' title='REM54'  itemprop=\"thumbnailUrl\"  \/><\/a><\/div><\/div><\/div><\/p><\/div><div class=\"flex_column av_one_third  flex_column_div   avia-builder-el-6  el_after_av_one_third  el_before_av_one_third  \" style='border-width:1px; border-color:#898989; border-style:solid; padding:5px; border-radius:5px; '><p><div  style='padding-bottom:5px; font-size:22px;' class='av-special-heading av-special-heading-h3  blockquote modern-quote modern-centered  avia-builder-el-7  el_before_av_image  avia-builder-el-first  av-inherit-size '><h3 class='av-special-heading-tag '  itemprop=\"headline\"  >R\u00e9p\u00e9titeur 1500R<\/h3><div class='special-heading-border'><div class='special-heading-inner-border' ><\/div><\/div><\/div><br \/>\n<div  class='avia-image-container  av-styling- av-hover-grow noHover  av-overlay-on-hover   avia-builder-el-8  el_after_av_heading  avia-builder-el-last  avia-align-center '  itemprop=\"image\" itemscope=\"itemscope\" itemtype=\"https:\/\/schema.org\/ImageObject\"  ><div class='avia-image-container-inner'><div class='avia-image-overlay-wrap'><a href='https:\/\/farmscale.it\/fr\/1500r\/' class='avia_image'  ><div class='av-image-caption-overlay'><div class='av-caption-image-overlay-bg' style='opacity:0.8; background-color:#0071e2; '><\/div><div class='av-image-caption-overlay-position'><div class='av-image-caption-overlay-center' style='color:#ffffff; font-size:16px; '><p>Associable aux indicateurs 1500 &#8211; 1510 &#8211; 1520 &#8211; 1530, il dialogue au moyen des touches fonction et des touches alphanum\u00e9riques.<br \/>\nIl est employ\u00e9 dans la cabine du tracteur ou sur machines t\u00e9lescopiques pour le chargement des composants.<\/p>\n<\/div><\/div><\/div><img class='wp-image-6400 avia-img-lazy-loading-not-6400 avia_image' src='https:\/\/farmscale.it\/wp-content\/uploads\/2018\/05\/Ripetitore-1500-R-298x300.jpg' alt='' title='Ripetitore-1500-R'  itemprop=\"thumbnailUrl\"  \/><\/a><\/div><\/div><\/div><\/p><\/div><div class=\"flex_column av_one_third  flex_column_div   avia-builder-el-9  el_after_av_one_third  el_before_av_one_third  \" style='border-width:1px; border-color:#898989; border-style:solid; padding:5px; border-radius:5px; '><p><div  style='padding-bottom:5px; font-size:22px;' class='av-special-heading av-special-heading-h3  blockquote modern-quote modern-centered  avia-builder-el-10  el_before_av_image  avia-builder-el-first  av-inherit-size '><h3 class='av-special-heading-tag '  itemprop=\"headline\"  >R\u00e9p\u00e9titeur 57mm Led<\/h3><div class='special-heading-border'><div class='special-heading-inner-border' ><\/div><\/div><\/div><br \/>\n<div  class='avia-image-container  av-styling- av-hover-grow noHover  av-overlay-on-hover   avia-builder-el-11  el_after_av_heading  avia-builder-el-last  avia-align-center '  itemprop=\"image\" itemscope=\"itemscope\" itemtype=\"https:\/\/schema.org\/ImageObject\"  ><div class='avia-image-container-inner'><div class='avia-image-overlay-wrap'><a href='https:\/\/farmscale.it\/fr\/57led\/' class='avia_image'  ><div class='av-image-caption-overlay'><div class='av-caption-image-overlay-bg' style='opacity:0.8; background-color:#0071e2; '><\/div><div class='av-image-caption-overlay-position'><div class='av-image-caption-overlay-center' style='color:#ffffff; font-size:16px; '><p>LED REM 57 num\u00e9rique<br \/>\nLED avec chiffres h 57 mm<br \/>\nL 315 x H 130 x P 105 mm<\/p>\n<p>Associable \u00e0 tous les indicateurs avec sortie Starbus (plusieurs longueurs) ou par radio<\/p>\n<\/div><\/div><\/div><img class='wp-image-6404 avia-img-lazy-loading-not-6404 avia_image' src='https:\/\/farmscale.it\/wp-content\/uploads\/2018\/05\/57_LED_1-300x300.jpg' alt='' title='57_LED_1'  itemprop=\"thumbnailUrl\"  \/><\/a><\/div><\/div><\/div><\/p><\/div><div class=\"flex_column av_one_third  flex_column_div first  avia-builder-el-12  el_after_av_one_third  el_before_av_hr  column-top-margin\" style='border-width:1px; border-color:#898989; border-style:solid; padding:5px; border-radius:5px; '><p><div  style='padding-bottom:5px; font-size:22px;' class='av-special-heading av-special-heading-h3  blockquote modern-quote modern-centered  avia-builder-el-13  el_before_av_image  avia-builder-el-first  av-inherit-size '><h3 class='av-special-heading-tag '  itemprop=\"headline\"  >R\u00e9p\u00e9titeur Alfa<\/h3><div class='special-heading-border'><div class='special-heading-inner-border' ><\/div><\/div><\/div><br \/>\n<div  class='avia-image-container  av-styling- av-hover-grow noHover  av-overlay-on-hover   avia-builder-el-14  el_after_av_heading  avia-builder-el-last  avia-align-center '  itemprop=\"image\" itemscope=\"itemscope\" itemtype=\"https:\/\/schema.org\/ImageObject\"  ><div class='avia-image-container-inner'><div class='avia-image-overlay-wrap'><a href='https:\/\/farmscale.it\/fr\/alfa\/' class='avia_image'  ><div class='av-image-caption-overlay'><div class='av-caption-image-overlay-bg' style='opacity:0.8; background-color:#0071e2; '><\/div><div class='av-image-caption-overlay-position'><div class='av-image-caption-overlay-center' style='color:#ffffff; font-size:16px; '><p>LED ALFA alphanum\u00e9rique<br \/>\nLED avec chiffres h 30 mm<br \/>\nL 315 x H 130 x P 105 mm<\/p>\n<p>Associable aux indicateurs 1500-1510-1520-1530 par moyen de c\u00e2ble Starbus (plusieurs longueurs) ou par radio<\/p>\n<\/div><\/div><\/div><img class='wp-image-6424 avia-img-lazy-loading-not-6424 avia_image' src='https:\/\/farmscale.it\/wp-content\/uploads\/2018\/05\/Alfa_1-300x300.jpg' alt='' title='Alfa_1'  itemprop=\"thumbnailUrl\"  \/><\/a><\/div><\/div><\/div><\/p><\/div><div  style='height:50px' class='hr hr-invisible   avia-builder-el-15  el_after_av_one_third  avia-builder-el-last '><span class='hr-inner ' ><span class='hr-inner-style'><\/span><\/span><\/div>\n<\/div><\/div><\/div><!-- close content main div --><\/div><\/div><div id='after_section_1'  class='main_color av_default_container_wrap container_wrap sidebar_right' style=' '  ><div class='container' ><div class='template-page content  av-content-small alpha units'><div class='post-entry post-entry-type-page post-entry-5084'><div class='entry-content-wrapper clearfix'>\n","protected":false},"excerpt":{"rendered":"","protected":false},"author":1,"featured_media":0,"parent":0,"menu_order":0,"comment_status":"open","ping_status":"closed","template":"","meta":{"footnotes":""},"class_list":["post-5084","page","type-page","status-publish","hentry"],"yoast_head":"<!-- This site is optimized with the Yoast SEO plugin v27.3 - https:\/\/yoast.com\/product\/yoast-seo-wordpress\/ -->\n<title>R\u00e9p\u00e9titeurs de poids - Farm Scale syst\u00e8mes de pesage \u00e9lectroniques<\/title>\n<meta name=\"robots\" content=\"index, follow, max-snippet:-1, max-image-preview:large, max-video-preview:-1\" \/>\n<link rel=\"canonical\" href=\"https:\/\/farmscale.it\/fr\/repetiteurs-de-poids\/\" \/>\n<meta property=\"og:locale\" content=\"fr_FR\" \/>\n<meta property=\"og:type\" content=\"article\" \/>\n<meta property=\"og:title\" content=\"R\u00e9p\u00e9titeurs de poids - Farm Scale syst\u00e8mes de pesage \u00e9lectroniques\" \/>\n<meta property=\"og:url\" content=\"https:\/\/farmscale.it\/fr\/repetiteurs-de-poids\/\" \/>\n<meta property=\"og:site_name\" content=\"Farm Scale syst\u00e8mes de pesage \u00e9lectroniques\" \/>\n<meta property=\"article:publisher\" content=\"https:\/\/www.facebook.com\/Perin-Weighmaster-1129543610407203\" \/>\n<meta property=\"article:modified_time\" content=\"2020-10-26T14:42:11+00:00\" \/>\n<meta name=\"twitter:card\" content=\"summary_large_image\" \/>\n<meta name=\"twitter:label1\" content=\"Dur\u00e9e de lecture estim\u00e9e\" \/>\n\t<meta name=\"twitter:data1\" content=\"7 minutes\" \/>\n<script type=\"application\/ld+json\" class=\"yoast-schema-graph\">{\"@context\":\"https:\\\/\\\/schema.org\",\"@graph\":[{\"@type\":\"WebPage\",\"@id\":\"https:\\\/\\\/farmscale.it\\\/fr\\\/repetiteurs-de-poids\\\/\",\"url\":\"https:\\\/\\\/farmscale.it\\\/fr\\\/repetiteurs-de-poids\\\/\",\"name\":\"R\u00e9p\u00e9titeurs de poids - Farm Scale syst\u00e8mes de pesage \u00e9lectroniques\",\"isPartOf\":{\"@id\":\"https:\\\/\\\/farmscale.it\\\/fr\\\/#website\"},\"datePublished\":\"2018-05-08T21:02:36+00:00\",\"dateModified\":\"2020-10-26T14:42:11+00:00\",\"breadcrumb\":{\"@id\":\"https:\\\/\\\/farmscale.it\\\/fr\\\/repetiteurs-de-poids\\\/#breadcrumb\"},\"inLanguage\":\"fr-FR\",\"potentialAction\":[{\"@type\":\"ReadAction\",\"target\":[\"https:\\\/\\\/farmscale.it\\\/fr\\\/repetiteurs-de-poids\\\/\"]}]},{\"@type\":\"BreadcrumbList\",\"@id\":\"https:\\\/\\\/farmscale.it\\\/fr\\\/repetiteurs-de-poids\\\/#breadcrumb\",\"itemListElement\":[{\"@type\":\"ListItem\",\"position\":1,\"name\":\"Home\",\"item\":\"https:\\\/\\\/farmscale.it\\\/fr\\\/\"},{\"@type\":\"ListItem\",\"position\":2,\"name\":\"R\u00e9p\u00e9titeurs de poids\"}]},{\"@type\":\"WebSite\",\"@id\":\"https:\\\/\\\/farmscale.it\\\/fr\\\/#website\",\"url\":\"https:\\\/\\\/farmscale.it\\\/fr\\\/\",\"name\":\"Farm Scale syst\u00e8mes de pesage \u00e9lectroniques\",\"description\":\"Just another WordPress site\",\"potentialAction\":[{\"@type\":\"SearchAction\",\"target\":{\"@type\":\"EntryPoint\",\"urlTemplate\":\"https:\\\/\\\/farmscale.it\\\/fr\\\/?s={search_term_string}\"},\"query-input\":{\"@type\":\"PropertyValueSpecification\",\"valueRequired\":true,\"valueName\":\"search_term_string\"}}],\"inLanguage\":\"fr-FR\"}]}<\/script>\n<!-- \/ Yoast SEO plugin. -->","yoast_head_json":{"title":"R\u00e9p\u00e9titeurs de poids - Farm Scale syst\u00e8mes de pesage \u00e9lectroniques","robots":{"index":"index","follow":"follow","max-snippet":"max-snippet:-1","max-image-preview":"max-image-preview:large","max-video-preview":"max-video-preview:-1"},"canonical":"https:\/\/farmscale.it\/fr\/repetiteurs-de-poids\/","og_locale":"fr_FR","og_type":"article","og_title":"R\u00e9p\u00e9titeurs de poids - Farm Scale syst\u00e8mes de pesage \u00e9lectroniques","og_url":"https:\/\/farmscale.it\/fr\/repetiteurs-de-poids\/","og_site_name":"Farm Scale syst\u00e8mes de pesage \u00e9lectroniques","article_publisher":"https:\/\/www.facebook.com\/Perin-Weighmaster-1129543610407203","article_modified_time":"2020-10-26T14:42:11+00:00","twitter_card":"summary_large_image","twitter_misc":{"Dur\u00e9e de lecture estim\u00e9e":"7 minutes"},"schema":{"@context":"https:\/\/schema.org","@graph":[{"@type":"WebPage","@id":"https:\/\/farmscale.it\/fr\/repetiteurs-de-poids\/","url":"https:\/\/farmscale.it\/fr\/repetiteurs-de-poids\/","name":"R\u00e9p\u00e9titeurs de poids - Farm Scale syst\u00e8mes de pesage \u00e9lectroniques","isPartOf":{"@id":"https:\/\/farmscale.it\/fr\/#website"},"datePublished":"2018-05-08T21:02:36+00:00","dateModified":"2020-10-26T14:42:11+00:00","breadcrumb":{"@id":"https:\/\/farmscale.it\/fr\/repetiteurs-de-poids\/#breadcrumb"},"inLanguage":"fr-FR","potentialAction":[{"@type":"ReadAction","target":["https:\/\/farmscale.it\/fr\/repetiteurs-de-poids\/"]}]},{"@type":"BreadcrumbList","@id":"https:\/\/farmscale.it\/fr\/repetiteurs-de-poids\/#breadcrumb","itemListElement":[{"@type":"ListItem","position":1,"name":"Home","item":"https:\/\/farmscale.it\/fr\/"},{"@type":"ListItem","position":2,"name":"R\u00e9p\u00e9titeurs de poids"}]},{"@type":"WebSite","@id":"https:\/\/farmscale.it\/fr\/#website","url":"https:\/\/farmscale.it\/fr\/","name":"Farm Scale syst\u00e8mes de pesage \u00e9lectroniques","description":"Just another WordPress site","potentialAction":[{"@type":"SearchAction","target":{"@type":"EntryPoint","urlTemplate":"https:\/\/farmscale.it\/fr\/?s={search_term_string}"},"query-input":{"@type":"PropertyValueSpecification","valueRequired":true,"valueName":"search_term_string"}}],"inLanguage":"fr-FR"}]}},"_links":{"self":[{"href":"https:\/\/farmscale.it\/fr\/wp-json\/wp\/v2\/pages\/5084","targetHints":{"allow":["GET"]}}],"collection":[{"href":"https:\/\/farmscale.it\/fr\/wp-json\/wp\/v2\/pages"}],"about":[{"href":"https:\/\/farmscale.it\/fr\/wp-json\/wp\/v2\/types\/page"}],"author":[{"embeddable":true,"href":"https:\/\/farmscale.it\/fr\/wp-json\/wp\/v2\/users\/1"}],"replies":[{"embeddable":true,"href":"https:\/\/farmscale.it\/fr\/wp-json\/wp\/v2\/comments?post=5084"}],"version-history":[{"count":0,"href":"https:\/\/farmscale.it\/fr\/wp-json\/wp\/v2\/pages\/5084\/revisions"}],"wp:attachment":[{"href":"https:\/\/farmscale.it\/fr\/wp-json\/wp\/v2\/media?parent=5084"}],"curies":[{"name":"wp","href":"https:\/\/api.w.org\/{rel}","templated":true}]}}